{"id":25846,"date":"2025-05-31T01:53:29","date_gmt":"2025-05-30T23:53:29","guid":{"rendered":"https:\/\/eterle.cz\/eshop\/produkt\/sapo-rosenthal-8\/"},"modified":"2026-02-22T23:16:15","modified_gmt":"2026-02-22T22:16:15","slug":"sapo-rosenthal-8","status":"publish","type":"product","link":"https:\/\/eterle.cz\/eshop\/produkt\/sapo-rosenthal-8\/","title":{"rendered":"\u0160ap\u00f3 \/ Rosenthal"},"content":{"rendered":"<p>\u0160ap\u00f3 z \u0159ady Lotus, navr\u017een\u00e9 d\u00e1nsk\u00fdm design\u00e9rem Bj\u00f8rnem Wiinbladem pro zna\u010dku Rosenthal. Jemn\u00fd geometrick\u00fd dekor inspirovan\u00fd tvarem lotosu a typick\u00e1 pastelov\u00e1 barevnost odr\u00e1\u017eej\u00ed Wiinblad\u016fv dekorativn\u00ed styl. Design s p\u0159\u00edb\u011bhem, kter\u00fd v sob\u011b spojuje n\u011bmeckou porcel\u00e1novou kvalitu a severskou hravost. Wiinblad, v\u00fdrazn\u00e1 osobnost skandin\u00e1vsk\u00e9ho designu, byl v roce 1985 jmenov\u00e1n Mu\u017eem roku v New Yorku a v roce 1995 ocen\u011bn kulturn\u00ed cenou Americko-skandin\u00e1vsk\u00e9 nadace.<\/p>\n<p>Stav: velmi dobr\u00fd<br \/>\nZna\u010dka: Rosenthal<br \/>\nRozm\u011br<br \/>\nPr\u016fm\u011br pod\u0161\u00e1lku: 15,5 cm<br \/>\nObjem hrne\u010dku: 100 ml<\/p>\n<p>&nbsp;<\/p>\n","protected":false},"excerpt":{"rendered":"<p>\u0160ap\u00f3 z \u0159ady Lotus, navr\u017een\u00e9 d\u00e1nsk\u00fdm design\u00e9rem Bj\u00f8rnem Wiinbladem pro zna\u010dku Rosenthal. Jemn\u00fd geometrick\u00fd dekor inspirovan\u00fd tvarem lotosu a typick\u00e1<\/p>\n","protected":false},"featured_media":25848,"template":"","meta":[],"product_brand":[],"product_cat":[76,120,101],"product_tag":[],"class_list":{"0":"post-25846","1":"product","2":"type-product","3":"status-publish","4":"has-post-thumbnail","6":"product_cat-porcelan","7":"product_cat-hrnecky","8":"product_cat-rosenthal","10":"first","11":"instock","12":"purchasable","13":"product-type-simple"},"_links":{"self":[{"href":"https:\/\/eterle.cz\/eshop\/wp-json\/wp\/v2\/product\/25846","targetHints":{"allow":["GET"]}}],"collection":[{"href":"https:\/\/eterle.cz\/eshop\/wp-json\/wp\/v2\/product"}],"about":[{"href":"https:\/\/eterle.cz\/eshop\/wp-json\/wp\/v2\/types\/product"}],"version-history":[{"count":2,"href":"https:\/\/eterle.cz\/eshop\/wp-json\/wp\/v2\/product\/25846\/revisions"}],"predecessor-version":[{"id":33596,"href":"https:\/\/eterle.cz\/eshop\/wp-json\/wp\/v2\/product\/25846\/revisions\/33596"}],"wp:featuredmedia":[{"embeddable":true,"href":"https:\/\/eterle.cz\/eshop\/wp-json\/wp\/v2\/media\/25848"}],"wp:attachment":[{"href":"https:\/\/eterle.cz\/eshop\/wp-json\/wp\/v2\/media?parent=25846"}],"wp:term":[{"taxonomy":"product_brand","embeddable":true,"href":"https:\/\/eterle.cz\/eshop\/wp-json\/wp\/v2\/product_brand?post=25846"},{"taxonomy":"product_cat","embeddable":true,"href":"https:\/\/eterle.cz\/eshop\/wp-json\/wp\/v2\/product_cat?post=25846"},{"taxonomy":"product_tag","embeddable":true,"href":"https:\/\/eterle.cz\/eshop\/wp-json\/wp\/v2\/product_tag?post=25846"}],"curies":[{"name":"wp","href":"https:\/\/api.w.org\/{rel}","templated":true}]}}