{"id":25852,"date":"2025-05-31T01:53:32","date_gmt":"2025-05-30T23:53:32","guid":{"rendered":"https:\/\/eterle.cz\/eshop\/produkt\/konvice-s-cukrenkou\/"},"modified":"2025-07-12T21:21:19","modified_gmt":"2025-07-12T19:21:19","slug":"konvice-s-cukrenkou","status":"publish","type":"product","link":"https:\/\/eterle.cz\/eshop\/produkt\/konvice-s-cukrenkou\/","title":{"rendered":"Konvice s cuk\u0159enkou"},"content":{"rendered":"<p>Romantick\u00e1 porcel\u00e1nov\u00e1 souprava s jemn\u011b malovan\u00fdmi kv\u011bty a bohat\u011b tvarovan\u00fdmi uchy p\u016fsob\u00ed jako vzpom\u00ednka na venkovsk\u00e9 \u010daje o p\u00e1t\u00e9. Plastick\u00fd reli\u00e9f, pastelov\u00e9 odst\u00edny a zlat\u00e9 linky dod\u00e1vaj\u00ed souprav\u011b slavnostn\u00ed n\u00e1dech, kter\u00fd vynikne nejen p\u0159i stolov\u00e1n\u00ed, ale i jako dekorativn\u00ed prvek ve vitr\u00edn\u011b \u010di na kredenci.<\/p>\n<p>Stav: Velmi dobr\u00fd<br \/>\n Rozm\u011br<br \/>\n Objem konvice: 1,5 l<br \/>\n V\u00fd\u0161ka cuk\u0159enky: 12 cm<\/p>\n<p>&nbsp;<\/p>\n","protected":false},"excerpt":{"rendered":"<p>Romantick\u00e1 porcel\u00e1nov\u00e1 souprava s jemn\u011b malovan\u00fdmi kv\u011bty a bohat\u011b tvarovan\u00fdmi uchy p\u016fsob\u00ed jako vzpom\u00ednka na venkovsk\u00e9 \u010daje o p\u00e1t\u00e9. Plastick\u00fd<\/p>\n","protected":false},"featured_media":25854,"template":"","meta":[],"product_brand":[],"product_cat":[76,107],"product_tag":[],"class_list":{"0":"post-25852","1":"product","2":"type-product","3":"status-publish","4":"has-post-thumbnail","6":"product_cat-porcelan","7":"product_cat-konvicky","9":"first","10":"instock","11":"purchasable","12":"product-type-simple"},"_links":{"self":[{"href":"https:\/\/eterle.cz\/eshop\/wp-json\/wp\/v2\/product\/25852","targetHints":{"allow":["GET"]}}],"collection":[{"href":"https:\/\/eterle.cz\/eshop\/wp-json\/wp\/v2\/product"}],"about":[{"href":"https:\/\/eterle.cz\/eshop\/wp-json\/wp\/v2\/types\/product"}],"version-history":[{"count":1,"href":"https:\/\/eterle.cz\/eshop\/wp-json\/wp\/v2\/product\/25852\/revisions"}],"predecessor-version":[{"id":25853,"href":"https:\/\/eterle.cz\/eshop\/wp-json\/wp\/v2\/product\/25852\/revisions\/25853"}],"wp:featuredmedia":[{"embeddable":true,"href":"https:\/\/eterle.cz\/eshop\/wp-json\/wp\/v2\/media\/25854"}],"wp:attachment":[{"href":"https:\/\/eterle.cz\/eshop\/wp-json\/wp\/v2\/media?parent=25852"}],"wp:term":[{"taxonomy":"product_brand","embeddable":true,"href":"https:\/\/eterle.cz\/eshop\/wp-json\/wp\/v2\/product_brand?post=25852"},{"taxonomy":"product_cat","embeddable":true,"href":"https:\/\/eterle.cz\/eshop\/wp-json\/wp\/v2\/product_cat?post=25852"},{"taxonomy":"product_tag","embeddable":true,"href":"https:\/\/eterle.cz\/eshop\/wp-json\/wp\/v2\/product_tag?post=25852"}],"curies":[{"name":"wp","href":"https:\/\/api.w.org\/{rel}","templated":true}]}}