{"id":25862,"date":"2025-05-31T01:53:37","date_gmt":"2025-05-30T23:53:37","guid":{"rendered":"https:\/\/eterle.cz\/eshop\/produkt\/smetanova-sada-pro-4-villeroy-boch\/"},"modified":"2025-07-12T21:21:19","modified_gmt":"2025-07-12T19:21:19","slug":"smetanova-sada-pro-4-villeroy-boch","status":"publish","type":"product","link":"https:\/\/eterle.cz\/eshop\/produkt\/smetanova-sada-pro-4-villeroy-boch\/","title":{"rendered":"Smetanov\u00e1 sada pro 4 \/ Villeroy Boch"},"content":{"rendered":"<p>Jemn\u00e1 kostn\u00ed porcel\u00e1nov\u00e1 sada s elegantn\u00edm geometrick\u00fdm dekorem vznikla ve spolupr\u00e1ci zna\u010dky Villeroy &#038; Boch a design\u00e9rkou Palomou Picasso. Vznikla tak unik\u00e1tn\u00ed kolekce Park Avenue. Dcera slavn\u00e9ho mal\u00ed\u0159e p\u0159enesla do n\u00e1vrhu svou typickou estetiku \u2013 decentn\u00ed, ale v\u00fdrazn\u00fd styl, kter\u00fd kombinuje \u017eenskou eleganci s n\u00e1dechem newyorsk\u00e9ho luxusu 90. let. Stylov\u00fd servis pro chv\u00edle, kdy chcete stolovat s noblesou.<\/p>\n<p> Sada obsahuje: cuk\u0159enku, ml\u00e9kovku, 4x hrne\u010dek s pod\u0161\u00e1lkem, 4x dezertn\u00ed tal\u00ed\u0159ek<\/p>\n<p>Stav: nov\u00e1<br \/>\n Zna\u010dka: Villeroy Boch &#8211; Paloma Picasso<br \/>\n Rozm\u011br<br \/>\n Pr\u016fm\u011br pod\u0161\u00e1lku: 15 cm<br \/>\n Pr\u016fm\u011br dezertn\u00edho tal\u00ed\u0159ku: 21,5 cm<br \/>\n Objem ml\u00e9kovky: 150 ml<br \/>\n Objem hrne\u010dku: 100 ml<br \/>\n V\u00fd\u0161ka cuk\u0159enky: 9 cm<\/p>\n<p>&nbsp;<\/p>\n","protected":false},"excerpt":{"rendered":"<p>Jemn\u00e1 kostn\u00ed porcel\u00e1nov\u00e1 sada s elegantn\u00edm geometrick\u00fdm dekorem vznikla ve spolupr\u00e1ci zna\u010dky Villeroy &#038; Boch a design\u00e9rkou Palomou Picasso. Vznikla<\/p>\n","protected":false},"featured_media":25864,"template":"","meta":[],"product_brand":[],"product_cat":[76,111],"product_tag":[],"class_list":{"0":"post-25862","1":"product","2":"type-product","3":"status-publish","4":"has-post-thumbnail","6":"product_cat-porcelan","7":"product_cat-porcelanove-sady","9":"first","10":"instock","11":"purchasable","12":"product-type-simple"},"_links":{"self":[{"href":"https:\/\/eterle.cz\/eshop\/wp-json\/wp\/v2\/product\/25862","targetHints":{"allow":["GET"]}}],"collection":[{"href":"https:\/\/eterle.cz\/eshop\/wp-json\/wp\/v2\/product"}],"about":[{"href":"https:\/\/eterle.cz\/eshop\/wp-json\/wp\/v2\/types\/product"}],"version-history":[{"count":1,"href":"https:\/\/eterle.cz\/eshop\/wp-json\/wp\/v2\/product\/25862\/revisions"}],"predecessor-version":[{"id":25863,"href":"https:\/\/eterle.cz\/eshop\/wp-json\/wp\/v2\/product\/25862\/revisions\/25863"}],"wp:featuredmedia":[{"embeddable":true,"href":"https:\/\/eterle.cz\/eshop\/wp-json\/wp\/v2\/media\/25864"}],"wp:attachment":[{"href":"https:\/\/eterle.cz\/eshop\/wp-json\/wp\/v2\/media?parent=25862"}],"wp:term":[{"taxonomy":"product_brand","embeddable":true,"href":"https:\/\/eterle.cz\/eshop\/wp-json\/wp\/v2\/product_brand?post=25862"},{"taxonomy":"product_cat","embeddable":true,"href":"https:\/\/eterle.cz\/eshop\/wp-json\/wp\/v2\/product_cat?post=25862"},{"taxonomy":"product_tag","embeddable":true,"href":"https:\/\/eterle.cz\/eshop\/wp-json\/wp\/v2\/product_tag?post=25862"}],"curies":[{"name":"wp","href":"https:\/\/api.w.org\/{rel}","templated":true}]}}