{"id":25887,"date":"2025-05-31T01:53:52","date_gmt":"2025-05-30T23:53:52","guid":{"rendered":"https:\/\/eterle.cz\/eshop\/produkt\/kavova-sada-pro-6-rosenthal\/"},"modified":"2025-10-18T22:22:34","modified_gmt":"2025-10-18T20:22:34","slug":"kavova-sada-pro-6-rosenthal","status":"publish","type":"product","link":"https:\/\/eterle.cz\/eshop\/produkt\/kavova-sada-pro-6-rosenthal\/","title":{"rendered":"K\u00e1vov\u00e1 sada pro 6 \/ Rosenthal"},"content":{"rendered":"<p>\u010cernob\u00edl\u00e1 k\u00e1vov\u00e1 souprava z kolekce Form 2000, navr\u017een\u00e1 legend\u00e1rn\u00edm pr\u016fmyslov\u00fdm design\u00e9rem Raymondem Loewym pro zna\u010dku Rosenthal, v sob\u011b nese esenci modernistick\u00e9 elegance 50. let.<\/p>\n<p>Ku\u017eelovit\u00e9 \u0161\u00e1lky, \u0161t\u00edhl\u00e1 konvice i subtiln\u00ed dekory nesou Loewyho rukopis \u2013 stejn\u00fd, jak\u00fd vtiskl nap\u0159\u00edklad lokomotiv\u00e1m, Air Force One nebo bal\u00ed\u010dk\u016fm cigaret Lucky Strike. V porcel\u00e1nu zhmotnil svou vizi budoucnosti: jednoduchost, funk\u010dnost a nad\u010dasov\u00fd \u0161arm. Futuristick\u00e9 linie, kter\u00e9 jako by se zrodily v dob\u011b kosmick\u00e9ho optimismu \u2013 a p\u0159itom dokonale zapadaj\u00ed i do sou\u010dasn\u00e9ho interi\u00e9ru. Kultovn\u00ed design pro milovn\u00edky \u010dist\u00fdch forem a klasiky, kter\u00e1 nest\u00e1rne.<\/p>\n<p>Stav: dobr\u00fd, pouze linka na tal\u00ed\u0159k\u00e1ch je u\u017e m\u00edsty set\u0159en\u00e1; n\u011bkter\u00e9 hrne\u010dky miniaturn\u00ed kaz v glazu\u0159e.<br \/>\nZna\u010dka: Rosenthal<br \/>\nRozm\u011br<br \/>\nPr\u016fm\u011br t\u00e1cu: 33 cm<br \/>\nPr\u016fm\u011br pod\u0161\u00e1lku: 14,5 cm<br \/>\nPr\u016fm\u011br dezertn\u00edho tal\u00ed\u0159ku: 19 cm<br \/>\nV\u00fd\u0161ka cuk\u0159enky: 8 cm<br \/>\nObjem hrne\u010dku: 100 ml<br \/>\nObjem ml\u00e9kovky: 100 ml<br \/>\nObjem konvice: 1 l<\/p>\n<p>&nbsp;<\/p>\n","protected":false},"excerpt":{"rendered":"<p>\u010cernob\u00edl\u00e1 k\u00e1vov\u00e1 souprava z kolekce Form 2000, navr\u017een\u00e1 legend\u00e1rn\u00edm pr\u016fmyslov\u00fdm design\u00e9rem Raymondem Loewym pro zna\u010dku Rosenthal, v sob\u011b nese esenci<\/p>\n","protected":false},"featured_media":25889,"template":"","meta":[],"product_brand":[],"product_cat":[76,111,101],"product_tag":[],"class_list":{"0":"post-25887","1":"product","2":"type-product","3":"status-publish","4":"has-post-thumbnail","6":"product_cat-porcelan","7":"product_cat-porcelanove-sady","8":"product_cat-rosenthal","10":"first","11":"instock","12":"purchasable","13":"product-type-simple"},"_links":{"self":[{"href":"https:\/\/eterle.cz\/eshop\/wp-json\/wp\/v2\/product\/25887","targetHints":{"allow":["GET"]}}],"collection":[{"href":"https:\/\/eterle.cz\/eshop\/wp-json\/wp\/v2\/product"}],"about":[{"href":"https:\/\/eterle.cz\/eshop\/wp-json\/wp\/v2\/types\/product"}],"version-history":[{"count":2,"href":"https:\/\/eterle.cz\/eshop\/wp-json\/wp\/v2\/product\/25887\/revisions"}],"predecessor-version":[{"id":29666,"href":"https:\/\/eterle.cz\/eshop\/wp-json\/wp\/v2\/product\/25887\/revisions\/29666"}],"wp:featuredmedia":[{"embeddable":true,"href":"https:\/\/eterle.cz\/eshop\/wp-json\/wp\/v2\/media\/25889"}],"wp:attachment":[{"href":"https:\/\/eterle.cz\/eshop\/wp-json\/wp\/v2\/media?parent=25887"}],"wp:term":[{"taxonomy":"product_brand","embeddable":true,"href":"https:\/\/eterle.cz\/eshop\/wp-json\/wp\/v2\/product_brand?post=25887"},{"taxonomy":"product_cat","embeddable":true,"href":"https:\/\/eterle.cz\/eshop\/wp-json\/wp\/v2\/product_cat?post=25887"},{"taxonomy":"product_tag","embeddable":true,"href":"https:\/\/eterle.cz\/eshop\/wp-json\/wp\/v2\/product_tag?post=25887"}],"curies":[{"name":"wp","href":"https:\/\/api.w.org\/{rel}","templated":true}]}}