{"id":25913,"date":"2025-05-31T01:54:07","date_gmt":"2025-05-30T23:54:07","guid":{"rendered":"https:\/\/eterle.cz\/eshop\/produkt\/lita-karafa-2\/"},"modified":"2025-07-12T21:21:18","modified_gmt":"2025-07-12T19:21:18","slug":"lita-karafa-2","status":"publish","type":"product","link":"https:\/\/eterle.cz\/eshop\/produkt\/lita-karafa-2\/","title":{"rendered":"Lit\u00e1 karafa"},"content":{"rendered":"<p>T\u011b\u017ek\u00e1 lit\u00e1 karafa z \u010dir\u00e9ho skla s v\u00fdraznou optikou a sklen\u011bnou z\u00e1tkou ve tvaru hv\u011bzdy. Robusn\u00ed proveden\u00ed a plastick\u00e9 rytiny j\u00ed prop\u016fj\u010duj\u00ed dojem noblesn\u00edho kusu ze star\u00e9ho dom\u00e1c\u00edho baru. P\u016fsobiv\u00e9 lomy sv\u011btla podtrhuj\u00ed jej\u00ed dekorativn\u00ed charakter \u2013 a\u0165 u\u017e je pln\u00e1 nebo pr\u00e1zdn\u00e1. Vhodn\u00e1 na whisky, ko\u0148ak \u010di jako solit\u00e9r na kredenc nebo barov\u00fd stolek.<\/p>\n<p>Stav: velmi dobr\u00fd<br \/>\n Rozm\u011br<br \/>\n Objem: 800 ml<br \/>\n V\u00fd\u0161ka: 25,5 cm<\/p>\n<p>&nbsp;<\/p>\n","protected":false},"excerpt":{"rendered":"<p>T\u011b\u017ek\u00e1 lit\u00e1 karafa z \u010dir\u00e9ho skla s v\u00fdraznou optikou a sklen\u011bnou z\u00e1tkou ve tvaru hv\u011bzdy. Robusn\u00ed proveden\u00ed a plastick\u00e9 rytiny<\/p>\n","protected":false},"featured_media":25915,"template":"","meta":[],"product_brand":[],"product_cat":[75,132],"product_tag":[],"class_list":{"0":"post-25913","1":"product","2":"type-product","3":"status-publish","4":"has-post-thumbnail","6":"product_cat-sklo","7":"product_cat-karafy","9":"first","10":"instock","11":"purchasable","12":"product-type-simple"},"_links":{"self":[{"href":"https:\/\/eterle.cz\/eshop\/wp-json\/wp\/v2\/product\/25913","targetHints":{"allow":["GET"]}}],"collection":[{"href":"https:\/\/eterle.cz\/eshop\/wp-json\/wp\/v2\/product"}],"about":[{"href":"https:\/\/eterle.cz\/eshop\/wp-json\/wp\/v2\/types\/product"}],"version-history":[{"count":1,"href":"https:\/\/eterle.cz\/eshop\/wp-json\/wp\/v2\/product\/25913\/revisions"}],"predecessor-version":[{"id":25914,"href":"https:\/\/eterle.cz\/eshop\/wp-json\/wp\/v2\/product\/25913\/revisions\/25914"}],"wp:featuredmedia":[{"embeddable":true,"href":"https:\/\/eterle.cz\/eshop\/wp-json\/wp\/v2\/media\/25915"}],"wp:attachment":[{"href":"https:\/\/eterle.cz\/eshop\/wp-json\/wp\/v2\/media?parent=25913"}],"wp:term":[{"taxonomy":"product_brand","embeddable":true,"href":"https:\/\/eterle.cz\/eshop\/wp-json\/wp\/v2\/product_brand?post=25913"},{"taxonomy":"product_cat","embeddable":true,"href":"https:\/\/eterle.cz\/eshop\/wp-json\/wp\/v2\/product_cat?post=25913"},{"taxonomy":"product_tag","embeddable":true,"href":"https:\/\/eterle.cz\/eshop\/wp-json\/wp\/v2\/product_tag?post=25913"}],"curies":[{"name":"wp","href":"https:\/\/api.w.org\/{rel}","templated":true}]}}