{"id":25922,"date":"2025-05-31T01:54:13","date_gmt":"2025-05-30T23:54:13","guid":{"rendered":"https:\/\/eterle.cz\/eshop\/produkt\/sada-2-poharu-rosenthal\/"},"modified":"2025-07-12T21:21:17","modified_gmt":"2025-07-12T19:21:17","slug":"sada-2-poharu-rosenthal","status":"publish","type":"product","link":"https:\/\/eterle.cz\/eshop\/produkt\/sada-2-poharu-rosenthal\/","title":{"rendered":"Sada 2 poh\u00e1r\u016f \/ Rosenthal"},"content":{"rendered":"<p>Dvojice elegantn\u00edch misek na dezerty od zna\u010dky Rosenthal, kter\u00e1 je synonymem pro kvalitu a nad\u010dasov\u00fd design. \u010cir\u00e9 sklo s v\u00fdraznou, opticky tvarovanou stopkou p\u016fsob\u00ed lehce a z\u00e1rove\u0148 stabiln\u011b. Vhodn\u00e9 na zmrzlinu, ovoce i sladk\u00e9 improvizace v\u0161edn\u00edch dn\u00ed \u2013 sta\u010d\u00ed naplnit a nechat vyniknout jednoduchou kr\u00e1su serv\u00edrov\u00e1n\u00ed.<\/p>\n<p>Stav: nov\u00e9<br \/>\n Zna\u010dka: Rosenthal<br \/>\n Rozm\u011br<br \/>\n V\u00fd\u0161ka: 10 cm<br \/>\n Pr\u016fm\u011br: 11 cm<br \/>\n Objem: 150 ml<\/p>\n<p>&nbsp;<\/p>\n","protected":false},"excerpt":{"rendered":"<p>Dvojice elegantn\u00edch misek na dezerty od zna\u010dky Rosenthal, kter\u00e1 je synonymem pro kvalitu a nad\u010dasov\u00fd design. \u010cir\u00e9 sklo s v\u00fdraznou,<\/p>\n","protected":false},"featured_media":25924,"template":"","meta":[],"product_brand":[],"product_cat":[75,134],"product_tag":[],"class_list":{"0":"post-25922","1":"product","2":"type-product","3":"status-publish","4":"has-post-thumbnail","6":"product_cat-sklo","7":"product_cat-sklenice","9":"first","10":"instock","11":"purchasable","12":"product-type-simple"},"_links":{"self":[{"href":"https:\/\/eterle.cz\/eshop\/wp-json\/wp\/v2\/product\/25922","targetHints":{"allow":["GET"]}}],"collection":[{"href":"https:\/\/eterle.cz\/eshop\/wp-json\/wp\/v2\/product"}],"about":[{"href":"https:\/\/eterle.cz\/eshop\/wp-json\/wp\/v2\/types\/product"}],"version-history":[{"count":1,"href":"https:\/\/eterle.cz\/eshop\/wp-json\/wp\/v2\/product\/25922\/revisions"}],"predecessor-version":[{"id":25923,"href":"https:\/\/eterle.cz\/eshop\/wp-json\/wp\/v2\/product\/25922\/revisions\/25923"}],"wp:featuredmedia":[{"embeddable":true,"href":"https:\/\/eterle.cz\/eshop\/wp-json\/wp\/v2\/media\/25924"}],"wp:attachment":[{"href":"https:\/\/eterle.cz\/eshop\/wp-json\/wp\/v2\/media?parent=25922"}],"wp:term":[{"taxonomy":"product_brand","embeddable":true,"href":"https:\/\/eterle.cz\/eshop\/wp-json\/wp\/v2\/product_brand?post=25922"},{"taxonomy":"product_cat","embeddable":true,"href":"https:\/\/eterle.cz\/eshop\/wp-json\/wp\/v2\/product_cat?post=25922"},{"taxonomy":"product_tag","embeddable":true,"href":"https:\/\/eterle.cz\/eshop\/wp-json\/wp\/v2\/product_tag?post=25922"}],"curies":[{"name":"wp","href":"https:\/\/api.w.org\/{rel}","templated":true}]}}