{"id":25927,"date":"2025-05-31T01:54:16","date_gmt":"2025-05-30T23:54:16","guid":{"rendered":"https:\/\/eterle.cz\/eshop\/produkt\/sada-6-sklenic-na-vodu-4\/"},"modified":"2025-07-16T00:04:33","modified_gmt":"2025-07-15T22:04:33","slug":"sada-6-sklenic-na-vodu-4","status":"publish","type":"product","link":"https:\/\/eterle.cz\/eshop\/produkt\/sada-6-sklenic-na-vodu-4\/","title":{"rendered":"Sada 6 sklenic na vodu"},"content":{"rendered":"<p>Sada \u0161esti sklenic na vodu s jemn\u00fdm vertik\u00e1ln\u00edm r\u00fdhov\u00e1n\u00edm, kter\u00e9 se v odlesc\u00edch sv\u011btla prom\u011b\u0148uje ve hru st\u00edn\u016f a lini\u00ed. Nad\u010dasov\u00fd tvar a subtiln\u00ed dekor d\u011blaj\u00ed z ka\u017edodenn\u00edho pit\u00ed mal\u00fd estetick\u00fd ritu\u00e1l. Sklenice p\u016fsob\u00ed lehce, ale pevn\u011b. P\u0159esn\u011b tak, jak m\u00e1 dobr\u00fd design fungovat.<\/p>\n<p>Stav: jen vystaven\u00e9, n\u011bkter\u00e9 skleni\u010dky maj\u00ed mal\u00e9 bublinky<br \/>\n Rozm\u011br<br \/>\n Objem: 200 ml<br \/>\n V\u00fd\u0161ka: 11,5 cm<\/p>\n<p>&nbsp;<\/p>\n","protected":false},"excerpt":{"rendered":"<p>Sada \u0161esti sklenic na vodu s jemn\u00fdm vertik\u00e1ln\u00edm r\u00fdhov\u00e1n\u00edm, kter\u00e9 se v odlesc\u00edch sv\u011btla prom\u011b\u0148uje ve hru st\u00edn\u016f a lini\u00ed.<\/p>\n","protected":false},"featured_media":25929,"template":"","meta":[],"product_brand":[],"product_cat":[91],"product_tag":[],"class_list":{"0":"post-25927","1":"product","2":"type-product","3":"status-publish","4":"has-post-thumbnail","6":"product_cat-prodane","8":"first","9":"outofstock","10":"purchasable","11":"product-type-simple"},"_links":{"self":[{"href":"https:\/\/eterle.cz\/eshop\/wp-json\/wp\/v2\/product\/25927","targetHints":{"allow":["GET"]}}],"collection":[{"href":"https:\/\/eterle.cz\/eshop\/wp-json\/wp\/v2\/product"}],"about":[{"href":"https:\/\/eterle.cz\/eshop\/wp-json\/wp\/v2\/types\/product"}],"version-history":[{"count":1,"href":"https:\/\/eterle.cz\/eshop\/wp-json\/wp\/v2\/product\/25927\/revisions"}],"predecessor-version":[{"id":25928,"href":"https:\/\/eterle.cz\/eshop\/wp-json\/wp\/v2\/product\/25927\/revisions\/25928"}],"wp:featuredmedia":[{"embeddable":true,"href":"https:\/\/eterle.cz\/eshop\/wp-json\/wp\/v2\/media\/25929"}],"wp:attachment":[{"href":"https:\/\/eterle.cz\/eshop\/wp-json\/wp\/v2\/media?parent=25927"}],"wp:term":[{"taxonomy":"product_brand","embeddable":true,"href":"https:\/\/eterle.cz\/eshop\/wp-json\/wp\/v2\/product_brand?post=25927"},{"taxonomy":"product_cat","embeddable":true,"href":"https:\/\/eterle.cz\/eshop\/wp-json\/wp\/v2\/product_cat?post=25927"},{"taxonomy":"product_tag","embeddable":true,"href":"https:\/\/eterle.cz\/eshop\/wp-json\/wp\/v2\/product_tag?post=25927"}],"curies":[{"name":"wp","href":"https:\/\/api.w.org\/{rel}","templated":true}]}}