{"id":25957,"date":"2025-05-31T01:54:35","date_gmt":"2025-05-30T23:54:35","guid":{"rendered":"https:\/\/eterle.cz\/eshop\/produkt\/lita-misa-na-noze\/"},"modified":"2025-07-12T21:22:22","modified_gmt":"2025-07-12T19:22:22","slug":"lita-misa-na-noze","status":"publish","type":"product","link":"https:\/\/eterle.cz\/eshop\/produkt\/lita-misa-na-noze\/","title":{"rendered":"Lit\u00e1 m\u00edsa na noze"},"content":{"rendered":"<p>T\u011b\u017ek\u00e1 lit\u00e1 m\u00edsa na noze s v\u00fdrazn\u00fdm plastick\u00fdm dekorem a kovov\u00fdm lemem je p\u0159esn\u011b t\u00edm kouskem, kter\u00fd vnese do interi\u00e9ru n\u00e1dech slavnostn\u00ed elegance. Hod\u00ed se jako v\u00fdrazn\u00fd st\u0159edobod stolu, a\u0165 u\u017e ji napln\u00edte ovocem, sladkostmi nebo kv\u011btinovou dekorac\u00ed.<\/p>\n<p>Stav: st\u0159\u00edbrn\u00fd prou\u017eek trochu m\u00edsty od\u0159en\u00fd, sklo v po\u0159\u00e1dku<br \/>\n Rozm\u011br<br \/>\n V\u00fd\u0161ka: 19 cm<br \/>\n Pr\u016fm\u011br: 19 cm<\/p>\n<p>&nbsp;<\/p>\n","protected":false},"excerpt":{"rendered":"<p>T\u011b\u017ek\u00e1 lit\u00e1 m\u00edsa na noze s v\u00fdrazn\u00fdm plastick\u00fdm dekorem a kovov\u00fdm lemem je p\u0159esn\u011b t\u00edm kouskem, kter\u00fd vnese do interi\u00e9ru<\/p>\n","protected":false},"featured_media":25959,"template":"","meta":[],"product_brand":[],"product_cat":[75,133],"product_tag":[],"class_list":{"0":"post-25957","1":"product","2":"type-product","3":"status-publish","4":"has-post-thumbnail","6":"product_cat-sklo","7":"product_cat-misy-sklo","9":"first","10":"instock","11":"purchasable","12":"product-type-simple"},"_links":{"self":[{"href":"https:\/\/eterle.cz\/eshop\/wp-json\/wp\/v2\/product\/25957","targetHints":{"allow":["GET"]}}],"collection":[{"href":"https:\/\/eterle.cz\/eshop\/wp-json\/wp\/v2\/product"}],"about":[{"href":"https:\/\/eterle.cz\/eshop\/wp-json\/wp\/v2\/types\/product"}],"version-history":[{"count":1,"href":"https:\/\/eterle.cz\/eshop\/wp-json\/wp\/v2\/product\/25957\/revisions"}],"predecessor-version":[{"id":25958,"href":"https:\/\/eterle.cz\/eshop\/wp-json\/wp\/v2\/product\/25957\/revisions\/25958"}],"wp:featuredmedia":[{"embeddable":true,"href":"https:\/\/eterle.cz\/eshop\/wp-json\/wp\/v2\/media\/25959"}],"wp:attachment":[{"href":"https:\/\/eterle.cz\/eshop\/wp-json\/wp\/v2\/media?parent=25957"}],"wp:term":[{"taxonomy":"product_brand","embeddable":true,"href":"https:\/\/eterle.cz\/eshop\/wp-json\/wp\/v2\/product_brand?post=25957"},{"taxonomy":"product_cat","embeddable":true,"href":"https:\/\/eterle.cz\/eshop\/wp-json\/wp\/v2\/product_cat?post=25957"},{"taxonomy":"product_tag","embeddable":true,"href":"https:\/\/eterle.cz\/eshop\/wp-json\/wp\/v2\/product_tag?post=25957"}],"curies":[{"name":"wp","href":"https:\/\/api.w.org\/{rel}","templated":true}]}}