{"id":25964,"date":"2025-05-31T01:54:39","date_gmt":"2025-05-30T23:54:39","guid":{"rendered":"https:\/\/eterle.cz\/eshop\/produkt\/sada-6-sklenic-zuzana\/"},"modified":"2025-07-16T00:04:13","modified_gmt":"2025-07-15T22:04:13","slug":"sada-6-sklenic-zuzana","status":"publish","type":"product","link":"https:\/\/eterle.cz\/eshop\/produkt\/sada-6-sklenic-zuzana\/","title":{"rendered":"Sada 6 sklenic Zuzana"},"content":{"rendered":"<p>Sada \u0161esti sklenic typu Zuzana z \u010desk\u00e9ho brou\u0161en\u00e9ho skla ve fialkov\u00e9m (alexandrit) t\u00f3nu . Tento ikonick\u00fd tvar se \u0161t\u00edhlou no\u017ekou a v\u00fdrazn\u00fdm \u010dlen\u011bn\u00edm na stopce se poprv\u00e9 objevil v 50. letech 20. stolet\u00ed a stal se jedn\u00edm z nejrozpoznateln\u011bj\u0161\u00edch model\u016f tuzemsk\u00e9 v\u00fdroby. Sklenice jsou zdobeny ru\u010dn\u011b brou\u0161en\u00fdm kv\u011btinov\u00fdm motivem, zlacen\u00fdm okrajem a typick\u00fdmi zlat\u00fdmi kuli\u010dkami, kter\u00e9 odr\u00e1\u017eej\u00ed \u0159emesln\u00fd um i dekorativn\u00ed styl doby. Ide\u00e1ln\u00ed na lik\u00e9ry \u010di slavnostn\u00ed serv\u00edrov\u00e1n\u00ed.<\/p>\n<p>Stav: nov\u00e9 i s n\u00e1lepkou<br \/>\n Zna\u010dka: Zuzana<br \/>\n Rozm\u011br<br \/>\n V\u00fd\u0161ka: 13 cm<br \/>\n Objem: 50 ml<\/p>\n<p>&nbsp;<\/p>\n","protected":false},"excerpt":{"rendered":"<p>Sada \u0161esti sklenic typu Zuzana z \u010desk\u00e9ho brou\u0161en\u00e9ho skla ve fialkov\u00e9m (alexandrit) t\u00f3nu . Tento ikonick\u00fd tvar se \u0161t\u00edhlou no\u017ekou<\/p>\n","protected":false},"featured_media":25966,"template":"","meta":[],"product_brand":[],"product_cat":[91],"product_tag":[],"class_list":{"0":"post-25964","1":"product","2":"type-product","3":"status-publish","4":"has-post-thumbnail","6":"product_cat-prodane","8":"first","9":"outofstock","10":"purchasable","11":"product-type-simple"},"_links":{"self":[{"href":"https:\/\/eterle.cz\/eshop\/wp-json\/wp\/v2\/product\/25964","targetHints":{"allow":["GET"]}}],"collection":[{"href":"https:\/\/eterle.cz\/eshop\/wp-json\/wp\/v2\/product"}],"about":[{"href":"https:\/\/eterle.cz\/eshop\/wp-json\/wp\/v2\/types\/product"}],"version-history":[{"count":1,"href":"https:\/\/eterle.cz\/eshop\/wp-json\/wp\/v2\/product\/25964\/revisions"}],"predecessor-version":[{"id":25965,"href":"https:\/\/eterle.cz\/eshop\/wp-json\/wp\/v2\/product\/25964\/revisions\/25965"}],"wp:featuredmedia":[{"embeddable":true,"href":"https:\/\/eterle.cz\/eshop\/wp-json\/wp\/v2\/media\/25966"}],"wp:attachment":[{"href":"https:\/\/eterle.cz\/eshop\/wp-json\/wp\/v2\/media?parent=25964"}],"wp:term":[{"taxonomy":"product_brand","embeddable":true,"href":"https:\/\/eterle.cz\/eshop\/wp-json\/wp\/v2\/product_brand?post=25964"},{"taxonomy":"product_cat","embeddable":true,"href":"https:\/\/eterle.cz\/eshop\/wp-json\/wp\/v2\/product_cat?post=25964"},{"taxonomy":"product_tag","embeddable":true,"href":"https:\/\/eterle.cz\/eshop\/wp-json\/wp\/v2\/product_tag?post=25964"}],"curies":[{"name":"wp","href":"https:\/\/api.w.org\/{rel}","templated":true}]}}