{"id":25971,"date":"2025-05-31T01:54:43","date_gmt":"2025-05-30T23:54:43","guid":{"rendered":"https:\/\/eterle.cz\/eshop\/produkt\/sada-4-sklenic\/"},"modified":"2025-11-18T23:07:28","modified_gmt":"2025-11-18T22:07:28","slug":"sada-4-sklenic","status":"publish","type":"product","link":"https:\/\/eterle.cz\/eshop\/produkt\/sada-4-sklenic\/","title":{"rendered":"Sada 4 sklenic"},"content":{"rendered":"<p>Designov\u00e1 sada \u010dty\u0159 sklenic v temn\u011b fialov\u00e9m t\u00f3nu s v\u00fdrazn\u00fdm plastick\u00fdm dekorem, kter\u00fd kombinuje horizont\u00e1ln\u00ed \u017eebrov\u00e1n\u00ed a geometrick\u00fd reli\u00e9f. Tvarem i barvou p\u0159ipom\u00ednaj\u00ed brus skla z 60.\u201370. let, z\u00e1rove\u0148 v\u0161ak p\u016fsob\u00ed p\u0159ekvapiv\u011b modern\u011b. Skv\u011bl\u00e9 na vodu, limon\u00e1du i jako stylov\u00fd detail do interi\u00e9ru.<\/p>\n<p>Stav: perfektn\u00ed<br \/>\n Rozm\u011br<br \/>\n V\u00fd\u0161ka: 9,5 cm<br \/>\n Objem: 150 ml<\/p>\n<p>&nbsp;<\/p>\n","protected":false},"excerpt":{"rendered":"<p>Designov\u00e1 sada \u010dty\u0159 sklenic v temn\u011b fialov\u00e9m t\u00f3nu s v\u00fdrazn\u00fdm plastick\u00fdm dekorem, kter\u00fd kombinuje horizont\u00e1ln\u00ed \u017eebrov\u00e1n\u00ed a geometrick\u00fd reli\u00e9f. Tvarem<\/p>\n","protected":false},"featured_media":25973,"template":"","meta":[],"product_brand":[],"product_cat":[91],"product_tag":[],"class_list":{"0":"post-25971","1":"product","2":"type-product","3":"status-publish","4":"has-post-thumbnail","6":"product_cat-prodane","8":"first","9":"outofstock","10":"purchasable","11":"product-type-simple"},"_links":{"self":[{"href":"https:\/\/eterle.cz\/eshop\/wp-json\/wp\/v2\/product\/25971","targetHints":{"allow":["GET"]}}],"collection":[{"href":"https:\/\/eterle.cz\/eshop\/wp-json\/wp\/v2\/product"}],"about":[{"href":"https:\/\/eterle.cz\/eshop\/wp-json\/wp\/v2\/types\/product"}],"version-history":[{"count":1,"href":"https:\/\/eterle.cz\/eshop\/wp-json\/wp\/v2\/product\/25971\/revisions"}],"predecessor-version":[{"id":25972,"href":"https:\/\/eterle.cz\/eshop\/wp-json\/wp\/v2\/product\/25971\/revisions\/25972"}],"wp:featuredmedia":[{"embeddable":true,"href":"https:\/\/eterle.cz\/eshop\/wp-json\/wp\/v2\/media\/25973"}],"wp:attachment":[{"href":"https:\/\/eterle.cz\/eshop\/wp-json\/wp\/v2\/media?parent=25971"}],"wp:term":[{"taxonomy":"product_brand","embeddable":true,"href":"https:\/\/eterle.cz\/eshop\/wp-json\/wp\/v2\/product_brand?post=25971"},{"taxonomy":"product_cat","embeddable":true,"href":"https:\/\/eterle.cz\/eshop\/wp-json\/wp\/v2\/product_cat?post=25971"},{"taxonomy":"product_tag","embeddable":true,"href":"https:\/\/eterle.cz\/eshop\/wp-json\/wp\/v2\/product_tag?post=25971"}],"curies":[{"name":"wp","href":"https:\/\/api.w.org\/{rel}","templated":true}]}}