{"id":25988,"date":"2025-05-31T01:54:54","date_gmt":"2025-05-30T23:54:54","guid":{"rendered":"https:\/\/eterle.cz\/eshop\/produkt\/sada-6-sklenic-na-sampanske-5\/"},"modified":"2025-06-28T16:55:58","modified_gmt":"2025-06-28T14:55:58","slug":"sada-6-sklenic-na-sampanske-5","status":"publish","type":"product","link":"https:\/\/eterle.cz\/eshop\/produkt\/sada-6-sklenic-na-sampanske-5\/","title":{"rendered":"Sada 6 sklenic na \u0161ampa\u0148sk\u00e9"},"content":{"rendered":"<p>\u0160est \u0161t\u00edhl\u00fdch sklenek s kulatou \u010d\u00ed\u0161kou a jemnou no\u017ekou, ozdoben\u00fdch tenkou zlatou linkou po obvodu. Jejich nad\u010dasov\u00fd tvar i dekor evokuj\u00ed noblesu prvorepublikov\u00fdch salon\u016f. Ide\u00e1ln\u00ed na slavnostn\u00ed p\u0159\u00edpitek, dezertn\u00ed v\u00edna nebo sekt serv\u00edrovan\u00fd ve stylu 20. let.<\/p>\n<p>Stav: perfektn\u00ed<br \/>\nRozm\u011br<br \/>\nV\u00fd\u0161ka: 15 cm<br \/>\nObjem: 150 ml<\/p>\n<p>&nbsp;<\/p>\n","protected":false},"excerpt":{"rendered":"<p>\u0160est \u0161t\u00edhl\u00fdch sklenek s kulatou \u010d\u00ed\u0161kou a jemnou no\u017ekou, ozdoben\u00fdch tenkou zlatou linkou po obvodu. Jejich nad\u010dasov\u00fd tvar i dekor<\/p>\n","protected":false},"featured_media":25990,"template":"","meta":[],"product_brand":[],"product_cat":[91],"product_tag":[],"class_list":{"0":"post-25988","1":"product","2":"type-product","3":"status-publish","4":"has-post-thumbnail","6":"product_cat-prodane","8":"first","9":"outofstock","10":"purchasable","11":"product-type-simple"},"_links":{"self":[{"href":"https:\/\/eterle.cz\/eshop\/wp-json\/wp\/v2\/product\/25988","targetHints":{"allow":["GET"]}}],"collection":[{"href":"https:\/\/eterle.cz\/eshop\/wp-json\/wp\/v2\/product"}],"about":[{"href":"https:\/\/eterle.cz\/eshop\/wp-json\/wp\/v2\/types\/product"}],"version-history":[{"count":2,"href":"https:\/\/eterle.cz\/eshop\/wp-json\/wp\/v2\/product\/25988\/revisions"}],"predecessor-version":[{"id":26628,"href":"https:\/\/eterle.cz\/eshop\/wp-json\/wp\/v2\/product\/25988\/revisions\/26628"}],"wp:featuredmedia":[{"embeddable":true,"href":"https:\/\/eterle.cz\/eshop\/wp-json\/wp\/v2\/media\/25990"}],"wp:attachment":[{"href":"https:\/\/eterle.cz\/eshop\/wp-json\/wp\/v2\/media?parent=25988"}],"wp:term":[{"taxonomy":"product_brand","embeddable":true,"href":"https:\/\/eterle.cz\/eshop\/wp-json\/wp\/v2\/product_brand?post=25988"},{"taxonomy":"product_cat","embeddable":true,"href":"https:\/\/eterle.cz\/eshop\/wp-json\/wp\/v2\/product_cat?post=25988"},{"taxonomy":"product_tag","embeddable":true,"href":"https:\/\/eterle.cz\/eshop\/wp-json\/wp\/v2\/product_tag?post=25988"}],"curies":[{"name":"wp","href":"https:\/\/api.w.org\/{rel}","templated":true}]}}