{"id":26695,"date":"2025-07-12T00:02:24","date_gmt":"2025-07-11T22:02:24","guid":{"rendered":"https:\/\/eterle.cz\/eshop\/produkt\/lustr-napako-3\/"},"modified":"2025-10-20T12:04:14","modified_gmt":"2025-10-20T10:04:14","slug":"lustr-napako-3","status":"publish","type":"product","link":"https:\/\/eterle.cz\/eshop\/produkt\/lustr-napako-3\/","title":{"rendered":"Lustr \/ Napako"},"content":{"rendered":"<p>V\u00fdrazn\u00fd stropn\u00ed lustr z produkce NAPAKO, typ 81222, navr\u017een\u00fd v\u00fdznamn\u00fdm \u010deskoslovensk\u00fdm design\u00e9rem Josefem H\u016frkou. Dva mohutn\u00e9 sklen\u011bn\u00e9 tubusy obj\u00edm\u00e1 st\u0159edov\u00fd p\u00e1s z lakovan\u00e9ho kovu s mosazn\u00fdmi detaily a perforac\u00ed \u2013 typick\u00fdmi znaky H\u016frkova rukopisu z 60. let.<\/p>\n<p>Tento kousek p\u016fsob\u00ed jako retro-futuristick\u00fd artefakt, kter\u00fd p\u0159in\u00e1\u0161\u00ed do prostoru nejen sv\u011btlo, ale i v\u00fdrazn\u00fd v\u00fdtvarn\u00fd prvek. Skv\u011ble vynikne nad j\u00eddeln\u00edm stolem, v hale nebo jako ne\u010dekan\u00fd solit\u00e9r v sou\u010dasn\u00e9m interi\u00e9ru.<\/p>\n<p>M\u00e1me dva kusy, ale s rozd\u00edlnou d\u00e9lku ty\u010de, u objedn\u00e1vky, pros\u00edm uv\u011b\u010fte, o kter\u00fd m\u00e1te z\u00e1jem.<\/p>\n<p>Stav: el. p\u016fvodn\u00ed funk\u010dn\u00ed, jedno sv\u011btlo od\u0159en\u00e1 barva na vrchn\u00edm krytu<br \/>\nZna\u010dka: Napako, Josef H\u016frka<br \/>\nRozm\u011br<br \/>\nV\u00fd\u0161ka: 49 cm (22 cm u druh\u00e9ho sv\u011btla, kter\u00e9 nem\u00e1 po\u0161kozeny vrchn\u00ed kryt)<br \/>\nCelkov\u00e1 d\u00e9lka: 67 cm<br \/>\n\u0160\u00ed\u0159ka: 36 cm<br \/>\nPr\u016fm\u011br st\u00ednidla: 24 cm<\/p>\n<p>&nbsp;<\/p>\n","protected":false},"excerpt":{"rendered":"<p>V\u00fdrazn\u00fd stropn\u00ed lustr z produkce NAPAKO, typ 81222, navr\u017een\u00fd v\u00fdznamn\u00fdm \u010deskoslovensk\u00fdm design\u00e9rem Josefem H\u016frkou. Dva mohutn\u00e9 sklen\u011bn\u00e9 tubusy obj\u00edm\u00e1 st\u0159edov\u00fd<\/p>\n","protected":false},"featured_media":26697,"template":"","meta":[],"product_brand":[],"product_cat":[79,140],"product_tag":[],"class_list":{"0":"post-26695","1":"product","2":"type-product","3":"status-publish","4":"has-post-thumbnail","6":"product_cat-svetla","7":"product_cat-lustry","8":"product_shipping_class-nadrozmerne","10":"first","11":"instock","12":"purchasable","13":"product-type-simple"},"_links":{"self":[{"href":"https:\/\/eterle.cz\/eshop\/wp-json\/wp\/v2\/product\/26695","targetHints":{"allow":["GET"]}}],"collection":[{"href":"https:\/\/eterle.cz\/eshop\/wp-json\/wp\/v2\/product"}],"about":[{"href":"https:\/\/eterle.cz\/eshop\/wp-json\/wp\/v2\/types\/product"}],"version-history":[{"count":1,"href":"https:\/\/eterle.cz\/eshop\/wp-json\/wp\/v2\/product\/26695\/revisions"}],"predecessor-version":[{"id":26696,"href":"https:\/\/eterle.cz\/eshop\/wp-json\/wp\/v2\/product\/26695\/revisions\/26696"}],"wp:featuredmedia":[{"embeddable":true,"href":"https:\/\/eterle.cz\/eshop\/wp-json\/wp\/v2\/media\/26697"}],"wp:attachment":[{"href":"https:\/\/eterle.cz\/eshop\/wp-json\/wp\/v2\/media?parent=26695"}],"wp:term":[{"taxonomy":"product_brand","embeddable":true,"href":"https:\/\/eterle.cz\/eshop\/wp-json\/wp\/v2\/product_brand?post=26695"},{"taxonomy":"product_cat","embeddable":true,"href":"https:\/\/eterle.cz\/eshop\/wp-json\/wp\/v2\/product_cat?post=26695"},{"taxonomy":"product_tag","embeddable":true,"href":"https:\/\/eterle.cz\/eshop\/wp-json\/wp\/v2\/product_tag?post=26695"}],"curies":[{"name":"wp","href":"https:\/\/api.w.org\/{rel}","templated":true}]}}