{"id":26703,"date":"2025-07-12T00:02:32","date_gmt":"2025-07-11T22:02:32","guid":{"rendered":"https:\/\/eterle.cz\/eshop\/produkt\/lustr-paraple-napako\/"},"modified":"2025-10-20T12:04:14","modified_gmt":"2025-10-20T10:04:14","slug":"lustr-paraple-napako","status":"publish","type":"product","link":"https:\/\/eterle.cz\/eshop\/produkt\/lustr-paraple-napako\/","title":{"rendered":"Lustr paraple \/ Napako"},"content":{"rendered":"<p>Uk\u00e1zkov\u00fd p\u0159\u00edklad \u010desk\u00e9ho designu \u0161edes\u00e1t\u00fdch let. Tento lustr zna\u010dky NAPAKO zaujme na prvn\u00ed pohled sv\u00fdm origin\u00e1ln\u00edm st\u00ednidlem z tvarovan\u00e9ho skla, kter\u00e9 zdob\u00ed v\u00fdrazn\u00fd \u010dernob\u00edl\u00fd dekor p\u0159ipom\u00ednaj\u00edc\u00ed optick\u00e9 h\u0159\u00ed\u010dky a dekory tehdej\u0161\u00edho bruselsk\u00e9ho stylu.<\/p>\n<p>Organick\u00fd tvar st\u00ednidla evokuje rozev\u0159en\u00fd de\u0161tn\u00edk \u010di kv\u011bt, zat\u00edmco rytmick\u00fd vzor p\u016fsob\u00ed t\u00e9m\u011b\u0159 hypnoticky. P\u0159itom z\u016fst\u00e1v\u00e1 elegantn\u00ed a nad\u010dasov\u00fd. V\u00fdborn\u011b zapadne do interi\u00e9ru s retro n\u00e1dechem.<\/p>\n<p>Stav: el. nov\u00e1, ty\u010d lehce po\u0161kr\u00e1ban\u00e1<br \/>\nZna\u010dka: Napako<br \/>\nRozm\u011br<br \/>\nD\u00e9lka ty\u010de: 40 cm<br \/>\nCelkov\u00e1 d\u00e9lka: 48 cm<br \/>\nPr\u016fm\u011br: 44 cm<\/p>\n<p>&nbsp;<\/p>\n","protected":false},"excerpt":{"rendered":"<p>Uk\u00e1zkov\u00fd p\u0159\u00edklad \u010desk\u00e9ho designu \u0161edes\u00e1t\u00fdch let. Tento lustr zna\u010dky NAPAKO zaujme na prvn\u00ed pohled sv\u00fdm origin\u00e1ln\u00edm st\u00ednidlem z tvarovan\u00e9ho skla,<\/p>\n","protected":false},"featured_media":26705,"template":"","meta":[],"product_brand":[],"product_cat":[91],"product_tag":[],"class_list":{"0":"post-26703","1":"product","2":"type-product","3":"status-publish","4":"has-post-thumbnail","6":"product_cat-prodane","7":"product_shipping_class-nadrozmerne","9":"first","10":"outofstock","11":"purchasable","12":"product-type-simple"},"_links":{"self":[{"href":"https:\/\/eterle.cz\/eshop\/wp-json\/wp\/v2\/product\/26703","targetHints":{"allow":["GET"]}}],"collection":[{"href":"https:\/\/eterle.cz\/eshop\/wp-json\/wp\/v2\/product"}],"about":[{"href":"https:\/\/eterle.cz\/eshop\/wp-json\/wp\/v2\/types\/product"}],"version-history":[{"count":1,"href":"https:\/\/eterle.cz\/eshop\/wp-json\/wp\/v2\/product\/26703\/revisions"}],"predecessor-version":[{"id":26704,"href":"https:\/\/eterle.cz\/eshop\/wp-json\/wp\/v2\/product\/26703\/revisions\/26704"}],"wp:featuredmedia":[{"embeddable":true,"href":"https:\/\/eterle.cz\/eshop\/wp-json\/wp\/v2\/media\/26705"}],"wp:attachment":[{"href":"https:\/\/eterle.cz\/eshop\/wp-json\/wp\/v2\/media?parent=26703"}],"wp:term":[{"taxonomy":"product_brand","embeddable":true,"href":"https:\/\/eterle.cz\/eshop\/wp-json\/wp\/v2\/product_brand?post=26703"},{"taxonomy":"product_cat","embeddable":true,"href":"https:\/\/eterle.cz\/eshop\/wp-json\/wp\/v2\/product_cat?post=26703"},{"taxonomy":"product_tag","embeddable":true,"href":"https:\/\/eterle.cz\/eshop\/wp-json\/wp\/v2\/product_tag?post=26703"}],"curies":[{"name":"wp","href":"https:\/\/api.w.org\/{rel}","templated":true}]}}