{"id":26713,"date":"2025-07-12T00:02:38","date_gmt":"2025-07-11T22:02:38","guid":{"rendered":"https:\/\/eterle.cz\/eshop\/produkt\/lustr-opalove-sklo-10\/"},"modified":"2025-10-20T12:04:14","modified_gmt":"2025-10-20T10:04:14","slug":"lustr-opalove-sklo-10","status":"publish","type":"product","link":"https:\/\/eterle.cz\/eshop\/produkt\/lustr-opalove-sklo-10\/","title":{"rendered":"Lustr op\u00e1lov\u00e9 sklo"},"content":{"rendered":"<p>Minimalistick\u00fd lustr s \u010distou siluetou a p\u0159\u00edjemn\u011b rozpt\u00fdlen\u00fdm sv\u011btlem. Kombinace \u010dern\u00e9ho perforovan\u00e9ho kovu a matn\u00e9ho op\u00e1lov\u00e9ho skla p\u016fsob\u00ed elegantn\u011b a univerz\u00e1ln\u011b. Lustr zapadne do klasick\u00e9ho interi\u00e9ru stejn\u011b dob\u0159e jako do modern\u00edho bytu s retro akcentem.<\/p>\n<p>Design odkazuje na estetiku 70. let, ale d\u00edky sv\u00e9 jednoduchosti z\u016fst\u00e1v\u00e1 nad\u010dasov\u00fd. Ide\u00e1ln\u00ed nad j\u00eddeln\u00ed st\u016fl, do haly nebo v\u0161ude tam, kde m\u00e1 sv\u011btlo i styl z\u016fstat decentn\u00ed, ale v\u00fdrazn\u00e9.<\/p>\n<p>Stav: el. p\u016fvodni, funk\u010dn\u00ed; dobr\u00fd, chrom v po\u0159\u00e1dku<br \/>\nRozm\u011br<br \/>\nD\u00e9lka ty\u010de: 57<br \/>\nCelkov\u00e1 d\u00e9lka: 76 cm<br \/>\nPr\u016fm\u011br st\u00ednidla: 36 cm<\/p>\n<p>&nbsp;<\/p>\n","protected":false},"excerpt":{"rendered":"<p>Minimalistick\u00fd lustr s \u010distou siluetou a p\u0159\u00edjemn\u011b rozpt\u00fdlen\u00fdm sv\u011btlem. Kombinace \u010dern\u00e9ho perforovan\u00e9ho kovu a matn\u00e9ho op\u00e1lov\u00e9ho skla p\u016fsob\u00ed elegantn\u011b a<\/p>\n","protected":false},"featured_media":26715,"template":"","meta":[],"product_brand":[],"product_cat":[91],"product_tag":[],"class_list":{"0":"post-26713","1":"product","2":"type-product","3":"status-publish","4":"has-post-thumbnail","6":"product_cat-prodane","7":"product_shipping_class-nadrozmerne","9":"first","10":"outofstock","11":"purchasable","12":"product-type-simple"},"_links":{"self":[{"href":"https:\/\/eterle.cz\/eshop\/wp-json\/wp\/v2\/product\/26713","targetHints":{"allow":["GET"]}}],"collection":[{"href":"https:\/\/eterle.cz\/eshop\/wp-json\/wp\/v2\/product"}],"about":[{"href":"https:\/\/eterle.cz\/eshop\/wp-json\/wp\/v2\/types\/product"}],"version-history":[{"count":1,"href":"https:\/\/eterle.cz\/eshop\/wp-json\/wp\/v2\/product\/26713\/revisions"}],"predecessor-version":[{"id":26714,"href":"https:\/\/eterle.cz\/eshop\/wp-json\/wp\/v2\/product\/26713\/revisions\/26714"}],"wp:featuredmedia":[{"embeddable":true,"href":"https:\/\/eterle.cz\/eshop\/wp-json\/wp\/v2\/media\/26715"}],"wp:attachment":[{"href":"https:\/\/eterle.cz\/eshop\/wp-json\/wp\/v2\/media?parent=26713"}],"wp:term":[{"taxonomy":"product_brand","embeddable":true,"href":"https:\/\/eterle.cz\/eshop\/wp-json\/wp\/v2\/product_brand?post=26713"},{"taxonomy":"product_cat","embeddable":true,"href":"https:\/\/eterle.cz\/eshop\/wp-json\/wp\/v2\/product_cat?post=26713"},{"taxonomy":"product_tag","embeddable":true,"href":"https:\/\/eterle.cz\/eshop\/wp-json\/wp\/v2\/product_tag?post=26713"}],"curies":[{"name":"wp","href":"https:\/\/api.w.org\/{rel}","templated":true}]}}