{"id":26728,"date":"2025-07-12T00:02:47","date_gmt":"2025-07-11T22:02:47","guid":{"rendered":"https:\/\/eterle.cz\/eshop\/produkt\/lustr-opalove-sklo-11\/"},"modified":"2025-10-20T12:04:13","modified_gmt":"2025-10-20T10:04:13","slug":"lustr-opalove-sklo-11","status":"publish","type":"product","link":"https:\/\/eterle.cz\/eshop\/produkt\/lustr-opalove-sklo-11\/","title":{"rendered":"Lustr op\u00e1lov\u00e9 sklo"},"content":{"rendered":"<p>Zaj\u00edmav\u011b tvarovan\u00fd lustr z b\u00edl\u00e9ho op\u00e1lov\u00e9ho skla s ru\u010dn\u011b malovan\u00fdm dekorem v \u010dern\u00e9 kresb\u011b. Jeho silueta p\u0159ipom\u00edn\u00e1 kapku nebo stylizovanou v\u011b\u017e. Vynikne nad j\u00eddeln\u00edm stolem, v hale i lo\u017enici.<\/p>\n<p>Stav: el. p\u016fvodni, funk\u010dn\u00ed, velmi dobr\u00fd<br \/>\nRozm\u011br<br \/>\nD\u00e9lka ty\u010de: 59 cm<br \/>\nCelkov\u00e1 d\u00e9lka: 85 cm<br \/>\nPr\u016fm\u011br st\u00ednidla: 33 cm<\/p>\n<p>&nbsp;<\/p>\n","protected":false},"excerpt":{"rendered":"<p>Zaj\u00edmav\u011b tvarovan\u00fd lustr z b\u00edl\u00e9ho op\u00e1lov\u00e9ho skla s ru\u010dn\u011b malovan\u00fdm dekorem v \u010dern\u00e9 kresb\u011b. Jeho silueta p\u0159ipom\u00edn\u00e1 kapku nebo stylizovanou<\/p>\n","protected":false},"featured_media":26730,"template":"","meta":[],"product_brand":[],"product_cat":[79,140],"product_tag":[],"class_list":{"0":"post-26728","1":"product","2":"type-product","3":"status-publish","4":"has-post-thumbnail","6":"product_cat-svetla","7":"product_cat-lustry","8":"product_shipping_class-nadrozmerne","10":"first","11":"instock","12":"purchasable","13":"product-type-simple"},"_links":{"self":[{"href":"https:\/\/eterle.cz\/eshop\/wp-json\/wp\/v2\/product\/26728","targetHints":{"allow":["GET"]}}],"collection":[{"href":"https:\/\/eterle.cz\/eshop\/wp-json\/wp\/v2\/product"}],"about":[{"href":"https:\/\/eterle.cz\/eshop\/wp-json\/wp\/v2\/types\/product"}],"version-history":[{"count":1,"href":"https:\/\/eterle.cz\/eshop\/wp-json\/wp\/v2\/product\/26728\/revisions"}],"predecessor-version":[{"id":26729,"href":"https:\/\/eterle.cz\/eshop\/wp-json\/wp\/v2\/product\/26728\/revisions\/26729"}],"wp:featuredmedia":[{"embeddable":true,"href":"https:\/\/eterle.cz\/eshop\/wp-json\/wp\/v2\/media\/26730"}],"wp:attachment":[{"href":"https:\/\/eterle.cz\/eshop\/wp-json\/wp\/v2\/media?parent=26728"}],"wp:term":[{"taxonomy":"product_brand","embeddable":true,"href":"https:\/\/eterle.cz\/eshop\/wp-json\/wp\/v2\/product_brand?post=26728"},{"taxonomy":"product_cat","embeddable":true,"href":"https:\/\/eterle.cz\/eshop\/wp-json\/wp\/v2\/product_cat?post=26728"},{"taxonomy":"product_tag","embeddable":true,"href":"https:\/\/eterle.cz\/eshop\/wp-json\/wp\/v2\/product_tag?post=26728"}],"curies":[{"name":"wp","href":"https:\/\/api.w.org\/{rel}","templated":true}]}}