{"id":26754,"date":"2025-07-12T00:03:03","date_gmt":"2025-07-11T22:03:03","guid":{"rendered":"https:\/\/eterle.cz\/eshop\/produkt\/stojaci-lampa-kamenicky-senov-3\/"},"modified":"2025-10-20T12:04:12","modified_gmt":"2025-10-20T10:04:12","slug":"stojaci-lampa-kamenicky-senov-3","status":"publish","type":"product","link":"https:\/\/eterle.cz\/eshop\/produkt\/stojaci-lampa-kamenicky-senov-3\/","title":{"rendered":"Stojac\u00ed lampa \/ Kamenick\u00fd \u0160enov"},"content":{"rendered":"<p>Stojac\u00ed lampa z 60. let minul\u00e9ho stolet\u00ed v obl\u00edbenem bruselsk\u00e9m stylu. Vysok\u00e1 a elegantn\u00ed jako kv\u011btina se dv\u011bma stonky. Pavd\u011bpodobn\u011b poch\u00e1z\u00ed z proslul\u00e9 skl\u00e1\u0159sk\u00e9 oblasti Kamenick\u00fd \u0160enov, kter\u00e1 je zn\u00e1m\u00e1 precizn\u00edmi sv\u00edtidly i poctiv\u00fdm \u0159emeslem. Minimalistick\u00fd, a p\u0159itom poetick\u00fd dopln\u011bk do interi\u00e9ru, kter\u00fd bude ide\u00e1ln\u00edm spole\u010dn\u00edkem k ve\u010dern\u00ed \u010detb\u011b.<\/p>\n<p>Stav: el. p\u016fvodni, funk\u010dn\u00ed, z\u00e1kladna prasklinky viz foto<br \/>\nRozm\u011br<br \/>\nV\u00fd\u0161ka: 151,5 cm<br \/>\n\u0160\u00ed\u0159ka: 62 cm<br \/>\nPr\u016fm\u011br z\u00e1kladny: 24 cm<\/p>\n<p>&nbsp;<\/p>\n","protected":false},"excerpt":{"rendered":"<p>Stojac\u00ed lampa z 60. let minul\u00e9ho stolet\u00ed v obl\u00edbenem bruselsk\u00e9m stylu. Vysok\u00e1 a elegantn\u00ed jako kv\u011btina se dv\u011bma stonky. Pavd\u011bpodobn\u011b<\/p>\n","protected":false},"featured_media":26756,"template":"","meta":[],"product_brand":[],"product_cat":[79,142],"product_tag":[],"class_list":{"0":"post-26754","1":"product","2":"type-product","3":"status-publish","4":"has-post-thumbnail","6":"product_cat-svetla","7":"product_cat-stojaci-lampy","8":"product_shipping_class-nadrozmerne","10":"first","11":"instock","12":"purchasable","13":"product-type-simple"},"_links":{"self":[{"href":"https:\/\/eterle.cz\/eshop\/wp-json\/wp\/v2\/product\/26754","targetHints":{"allow":["GET"]}}],"collection":[{"href":"https:\/\/eterle.cz\/eshop\/wp-json\/wp\/v2\/product"}],"about":[{"href":"https:\/\/eterle.cz\/eshop\/wp-json\/wp\/v2\/types\/product"}],"version-history":[{"count":1,"href":"https:\/\/eterle.cz\/eshop\/wp-json\/wp\/v2\/product\/26754\/revisions"}],"predecessor-version":[{"id":26755,"href":"https:\/\/eterle.cz\/eshop\/wp-json\/wp\/v2\/product\/26754\/revisions\/26755"}],"wp:featuredmedia":[{"embeddable":true,"href":"https:\/\/eterle.cz\/eshop\/wp-json\/wp\/v2\/media\/26756"}],"wp:attachment":[{"href":"https:\/\/eterle.cz\/eshop\/wp-json\/wp\/v2\/media?parent=26754"}],"wp:term":[{"taxonomy":"product_brand","embeddable":true,"href":"https:\/\/eterle.cz\/eshop\/wp-json\/wp\/v2\/product_brand?post=26754"},{"taxonomy":"product_cat","embeddable":true,"href":"https:\/\/eterle.cz\/eshop\/wp-json\/wp\/v2\/product_cat?post=26754"},{"taxonomy":"product_tag","embeddable":true,"href":"https:\/\/eterle.cz\/eshop\/wp-json\/wp\/v2\/product_tag?post=26754"}],"curies":[{"name":"wp","href":"https:\/\/api.w.org\/{rel}","templated":true}]}}