{"id":26764,"date":"2025-07-12T00:03:08","date_gmt":"2025-07-11T22:03:08","guid":{"rendered":"https:\/\/eterle.cz\/eshop\/produkt\/parove-stolni-lampicky-elektrosvit\/"},"modified":"2026-04-20T17:26:37","modified_gmt":"2026-04-20T15:26:37","slug":"parove-stolni-lampicky-elektrosvit","status":"publish","type":"product","link":"https:\/\/eterle.cz\/eshop\/produkt\/parove-stolni-lampicky-elektrosvit\/","title":{"rendered":"P\u00e1rov\u00e9 stoln\u00ed lampi\u010dky \/ Elektrosvit"},"content":{"rendered":"<p>Dvojice plastov\u00fdch lampi\u010dek s typick\u00fdm \u201eh\u0159\u00edbkov\u00fdm\u201c klobou\u010dkem a vesel\u00fdm zelen\u00fdm detailem na vrcholku. Pravd\u011bpodobn\u011b model 11641 z produkce Elektrosvitu, obl\u00edben\u00fd pro sv\u016fj jednoduch\u00fd tvar a snadn\u00e9 pou\u017eit\u00ed. Nen\u00e1padn\u00fd retro dopln\u011bk k posteli, na pracovn\u00ed st\u016fl nebo t\u0159eba do d\u011btsk\u00e9ho pokoje. Lampi\u010dky p\u016fsob\u00ed vesele i d\u00edky sv\u00e9mu plastov\u00e9mu t\u011blu a hrav\u00e9mu kontrastu barev.<\/p>\n<p>Stav: el. p\u016fvodn\u00ed, funk\u010dn\u00ed, plast lehk\u00e1 patina<br \/>\nRozm\u011br<br \/>\nV\u00fd\u0161ka: 14,5 cm<br \/>\nHloubka: 20 cm<\/p>\n<p>&nbsp;<\/p>\n","protected":false},"excerpt":{"rendered":"<p>Dvojice plastov\u00fdch lampi\u010dek s typick\u00fdm \u201eh\u0159\u00edbkov\u00fdm\u201c klobou\u010dkem a vesel\u00fdm zelen\u00fdm detailem na vrcholku. Pravd\u011bpodobn\u011b model 11641 z produkce Elektrosvitu, obl\u00edben\u00fd<\/p>\n","protected":false},"featured_media":26766,"template":"","meta":[],"product_brand":[],"product_cat":[79,141],"product_tag":[],"class_list":{"0":"post-26764","1":"product","2":"type-product","3":"status-publish","4":"has-post-thumbnail","6":"product_cat-svetla","7":"product_cat-stolni-lampy","8":"product_shipping_class-nadrozmerne","10":"first","11":"outofstock","12":"purchasable","13":"product-type-simple"},"_links":{"self":[{"href":"https:\/\/eterle.cz\/eshop\/wp-json\/wp\/v2\/product\/26764","targetHints":{"allow":["GET"]}}],"collection":[{"href":"https:\/\/eterle.cz\/eshop\/wp-json\/wp\/v2\/product"}],"about":[{"href":"https:\/\/eterle.cz\/eshop\/wp-json\/wp\/v2\/types\/product"}],"version-history":[{"count":1,"href":"https:\/\/eterle.cz\/eshop\/wp-json\/wp\/v2\/product\/26764\/revisions"}],"predecessor-version":[{"id":26765,"href":"https:\/\/eterle.cz\/eshop\/wp-json\/wp\/v2\/product\/26764\/revisions\/26765"}],"wp:featuredmedia":[{"embeddable":true,"href":"https:\/\/eterle.cz\/eshop\/wp-json\/wp\/v2\/media\/26766"}],"wp:attachment":[{"href":"https:\/\/eterle.cz\/eshop\/wp-json\/wp\/v2\/media?parent=26764"}],"wp:term":[{"taxonomy":"product_brand","embeddable":true,"href":"https:\/\/eterle.cz\/eshop\/wp-json\/wp\/v2\/product_brand?post=26764"},{"taxonomy":"product_cat","embeddable":true,"href":"https:\/\/eterle.cz\/eshop\/wp-json\/wp\/v2\/product_cat?post=26764"},{"taxonomy":"product_tag","embeddable":true,"href":"https:\/\/eterle.cz\/eshop\/wp-json\/wp\/v2\/product_tag?post=26764"}],"curies":[{"name":"wp","href":"https:\/\/api.w.org\/{rel}","templated":true}]}}