{"id":26791,"date":"2025-07-12T00:07:59","date_gmt":"2025-07-11T22:07:59","guid":{"rendered":"https:\/\/eterle.cz\/eshop\/produkt\/konferencni-stul-h-169-halabala\/"},"modified":"2025-10-20T12:04:12","modified_gmt":"2025-10-20T10:04:12","slug":"konferencni-stul-h-169-halabala","status":"publish","type":"product","link":"https:\/\/eterle.cz\/eshop\/produkt\/konferencni-stul-h-169-halabala\/","title":{"rendered":"Konferen\u010dn\u00ed st\u016fl H-169 \/ Halabala"},"content":{"rendered":"<p>Konferen\u010dn\u00ed stolek z obdob\u00ed meziv\u00e1le\u010dn\u00e9ho art deca od design\u00e9ra Jind\u0159icha Halabaly. Elegantn\u00ed stolek s kulatou d\u00fdhovanou deskou, jej\u00ed\u017e \u017eiv\u00e1 kresba upout\u00e1 na prvn\u00ed pohled. Kompozice je promy\u0161len\u00e1 a vyv\u00e1\u017een\u00e1, spodn\u00ed poli\u010dka ladn\u011b kop\u00edruje tvar horn\u00ed desky, zat\u00edmco nohy se dynamicky sb\u00edhaj\u00ed do k\u0159\u00ed\u017ee a vytv\u00e1\u0159ej\u00ed plastickou, t\u00e9m\u011b\u0159 socha\u0159skou strukturu.<\/p>\n<p>Stav: velmi zachoval\u00fd, spodn\u00ed deska m\u00edsty trochu popraskan\u00fd lak; horn\u00ed deska perfektn\u00ed<br \/>\nRozm\u011br<br \/>\nV\u00fd\u0161ka: 70 cm<br \/>\nPr\u016fm\u011br desky: 70 cm<\/p>\n<p>&nbsp;<\/p>\n","protected":false},"excerpt":{"rendered":"<p>Konferen\u010dn\u00ed stolek z obdob\u00ed meziv\u00e1le\u010dn\u00e9ho art deca od design\u00e9ra Jind\u0159icha Halabaly. Elegantn\u00ed stolek s kulatou d\u00fdhovanou deskou, jej\u00ed\u017e \u017eiv\u00e1 kresba<\/p>\n","protected":false},"featured_media":26793,"template":"","meta":[],"product_brand":[],"product_cat":[91],"product_tag":[],"class_list":{"0":"post-26791","1":"product","2":"type-product","3":"status-publish","4":"has-post-thumbnail","6":"product_cat-prodane","7":"product_shipping_class-nadrozmerne","9":"first","10":"outofstock","11":"purchasable","12":"product-type-simple"},"_links":{"self":[{"href":"https:\/\/eterle.cz\/eshop\/wp-json\/wp\/v2\/product\/26791","targetHints":{"allow":["GET"]}}],"collection":[{"href":"https:\/\/eterle.cz\/eshop\/wp-json\/wp\/v2\/product"}],"about":[{"href":"https:\/\/eterle.cz\/eshop\/wp-json\/wp\/v2\/types\/product"}],"version-history":[{"count":1,"href":"https:\/\/eterle.cz\/eshop\/wp-json\/wp\/v2\/product\/26791\/revisions"}],"predecessor-version":[{"id":26792,"href":"https:\/\/eterle.cz\/eshop\/wp-json\/wp\/v2\/product\/26791\/revisions\/26792"}],"wp:featuredmedia":[{"embeddable":true,"href":"https:\/\/eterle.cz\/eshop\/wp-json\/wp\/v2\/media\/26793"}],"wp:attachment":[{"href":"https:\/\/eterle.cz\/eshop\/wp-json\/wp\/v2\/media?parent=26791"}],"wp:term":[{"taxonomy":"product_brand","embeddable":true,"href":"https:\/\/eterle.cz\/eshop\/wp-json\/wp\/v2\/product_brand?post=26791"},{"taxonomy":"product_cat","embeddable":true,"href":"https:\/\/eterle.cz\/eshop\/wp-json\/wp\/v2\/product_cat?post=26791"},{"taxonomy":"product_tag","embeddable":true,"href":"https:\/\/eterle.cz\/eshop\/wp-json\/wp\/v2\/product_tag?post=26791"}],"curies":[{"name":"wp","href":"https:\/\/api.w.org\/{rel}","templated":true}]}}