{"id":26810,"date":"2025-07-12T00:08:11","date_gmt":"2025-07-11T22:08:11","guid":{"rendered":"https:\/\/eterle.cz\/eshop\/produkt\/kreslo-a-taburet-tatra\/"},"modified":"2025-10-20T12:02:48","modified_gmt":"2025-10-20T10:02:48","slug":"kreslo-a-taburet-tatra","status":"publish","type":"product","link":"https:\/\/eterle.cz\/eshop\/produkt\/kreslo-a-taburet-tatra\/","title":{"rendered":"K\u0159eslo a taburet \/ Tatra"},"content":{"rendered":"<p>Ji\u017e pom\u011brn\u011b vz\u00e1cn\u00e9 d\u0159ev\u011bn\u00e9 k\u0159eslo spolu s taburetem z \u0161edes\u00e1t\u00fdch let minul\u00e9ho stolet\u00ed od \u010deskoslovensk\u00e9 n\u00e1bytk\u00e1\u0159sk\u00e9 firmy Tatra Pravenec, kter\u00e1 existovala mezi lety 1958 a 1990. Zab\u00fdvala se s\u00e9riovou v\u00fdrobou n\u00e1bytku, zejm\u00e9na sedac\u00edho z oh\u00fdban\u00e9ho d\u0159eva. Jednalo se o levn\u011bj\u0161\u00ed variantu k prvorepublikov\u00e9mu Thonetu. K\u0159eslo i taburet jsou po celkov\u00e9 renovaci. K\u0159eslo m\u00e1 kr\u00e1sn\u011b \u0159e\u0161en\u00e9 podru\u010dky z oh\u00fdban\u00e9 p\u0159ekli\u017eky a celkov\u011b styl elegantn\u00edho d\u00e1nsk\u00e9ho designu.<\/p>\n<p>Stav:po celkov\u00e9 renovaci<br \/>\nZna\u010dka: Tatra k\u0159eslo<br \/>\nRozm\u011br<br \/>\nV\u00fd\u0161ka: 80 cm<br \/>\n\u0160\u00ed\u0159ka: 70 cm<br \/>\nHloubka: 93 cm<br \/>\nHloubka sed\u00e1ku: 54 cm<br \/>\n\u0160\u00ed\u0159ka sed\u00e1ku: 56 cm<br \/>\nV\u00fd\u0161ka sed\u00e1ku: 45 cm<\/p>\n<p>Stav: po celkov\u00e9 renovaci<br \/>\nZna\u010dka: Tatra puf\u00edk<br \/>\nRozm\u011br<br \/>\nV\u00fd\u0161ka: 42 cm<br \/>\n\u0160\u00ed\u0159ka: 64 cm<br \/>\nHloubka: 64 cm<br \/>\nV\u00fd\u0161ka matrace: 15 cm<\/p>\n<p>&nbsp;<\/p>\n","protected":false},"excerpt":{"rendered":"<p>Ji\u017e pom\u011brn\u011b vz\u00e1cn\u00e9 d\u0159ev\u011bn\u00e9 k\u0159eslo spolu s taburetem z \u0161edes\u00e1t\u00fdch let minul\u00e9ho stolet\u00ed od \u010deskoslovensk\u00e9 n\u00e1bytk\u00e1\u0159sk\u00e9 firmy Tatra Pravenec, kter\u00e1<\/p>\n","protected":false},"featured_media":26812,"template":"","meta":[],"product_brand":[],"product_cat":[91],"product_tag":[],"class_list":{"0":"post-26810","1":"product","2":"type-product","3":"status-publish","4":"has-post-thumbnail","6":"product_cat-prodane","7":"product_shipping_class-nadrozmerne","9":"first","10":"outofstock","11":"purchasable","12":"product-type-simple"},"_links":{"self":[{"href":"https:\/\/eterle.cz\/eshop\/wp-json\/wp\/v2\/product\/26810","targetHints":{"allow":["GET"]}}],"collection":[{"href":"https:\/\/eterle.cz\/eshop\/wp-json\/wp\/v2\/product"}],"about":[{"href":"https:\/\/eterle.cz\/eshop\/wp-json\/wp\/v2\/types\/product"}],"version-history":[{"count":3,"href":"https:\/\/eterle.cz\/eshop\/wp-json\/wp\/v2\/product\/26810\/revisions"}],"predecessor-version":[{"id":28815,"href":"https:\/\/eterle.cz\/eshop\/wp-json\/wp\/v2\/product\/26810\/revisions\/28815"}],"wp:featuredmedia":[{"embeddable":true,"href":"https:\/\/eterle.cz\/eshop\/wp-json\/wp\/v2\/media\/26812"}],"wp:attachment":[{"href":"https:\/\/eterle.cz\/eshop\/wp-json\/wp\/v2\/media?parent=26810"}],"wp:term":[{"taxonomy":"product_brand","embeddable":true,"href":"https:\/\/eterle.cz\/eshop\/wp-json\/wp\/v2\/product_brand?post=26810"},{"taxonomy":"product_cat","embeddable":true,"href":"https:\/\/eterle.cz\/eshop\/wp-json\/wp\/v2\/product_cat?post=26810"},{"taxonomy":"product_tag","embeddable":true,"href":"https:\/\/eterle.cz\/eshop\/wp-json\/wp\/v2\/product_tag?post=26810"}],"curies":[{"name":"wp","href":"https:\/\/api.w.org\/{rel}","templated":true}]}}