{"id":26821,"date":"2025-07-12T00:08:17","date_gmt":"2025-07-11T22:08:17","guid":{"rendered":"https:\/\/eterle.cz\/eshop\/produkt\/kreslo-subtilni-chrom\/"},"modified":"2026-02-10T10:01:02","modified_gmt":"2026-02-10T09:01:02","slug":"kreslo-subtilni-chrom","status":"publish","type":"product","link":"https:\/\/eterle.cz\/eshop\/produkt\/kreslo-subtilni-chrom\/","title":{"rendered":"K\u0159eslo subtiln\u00ed chrom"},"content":{"rendered":"<p>Minimalistick\u00e9 k\u0159eslo s typick\u00fdmi znaky kancel\u00e1\u0159sk\u00e9ho i obytn\u00e9ho designu 70.\u201380. let minul\u00e9ho stolet\u00ed. Pru\u017en\u00e1 chromovan\u00e1 podno\u017e ve tvaru ly\u017ein poskytuje m\u00edrn\u00fd houpac\u00ed efekt a p\u0159\u00edjemn\u00e9 odpru\u017een\u00ed. \u010cern\u00e9 plastov\u00e9 podru\u010dky s decentn\u00edm sklonem dod\u00e1vaj\u00ed praktick\u00fd i estetick\u00fd akcent. K\u0159eslo p\u016fsob\u00ed modern\u011b a nad\u010dasov\u011b, bude perfektn\u00ed volbou do pracovny nebo \u010dtec\u00edho koutku.<\/p>\n<p>Stav: dobr\u00fd p\u016fvodn\u00ed stav, jedno k\u0159eslo mal\u00e1 d\u00edrka v \u010dalouneni; jedno k\u0159eslo trochu flek na \u010daloun\u011bni v\u0161e viz foto<br \/>\nRozm\u011br<br \/>\nV\u00fd\u0161ka: 90 cm<br \/>\n\u0160\u00ed\u0159ka: 60 cm<br \/>\nHloubka: 68 cm<br \/>\nHloubka sed\u00e1ku: 45 cm<br \/>\nV\u00fd\u0161ka sed\u00e1ku: 41 cm<\/p>\n<p>&nbsp;<\/p>\n","protected":false},"excerpt":{"rendered":"<p>Minimalistick\u00e9 k\u0159eslo s typick\u00fdmi znaky kancel\u00e1\u0159sk\u00e9ho i obytn\u00e9ho designu 70.\u201380. let minul\u00e9ho stolet\u00ed. Pru\u017en\u00e1 chromovan\u00e1 podno\u017e ve tvaru ly\u017ein poskytuje<\/p>\n","protected":false},"featured_media":26823,"template":"","meta":[],"product_brand":[],"product_cat":[130,122],"product_tag":[],"class_list":{"0":"post-26821","1":"product","2":"type-product","3":"status-publish","4":"has-post-thumbnail","6":"product_cat-nabytek","7":"product_cat-kresla-a-taburety","8":"product_shipping_class-nadrozmerne","10":"first","11":"instock","12":"purchasable","13":"product-type-simple"},"_links":{"self":[{"href":"https:\/\/eterle.cz\/eshop\/wp-json\/wp\/v2\/product\/26821","targetHints":{"allow":["GET"]}}],"collection":[{"href":"https:\/\/eterle.cz\/eshop\/wp-json\/wp\/v2\/product"}],"about":[{"href":"https:\/\/eterle.cz\/eshop\/wp-json\/wp\/v2\/types\/product"}],"version-history":[{"count":1,"href":"https:\/\/eterle.cz\/eshop\/wp-json\/wp\/v2\/product\/26821\/revisions"}],"predecessor-version":[{"id":26822,"href":"https:\/\/eterle.cz\/eshop\/wp-json\/wp\/v2\/product\/26821\/revisions\/26822"}],"wp:featuredmedia":[{"embeddable":true,"href":"https:\/\/eterle.cz\/eshop\/wp-json\/wp\/v2\/media\/26823"}],"wp:attachment":[{"href":"https:\/\/eterle.cz\/eshop\/wp-json\/wp\/v2\/media?parent=26821"}],"wp:term":[{"taxonomy":"product_brand","embeddable":true,"href":"https:\/\/eterle.cz\/eshop\/wp-json\/wp\/v2\/product_brand?post=26821"},{"taxonomy":"product_cat","embeddable":true,"href":"https:\/\/eterle.cz\/eshop\/wp-json\/wp\/v2\/product_cat?post=26821"},{"taxonomy":"product_tag","embeddable":true,"href":"https:\/\/eterle.cz\/eshop\/wp-json\/wp\/v2\/product_tag?post=26821"}],"curies":[{"name":"wp","href":"https:\/\/api.w.org\/{rel}","templated":true}]}}