{"id":26851,"date":"2025-07-12T00:08:37","date_gmt":"2025-07-11T22:08:37","guid":{"rendered":"https:\/\/eterle.cz\/eshop\/produkt\/rozkladaci-jidelni-stul-2\/"},"modified":"2025-10-20T12:02:47","modified_gmt":"2025-10-20T10:02:47","slug":"rozkladaci-jidelni-stul-2","status":"publish","type":"product","link":"https:\/\/eterle.cz\/eshop\/produkt\/rozkladaci-jidelni-stul-2\/","title":{"rendered":"Rozkl\u00e1dac\u00ed j\u00eddeln\u00ed st\u016fl"},"content":{"rendered":"<p>Elegantn\u00ed j\u00eddeln\u00ed st\u016fl, kter\u00fd d\u00edky sv\u00e9 rozkl\u00e1dac\u00ed funkci snadno p\u0159izp\u016fsob\u00edte po\u010dtu host\u016f. Zaoblen\u00e9 rohy desky a decentn\u011b tvarovan\u00e9 hrany spodn\u00edho r\u00e1mu dod\u00e1vaj\u00ed stolu m\u011bkk\u00fd, p\u0159\u00edv\u011btiv\u00fd v\u00fdraz.<\/p>\n<p>Stav: zachoval\u00fd, uprost\u0159ed chyb\u00ed kousek d\u00fdhy a pri bli\u017e\u0161\u00edm zkoum\u00e1n\u00ed na p\u00e1r m\u00edstech kousek d\u00fdhy chyb\u00ed<br \/>\nRozm\u011br<br \/>\nV\u00fd\u0161ka: 78 cm<br \/>\nHloubka: 89,5 cm<br \/>\nD\u00e9lka: 120 cm slo\u017een\u00fd, 175,5 cm rozlo\u017een\u00fd<\/p>\n<p>&nbsp;<\/p>\n","protected":false},"excerpt":{"rendered":"<p>Elegantn\u00ed j\u00eddeln\u00ed st\u016fl, kter\u00fd d\u00edky sv\u00e9 rozkl\u00e1dac\u00ed funkci snadno p\u0159izp\u016fsob\u00edte po\u010dtu host\u016f. Zaoblen\u00e9 rohy desky a decentn\u011b tvarovan\u00e9 hrany spodn\u00edho<\/p>\n","protected":false},"featured_media":26853,"template":"","meta":[],"product_brand":[],"product_cat":[91],"product_tag":[],"class_list":{"0":"post-26851","1":"product","2":"type-product","3":"status-publish","4":"has-post-thumbnail","6":"product_cat-prodane","7":"product_shipping_class-nadrozmerne","9":"first","10":"outofstock","11":"purchasable","12":"product-type-simple"},"_links":{"self":[{"href":"https:\/\/eterle.cz\/eshop\/wp-json\/wp\/v2\/product\/26851","targetHints":{"allow":["GET"]}}],"collection":[{"href":"https:\/\/eterle.cz\/eshop\/wp-json\/wp\/v2\/product"}],"about":[{"href":"https:\/\/eterle.cz\/eshop\/wp-json\/wp\/v2\/types\/product"}],"version-history":[{"count":6,"href":"https:\/\/eterle.cz\/eshop\/wp-json\/wp\/v2\/product\/26851\/revisions"}],"predecessor-version":[{"id":29408,"href":"https:\/\/eterle.cz\/eshop\/wp-json\/wp\/v2\/product\/26851\/revisions\/29408"}],"wp:featuredmedia":[{"embeddable":true,"href":"https:\/\/eterle.cz\/eshop\/wp-json\/wp\/v2\/media\/26853"}],"wp:attachment":[{"href":"https:\/\/eterle.cz\/eshop\/wp-json\/wp\/v2\/media?parent=26851"}],"wp:term":[{"taxonomy":"product_brand","embeddable":true,"href":"https:\/\/eterle.cz\/eshop\/wp-json\/wp\/v2\/product_brand?post=26851"},{"taxonomy":"product_cat","embeddable":true,"href":"https:\/\/eterle.cz\/eshop\/wp-json\/wp\/v2\/product_cat?post=26851"},{"taxonomy":"product_tag","embeddable":true,"href":"https:\/\/eterle.cz\/eshop\/wp-json\/wp\/v2\/product_tag?post=26851"}],"curies":[{"name":"wp","href":"https:\/\/api.w.org\/{rel}","templated":true}]}}