{"id":26865,"date":"2025-07-12T00:08:44","date_gmt":"2025-07-11T22:08:44","guid":{"rendered":"https:\/\/eterle.cz\/eshop\/produkt\/barova-skrinka\/"},"modified":"2025-10-20T12:02:47","modified_gmt":"2025-10-20T10:02:47","slug":"barova-skrinka","status":"publish","type":"product","link":"https:\/\/eterle.cz\/eshop\/produkt\/barova-skrinka\/","title":{"rendered":"Barov\u00e1 sk\u0159\u00ed\u0148ka"},"content":{"rendered":"<p>Barov\u00e1 sk\u0159\u00ed\u0148ka s ladn\u011b zaoblen\u00fdmi hranami, kter\u00e1 v sob\u011b ukr\u00fdv\u00e1 elegantn\u00ed p\u0159ekvapen\u00ed. Po otev\u0159en\u00ed horn\u00ed \u010d\u00e1sti se odkryje zrcadlov\u00fd interi\u00e9r s kovov\u00fdm dr\u017e\u00e1kem na skleni\u010dky, ide\u00e1ln\u00ed na stylov\u00e9 serv\u00edrov\u00e1n\u00ed n\u00e1poj\u016f. Ve spodn\u00ed \u010d\u00e1sti se nach\u00e1z\u00ed uzamykateln\u00fd \u0161upl\u00edk pro uschov\u00e1n\u00ed v\u0161eho pot\u0159ebn\u00e9ho. Decentn\u00ed dekor d\u0159eva a tvaroslov\u00ed odkazuj\u00ed na meziv\u00e1le\u010dnou modernu, kter\u00e1 klade d\u016fraz na funk\u010dnost a \u010distou linii.<\/p>\n<p>Stav: zachoval\u00fd, patina na kovov\u00fdch \u010d\u00e1stech<br \/>\nRozm\u011br<br \/>\nV\u00fd\u0161ka: 65 cm<br \/>\nHloubka: 74 cm<br \/>\n\u0160\u00ed\u0159ka: 39,5<\/p>\n<p>&nbsp;<\/p>\n","protected":false},"excerpt":{"rendered":"<p>Barov\u00e1 sk\u0159\u00ed\u0148ka s ladn\u011b zaoblen\u00fdmi hranami, kter\u00e1 v sob\u011b ukr\u00fdv\u00e1 elegantn\u00ed p\u0159ekvapen\u00ed. Po otev\u0159en\u00ed horn\u00ed \u010d\u00e1sti se odkryje zrcadlov\u00fd interi\u00e9r<\/p>\n","protected":false},"featured_media":26867,"template":"","meta":[],"product_brand":[],"product_cat":[91],"product_tag":[],"class_list":{"0":"post-26865","1":"product","2":"type-product","3":"status-publish","4":"has-post-thumbnail","6":"product_cat-prodane","7":"product_shipping_class-nadrozmerne","9":"first","10":"outofstock","11":"purchasable","12":"product-type-simple"},"_links":{"self":[{"href":"https:\/\/eterle.cz\/eshop\/wp-json\/wp\/v2\/product\/26865","targetHints":{"allow":["GET"]}}],"collection":[{"href":"https:\/\/eterle.cz\/eshop\/wp-json\/wp\/v2\/product"}],"about":[{"href":"https:\/\/eterle.cz\/eshop\/wp-json\/wp\/v2\/types\/product"}],"version-history":[{"count":1,"href":"https:\/\/eterle.cz\/eshop\/wp-json\/wp\/v2\/product\/26865\/revisions"}],"predecessor-version":[{"id":26866,"href":"https:\/\/eterle.cz\/eshop\/wp-json\/wp\/v2\/product\/26865\/revisions\/26866"}],"wp:featuredmedia":[{"embeddable":true,"href":"https:\/\/eterle.cz\/eshop\/wp-json\/wp\/v2\/media\/26867"}],"wp:attachment":[{"href":"https:\/\/eterle.cz\/eshop\/wp-json\/wp\/v2\/media?parent=26865"}],"wp:term":[{"taxonomy":"product_brand","embeddable":true,"href":"https:\/\/eterle.cz\/eshop\/wp-json\/wp\/v2\/product_brand?post=26865"},{"taxonomy":"product_cat","embeddable":true,"href":"https:\/\/eterle.cz\/eshop\/wp-json\/wp\/v2\/product_cat?post=26865"},{"taxonomy":"product_tag","embeddable":true,"href":"https:\/\/eterle.cz\/eshop\/wp-json\/wp\/v2\/product_tag?post=26865"}],"curies":[{"name":"wp","href":"https:\/\/api.w.org\/{rel}","templated":true}]}}