{"id":26886,"date":"2025-07-12T00:08:56","date_gmt":"2025-07-11T22:08:56","guid":{"rendered":"https:\/\/eterle.cz\/eshop\/produkt\/komoda-u-458-jiroutek-2\/"},"modified":"2025-10-20T12:02:47","modified_gmt":"2025-10-20T10:02:47","slug":"komoda-u-458-jiroutek-2","status":"publish","type":"product","link":"https:\/\/eterle.cz\/eshop\/produkt\/komoda-u-458-jiroutek-2\/","title":{"rendered":"Komoda U-458 \/ Jiroutek"},"content":{"rendered":"<p>Sk\u0159\u00ed\u0148ka poch\u00e1zej\u00edc\u00ed ze slavn\u00e9 s\u00e9rie Universal (U-450), kterou navrhl v roce 1958 pro \u010deskoslovensk\u00fd n\u00e1rodn\u00ed podnik Interi\u00e9r Praha \u010desk\u00fd n\u00e1vrh\u00e1\u0159 Ji\u0159\u00ed Jiroutek. Po \u00fasp\u011bchu \u010desk\u00e9ho pavilonu na Bruselsk\u00e9m Expu \u201858 n\u00e1sledoval rozmach modernistick\u00e9ho stylu (v \u010ceskoslovensku zvan\u00fd \u201eBruselsk\u00fd styl\u201c).<br \/>\nJedn\u00edm z nejv\u00fdrazn\u011bj\u0161\u00edch p\u0159edstavitel\u016f bruselsk\u00e9ho stylu jsou pr\u00e1v\u011b sk\u0159\u00ed\u0148ky a komody ze s\u00e9rie U-450 s typickou barevnost\u00ed a \u0161ikm\u00fdma no\u017ei\u010dkama. Sk\u0159\u00ed\u0148ka s ozna\u010den\u00edm U-458 je rozd\u011blena na \u00falo\u017enou \u010d\u00e1st s pod\u00e9lnou polic\u00ed a \u010d\u00e1st se \u010dty\u0159mi \u0161upl\u00edky.<\/p>\n<p>Stav: perfektn\u00ed, p\u016fvodn\u00ed<br \/>\nZna\u010dka: Jiroutek<br \/>\nRozm\u011br<br \/>\nV\u00fd\u0161ka: 76 cm<br \/>\nHloubka: 45 cm<br \/>\n\u0160\u00ed\u0159ka: 110 cm<\/p>\n<p>&nbsp;<\/p>\n","protected":false},"excerpt":{"rendered":"<p>Sk\u0159\u00ed\u0148ka poch\u00e1zej\u00edc\u00ed ze slavn\u00e9 s\u00e9rie Universal (U-450), kterou navrhl v roce 1958 pro \u010deskoslovensk\u00fd n\u00e1rodn\u00ed podnik Interi\u00e9r Praha \u010desk\u00fd n\u00e1vrh\u00e1\u0159<\/p>\n","protected":false},"featured_media":26888,"template":"","meta":[],"product_brand":[],"product_cat":[91],"product_tag":[],"class_list":{"0":"post-26886","1":"product","2":"type-product","3":"status-publish","4":"has-post-thumbnail","6":"product_cat-prodane","7":"product_shipping_class-nadrozmerne","9":"first","10":"outofstock","11":"purchasable","12":"product-type-simple"},"_links":{"self":[{"href":"https:\/\/eterle.cz\/eshop\/wp-json\/wp\/v2\/product\/26886","targetHints":{"allow":["GET"]}}],"collection":[{"href":"https:\/\/eterle.cz\/eshop\/wp-json\/wp\/v2\/product"}],"about":[{"href":"https:\/\/eterle.cz\/eshop\/wp-json\/wp\/v2\/types\/product"}],"version-history":[{"count":1,"href":"https:\/\/eterle.cz\/eshop\/wp-json\/wp\/v2\/product\/26886\/revisions"}],"predecessor-version":[{"id":26887,"href":"https:\/\/eterle.cz\/eshop\/wp-json\/wp\/v2\/product\/26886\/revisions\/26887"}],"wp:featuredmedia":[{"embeddable":true,"href":"https:\/\/eterle.cz\/eshop\/wp-json\/wp\/v2\/media\/26888"}],"wp:attachment":[{"href":"https:\/\/eterle.cz\/eshop\/wp-json\/wp\/v2\/media?parent=26886"}],"wp:term":[{"taxonomy":"product_brand","embeddable":true,"href":"https:\/\/eterle.cz\/eshop\/wp-json\/wp\/v2\/product_brand?post=26886"},{"taxonomy":"product_cat","embeddable":true,"href":"https:\/\/eterle.cz\/eshop\/wp-json\/wp\/v2\/product_cat?post=26886"},{"taxonomy":"product_tag","embeddable":true,"href":"https:\/\/eterle.cz\/eshop\/wp-json\/wp\/v2\/product_tag?post=26886"}],"curies":[{"name":"wp","href":"https:\/\/api.w.org\/{rel}","templated":true}]}}