{"id":26945,"date":"2025-07-12T00:09:37","date_gmt":"2025-07-11T22:09:37","guid":{"rendered":"https:\/\/eterle.cz\/eshop\/produkt\/kreslo-typu-usak-navratil-2\/"},"modified":"2026-02-09T23:33:13","modified_gmt":"2026-02-09T22:33:13","slug":"kreslo-typu-usak-navratil-2","status":"publish","type":"product","link":"https:\/\/eterle.cz\/eshop\/produkt\/kreslo-typu-usak-navratil-2\/","title":{"rendered":"K\u0159eslo typu u\u0161\u00e1k \/ Navr\u00e1til"},"content":{"rendered":"<p>Vz\u00e1cn\u00e9 a designov\u011b velmi cen\u011bn\u00e9 retro k\u0159eslo od \u010desk\u00e9ho n\u00e1vrh\u00e1\u0159e Miroslava Navr\u00e1tila. Bylo vyr\u00e1b\u011bno v 60. letech minul\u00e9ho stolet\u00ed v omezen\u00e9m mno\u017estv\u00ed. K\u0159eslo tvo\u0159\u00ed o\u010daloun\u011bn\u00fd lamin\u00e1tov\u00fd skelet dopln\u011bn\u00fd o kovov\u00e9 podno\u017e\u00ed.<\/p>\n<p>Stav: po celkov\u00e9 renovaci<br \/>\nZna\u010dka: Navr\u00e1til<br \/>\nRozm\u011br<br \/>\nV\u00fd\u0161ka: 104 cm<br \/>\nHloubka: 78 cm<br \/>\n\u0160\u00ed\u0159ka: 74 cm<br \/>\nV\u00fd\u0161ka sed\u00e1ku: 35 cm<br \/>\n\u0160\u00ed\u0159ka sed\u00e1ku: 40 cm<br \/>\nHloubka sed\u00e1ku: 45 cm<\/p>\n<p>&nbsp;<\/p>\n","protected":false},"excerpt":{"rendered":"<p>Vz\u00e1cn\u00e9 a designov\u011b velmi cen\u011bn\u00e9 retro k\u0159eslo od \u010desk\u00e9ho n\u00e1vrh\u00e1\u0159e Miroslava Navr\u00e1tila. Bylo vyr\u00e1b\u011bno v 60. letech minul\u00e9ho stolet\u00ed v<\/p>\n","protected":false},"featured_media":26947,"template":"","meta":[],"product_brand":[],"product_cat":[130,122],"product_tag":[],"class_list":{"0":"post-26945","1":"product","2":"type-product","3":"status-publish","4":"has-post-thumbnail","6":"product_cat-nabytek","7":"product_cat-kresla-a-taburety","8":"product_shipping_class-nadrozmerne","10":"first","11":"instock","12":"featured","13":"purchasable","14":"product-type-simple"},"_links":{"self":[{"href":"https:\/\/eterle.cz\/eshop\/wp-json\/wp\/v2\/product\/26945","targetHints":{"allow":["GET"]}}],"collection":[{"href":"https:\/\/eterle.cz\/eshop\/wp-json\/wp\/v2\/product"}],"about":[{"href":"https:\/\/eterle.cz\/eshop\/wp-json\/wp\/v2\/types\/product"}],"version-history":[{"count":1,"href":"https:\/\/eterle.cz\/eshop\/wp-json\/wp\/v2\/product\/26945\/revisions"}],"predecessor-version":[{"id":26946,"href":"https:\/\/eterle.cz\/eshop\/wp-json\/wp\/v2\/product\/26945\/revisions\/26946"}],"wp:featuredmedia":[{"embeddable":true,"href":"https:\/\/eterle.cz\/eshop\/wp-json\/wp\/v2\/media\/26947"}],"wp:attachment":[{"href":"https:\/\/eterle.cz\/eshop\/wp-json\/wp\/v2\/media?parent=26945"}],"wp:term":[{"taxonomy":"product_brand","embeddable":true,"href":"https:\/\/eterle.cz\/eshop\/wp-json\/wp\/v2\/product_brand?post=26945"},{"taxonomy":"product_cat","embeddable":true,"href":"https:\/\/eterle.cz\/eshop\/wp-json\/wp\/v2\/product_cat?post=26945"},{"taxonomy":"product_tag","embeddable":true,"href":"https:\/\/eterle.cz\/eshop\/wp-json\/wp\/v2\/product_tag?post=26945"}],"curies":[{"name":"wp","href":"https:\/\/api.w.org\/{rel}","templated":true}]}}