{"id":26969,"date":"2025-07-12T00:13:52","date_gmt":"2025-07-11T22:13:52","guid":{"rendered":"https:\/\/eterle.cz\/eshop\/produkt\/jidelni-sada-pro-6-thomas-2\/"},"modified":"2026-01-01T19:19:42","modified_gmt":"2026-01-01T18:19:42","slug":"jidelni-sada-pro-6-thomas-2","status":"publish","type":"product","link":"https:\/\/eterle.cz\/eshop\/produkt\/jidelni-sada-pro-6-thomas-2\/","title":{"rendered":"J\u00eddeln\u00ed sada pro 6 \/ Thomas"},"content":{"rendered":"<p>J\u00eddeln\u00ed sada od n\u011bmeck\u00e9 porcel\u00e1nky Thomas, spadaj\u00edc\u00ed do skupiny Rosenthal. Jak u\u017e u t\u00e9to zna\u010dky b\u00fdv\u00e1 porcel\u00e1n p\u016fsob\u00ed modern\u00edm a minimalistick\u00fdm dojmem. Kombinace b\u00edl\u00e9 a tmav\u011bmodr\u00e9 barvy je v\u017edy velmi efektn\u00ed.<\/p>\n<p>Sada obsahuje 22 kus\u016f: 6 m\u011blk\u00fdch tal\u00ed\u0159\u016f, 6 hlubok\u00fdch tal\u00ed\u0159\u016f, 6 dezertn\u00edch tal\u00ed\u0159\u016f, terina, om\u00e1\u010dkovn\u00edk, sal\u00e1tov\u00e1 m\u00edsa, ov\u00e1ln\u00fd t\u00e1c<\/p>\n<p>Stav: v\u00fdborn\u00fd<br \/>\nZna\u010dka: Thomas<br \/>\nRozm\u011br<br \/>\nPr\u016fm\u011br m\u011blk\u00e9ho tal\u00ed\u0159e: 24 cm<br \/>\nPr\u016fm\u011br hlubok\u00e9ho tal\u00ed\u0159e: 22 cm<br \/>\nPr\u016fm\u011br dezert\u00edho tal\u00ed\u0159ku: 18 cm<br \/>\nObjem teriny: 1 l<br \/>\nOv\u00e1ln\u00e1 m\u00edsa: 26 cm x 17 cm<br \/>\nPr\u016fm\u011br sal\u00e1tov\u00e9 m\u00edsy: 17 cm<br \/>\nObjem om\u00e1\u010dn\u00edku: 200 ml<\/p>\n<p>&nbsp;<\/p>\n","protected":false},"excerpt":{"rendered":"<p>J\u00eddeln\u00ed sada od n\u011bmeck\u00e9 porcel\u00e1nky Thomas, spadaj\u00edc\u00ed do skupiny Rosenthal. Jak u\u017e u t\u00e9to zna\u010dky b\u00fdv\u00e1 porcel\u00e1n p\u016fsob\u00ed modern\u00edm a<\/p>\n","protected":false},"featured_media":26971,"template":"","meta":[],"product_brand":[],"product_cat":[76,111],"product_tag":[],"class_list":{"0":"post-26969","1":"product","2":"type-product","3":"status-publish","4":"has-post-thumbnail","6":"product_cat-porcelan","7":"product_cat-porcelanove-sady","8":"product_shipping_class-nadrozmerne","10":"first","11":"instock","12":"purchasable","13":"product-type-simple"},"_links":{"self":[{"href":"https:\/\/eterle.cz\/eshop\/wp-json\/wp\/v2\/product\/26969","targetHints":{"allow":["GET"]}}],"collection":[{"href":"https:\/\/eterle.cz\/eshop\/wp-json\/wp\/v2\/product"}],"about":[{"href":"https:\/\/eterle.cz\/eshop\/wp-json\/wp\/v2\/types\/product"}],"version-history":[{"count":2,"href":"https:\/\/eterle.cz\/eshop\/wp-json\/wp\/v2\/product\/26969\/revisions"}],"predecessor-version":[{"id":31352,"href":"https:\/\/eterle.cz\/eshop\/wp-json\/wp\/v2\/product\/26969\/revisions\/31352"}],"wp:featuredmedia":[{"embeddable":true,"href":"https:\/\/eterle.cz\/eshop\/wp-json\/wp\/v2\/media\/26971"}],"wp:attachment":[{"href":"https:\/\/eterle.cz\/eshop\/wp-json\/wp\/v2\/media?parent=26969"}],"wp:term":[{"taxonomy":"product_brand","embeddable":true,"href":"https:\/\/eterle.cz\/eshop\/wp-json\/wp\/v2\/product_brand?post=26969"},{"taxonomy":"product_cat","embeddable":true,"href":"https:\/\/eterle.cz\/eshop\/wp-json\/wp\/v2\/product_cat?post=26969"},{"taxonomy":"product_tag","embeddable":true,"href":"https:\/\/eterle.cz\/eshop\/wp-json\/wp\/v2\/product_tag?post=26969"}],"curies":[{"name":"wp","href":"https:\/\/api.w.org\/{rel}","templated":true}]}}