{"id":26980,"date":"2025-07-12T00:13:57","date_gmt":"2025-07-11T22:13:57","guid":{"rendered":"https:\/\/eterle.cz\/eshop\/produkt\/cajova-sada-pro-4-kaestner\/"},"modified":"2025-10-20T12:02:45","modified_gmt":"2025-10-20T10:02:45","slug":"cajova-sada-pro-4-kaestner","status":"publish","type":"product","link":"https:\/\/eterle.cz\/eshop\/produkt\/cajova-sada-pro-4-kaestner\/","title":{"rendered":"\u010cajov\u00e1 sada pro 4 \/ Kaestner"},"content":{"rendered":"<p>\u010cajov\u00e1 souprava ve stylu secese poch\u00e1z\u00ed z porcel\u00e1nky Kaestner, kter\u00e1 byla zalo\u017eena v roce 1883 v Oberhohndorfu v N\u011bmecku. Tov\u00e1rna byla rodinn\u00fdm podnikem zn\u00e1m\u00fdm sv\u00fdmi vysoce kvalitn\u00edmi a detailn\u011b propracovan\u00fdmi porcel\u00e1nov\u00fdmi v\u00fdrobky, zejm\u00e9na ve 30. letech 20. stolet\u00ed. Rovn\u011b\u017e na t\u00e9to sad\u011b je vid\u011bt jemn\u00fd detailn\u011b propracovan\u00fd dekor v modro zlat\u00e9 barv\u011b. V roce 1971 byla uzav\u0159ena. <\/p>\n<p>Sada obsahuje: \u010dajovou konvici, cuk\u0159enku, ml\u00e9kovku, 4 hrne\u010dky s pod\u0161\u00e1lkem<\/p>\n<p>Stav: dobr\u00fd, na n\u011bkter\u00e9m tal\u00ed\u0159ku trochu set\u0159en\u00e1 zlat\u00e1 linka<br \/>\nZna\u010dka: Kaestner<br \/>\nRozm\u011br<br \/>\nObjem konvice: 1,8 l<br \/>\nObjem ml\u00e9kovky: 400 ml<br \/>\nObjem hrne\u010dku: 100 ml<br \/>\nPr\u016fm\u011br pod\u0161\u00e1lku: 13 cm<br \/>\nV\u00fd\u0161ka cuk\u0159enky: 14 cm<\/p>\n<p>&nbsp;<\/p>\n","protected":false},"excerpt":{"rendered":"<p>\u010cajov\u00e1 souprava ve stylu secese poch\u00e1z\u00ed z porcel\u00e1nky Kaestner, kter\u00e1 byla zalo\u017eena v roce 1883 v Oberhohndorfu v N\u011bmecku. Tov\u00e1rna<\/p>\n","protected":false},"featured_media":26982,"template":"","meta":[],"product_brand":[],"product_cat":[76,111],"product_tag":[],"class_list":{"0":"post-26980","1":"product","2":"type-product","3":"status-publish","4":"has-post-thumbnail","6":"product_cat-porcelan","7":"product_cat-porcelanove-sady","9":"first","10":"instock","11":"purchasable","12":"product-type-simple"},"_links":{"self":[{"href":"https:\/\/eterle.cz\/eshop\/wp-json\/wp\/v2\/product\/26980","targetHints":{"allow":["GET"]}}],"collection":[{"href":"https:\/\/eterle.cz\/eshop\/wp-json\/wp\/v2\/product"}],"about":[{"href":"https:\/\/eterle.cz\/eshop\/wp-json\/wp\/v2\/types\/product"}],"version-history":[{"count":1,"href":"https:\/\/eterle.cz\/eshop\/wp-json\/wp\/v2\/product\/26980\/revisions"}],"predecessor-version":[{"id":26981,"href":"https:\/\/eterle.cz\/eshop\/wp-json\/wp\/v2\/product\/26980\/revisions\/26981"}],"wp:featuredmedia":[{"embeddable":true,"href":"https:\/\/eterle.cz\/eshop\/wp-json\/wp\/v2\/media\/26982"}],"wp:attachment":[{"href":"https:\/\/eterle.cz\/eshop\/wp-json\/wp\/v2\/media?parent=26980"}],"wp:term":[{"taxonomy":"product_brand","embeddable":true,"href":"https:\/\/eterle.cz\/eshop\/wp-json\/wp\/v2\/product_brand?post=26980"},{"taxonomy":"product_cat","embeddable":true,"href":"https:\/\/eterle.cz\/eshop\/wp-json\/wp\/v2\/product_cat?post=26980"},{"taxonomy":"product_tag","embeddable":true,"href":"https:\/\/eterle.cz\/eshop\/wp-json\/wp\/v2\/product_tag?post=26980"}],"curies":[{"name":"wp","href":"https:\/\/api.w.org\/{rel}","templated":true}]}}