{"id":27001,"date":"2025-07-12T00:14:10","date_gmt":"2025-07-11T22:14:10","guid":{"rendered":"https:\/\/eterle.cz\/eshop\/produkt\/cajova-sada-pro-6-thomas\/"},"modified":"2025-10-20T12:02:44","modified_gmt":"2025-10-20T10:02:44","slug":"cajova-sada-pro-6-thomas","status":"publish","type":"product","link":"https:\/\/eterle.cz\/eshop\/produkt\/cajova-sada-pro-6-thomas\/","title":{"rendered":"\u010cajov\u00e1 sada pro 6 \/ Thomas"},"content":{"rendered":"<p>\u010cajov\u00e1 souprava pro 6 osob od n\u011bmeck\u00e9 porcel\u00e1nky Thomas poch\u00e1z\u00ed z kolekce kolekce Trend. Tato \u0159ada vznikla v 80. letech minul\u00e9ho stolet\u00ed a je zn\u00e1m\u00e1 sv\u00fdm nad\u010dasov\u00fdm a funk\u010dn\u00edm designem ovlivn\u011bn\u00fdm Skandin\u00e1vi\u00ed. Brzy se stala popul\u00e1rn\u00ed a trvalou \u0159adou zna\u010dky Thomas. Charakteristick\u00e9 jsou pro tuto \u0159adu soust\u0159edn\u00e9 dr\u00e1\u017eky, kter\u00e9 jsou zde nav\u00edc obohaceny motivem mal\u00fdch pt\u00e1\u010dk\u016f, kte\u0159\u00ed p\u016fsob\u00ed jakoby vla\u0161tovky sed\u00edc\u00ed na dr\u00e1tech.<\/p>\n<p>Sada obsahuje 21 kus\u016f: \u010dajovou konvici, 6 dezertn\u00edch tal\u00ed\u0159k\u016f, cuk\u0159enku, ml\u00e9kovku, 6 hrne\u010dk\u016f s pod\u0161\u00e1lkem<\/p>\n<p>Stav: v\u00fdborn\u00fd jen na v\u00ed\u010dku od cuk\u0159enky je drobn\u00fd kaz v glazu\u0159e<br \/>\nZna\u010dka: Thomas<br \/>\nRozm\u011br<br \/>\nObjem konvice: 1 l<br \/>\nObjem hrne\u010dku: 100 ml<br \/>\nPr\u016fm\u011br pod\u0161\u00e1lku: 14 cm<br \/>\nPr\u016fm\u011br dezertn\u00edho tal\u00ed\u0159ku: 20 cm<br \/>\nObjem ml\u00e9kovky: 150 ml<br \/>\nV\u00fd\u0161ka cuk\u0159enky: 9 cm<\/p>\n<p>&nbsp;<\/p>\n","protected":false},"excerpt":{"rendered":"<p>\u010cajov\u00e1 souprava pro 6 osob od n\u011bmeck\u00e9 porcel\u00e1nky Thomas poch\u00e1z\u00ed z kolekce kolekce Trend. Tato \u0159ada vznikla v 80. letech<\/p>\n","protected":false},"featured_media":27003,"template":"","meta":[],"product_brand":[],"product_cat":[76,111],"product_tag":[],"class_list":{"0":"post-27001","1":"product","2":"type-product","3":"status-publish","4":"has-post-thumbnail","6":"product_cat-porcelan","7":"product_cat-porcelanove-sady","9":"first","10":"instock","11":"purchasable","12":"product-type-simple"},"_links":{"self":[{"href":"https:\/\/eterle.cz\/eshop\/wp-json\/wp\/v2\/product\/27001","targetHints":{"allow":["GET"]}}],"collection":[{"href":"https:\/\/eterle.cz\/eshop\/wp-json\/wp\/v2\/product"}],"about":[{"href":"https:\/\/eterle.cz\/eshop\/wp-json\/wp\/v2\/types\/product"}],"version-history":[{"count":1,"href":"https:\/\/eterle.cz\/eshop\/wp-json\/wp\/v2\/product\/27001\/revisions"}],"predecessor-version":[{"id":27002,"href":"https:\/\/eterle.cz\/eshop\/wp-json\/wp\/v2\/product\/27001\/revisions\/27002"}],"wp:featuredmedia":[{"embeddable":true,"href":"https:\/\/eterle.cz\/eshop\/wp-json\/wp\/v2\/media\/27003"}],"wp:attachment":[{"href":"https:\/\/eterle.cz\/eshop\/wp-json\/wp\/v2\/media?parent=27001"}],"wp:term":[{"taxonomy":"product_brand","embeddable":true,"href":"https:\/\/eterle.cz\/eshop\/wp-json\/wp\/v2\/product_brand?post=27001"},{"taxonomy":"product_cat","embeddable":true,"href":"https:\/\/eterle.cz\/eshop\/wp-json\/wp\/v2\/product_cat?post=27001"},{"taxonomy":"product_tag","embeddable":true,"href":"https:\/\/eterle.cz\/eshop\/wp-json\/wp\/v2\/product_tag?post=27001"}],"curies":[{"name":"wp","href":"https:\/\/api.w.org\/{rel}","templated":true}]}}