{"id":27023,"date":"2025-07-12T00:14:22","date_gmt":"2025-07-11T22:14:22","guid":{"rendered":"https:\/\/eterle.cz\/eshop\/produkt\/konvicka-rosenthal-2\/"},"modified":"2026-03-30T16:36:12","modified_gmt":"2026-03-30T14:36:12","slug":"konvicka-rosenthal-2","status":"publish","type":"product","link":"https:\/\/eterle.cz\/eshop\/produkt\/konvicka-rosenthal-2\/","title":{"rendered":"Konvi\u010dka \/ Rosenthal"},"content":{"rendered":"<p>\u010cajov\u00e1 konvice od n\u011bmeck\u00e9 porcel\u00e1nky Rosenthal z kolekce Maria.Tato kolekce vznikla jako pocta man\u017eelce Philippa Rosenthala. L\u00e1ska k jeho \u017een\u011b Marii byla natolik v\u00fdjime\u010dn\u00e1, \u017ee vytvo\u0159il porcel\u00e1nov\u00fd servis a pojmenoval ho po ni. Maria se stala nejprod\u00e1van\u011bj\u0161\u00ed kolekc\u00ed Rosenthal a st\u00e1le je jedna z nejv\u00fdznamn\u011bj\u0161\u00edch \u0159ad v dne\u0161n\u00edm sortimentu zna\u010dky.<\/p>\n<p>Stav: velmi dobr\u00fd<br \/>\nZna\u010dka: Rosenhal<br \/>\nRozm\u011br<br \/>\nObjem konvice: 1 l<\/p>\n<p>&nbsp;<\/p>\n","protected":false},"excerpt":{"rendered":"<p>\u010cajov\u00e1 konvice od n\u011bmeck\u00e9 porcel\u00e1nky Rosenthal z kolekce Maria.Tato kolekce vznikla jako pocta man\u017eelce Philippa Rosenthala. L\u00e1ska k jeho \u017een\u011b<\/p>\n","protected":false},"featured_media":27025,"template":"","meta":[],"product_brand":[],"product_cat":[76,107,101],"product_tag":[],"class_list":{"0":"post-27023","1":"product","2":"type-product","3":"status-publish","4":"has-post-thumbnail","6":"product_cat-porcelan","7":"product_cat-konvicky","8":"product_cat-rosenthal","10":"first","11":"instock","12":"purchasable","13":"product-type-simple"},"_links":{"self":[{"href":"https:\/\/eterle.cz\/eshop\/wp-json\/wp\/v2\/product\/27023","targetHints":{"allow":["GET"]}}],"collection":[{"href":"https:\/\/eterle.cz\/eshop\/wp-json\/wp\/v2\/product"}],"about":[{"href":"https:\/\/eterle.cz\/eshop\/wp-json\/wp\/v2\/types\/product"}],"version-history":[{"count":1,"href":"https:\/\/eterle.cz\/eshop\/wp-json\/wp\/v2\/product\/27023\/revisions"}],"predecessor-version":[{"id":27024,"href":"https:\/\/eterle.cz\/eshop\/wp-json\/wp\/v2\/product\/27023\/revisions\/27024"}],"wp:featuredmedia":[{"embeddable":true,"href":"https:\/\/eterle.cz\/eshop\/wp-json\/wp\/v2\/media\/27025"}],"wp:attachment":[{"href":"https:\/\/eterle.cz\/eshop\/wp-json\/wp\/v2\/media?parent=27023"}],"wp:term":[{"taxonomy":"product_brand","embeddable":true,"href":"https:\/\/eterle.cz\/eshop\/wp-json\/wp\/v2\/product_brand?post=27023"},{"taxonomy":"product_cat","embeddable":true,"href":"https:\/\/eterle.cz\/eshop\/wp-json\/wp\/v2\/product_cat?post=27023"},{"taxonomy":"product_tag","embeddable":true,"href":"https:\/\/eterle.cz\/eshop\/wp-json\/wp\/v2\/product_tag?post=27023"}],"curies":[{"name":"wp","href":"https:\/\/api.w.org\/{rel}","templated":true}]}}