{"id":27104,"date":"2025-07-12T00:15:10","date_gmt":"2025-07-11T22:15:10","guid":{"rendered":"https:\/\/eterle.cz\/eshop\/produkt\/skolni-plakat-secese-ii-2\/"},"modified":"2025-10-20T12:01:37","modified_gmt":"2025-10-20T10:01:37","slug":"skolni-plakat-secese-ii-2","status":"publish","type":"product","link":"https:\/\/eterle.cz\/eshop\/produkt\/skolni-plakat-secese-ii-2\/","title":{"rendered":"\u0160koln\u00ed plak\u00e1t Secese II"},"content":{"rendered":"<p>\u0160koln\u00ed plak\u00e1t secese II &#8211; Hlavn\u00ed n\u00e1dra\u017e\u00ed.  Ze zadn\u00ed strany plak\u00e1tu naleznete i podrobn\u00fd popis tohoto slohu, navazuje na popis z plak\u00e1tu secese I.<\/p>\n<p>Stav: velmi dobr\u00fd<br \/>\nRozm\u011br<br \/>\nV\u00fd\u0161ka: 98 cm<br \/>\n\u0160\u00ed\u0159ka: 71 cm<\/p>\n<p>&nbsp;<\/p>\n","protected":false},"excerpt":{"rendered":"<p>\u0160koln\u00ed plak\u00e1t secese II &#8211; Hlavn\u00ed n\u00e1dra\u017e\u00ed. Ze zadn\u00ed strany plak\u00e1tu naleznete i podrobn\u00fd popis tohoto slohu, navazuje na popis<\/p>\n","protected":false},"featured_media":27106,"template":"","meta":[],"product_brand":[],"product_cat":[91],"product_tag":[],"class_list":{"0":"post-27104","1":"product","2":"type-product","3":"status-publish","4":"has-post-thumbnail","6":"product_cat-prodane","8":"first","9":"outofstock","10":"purchasable","11":"product-type-simple"},"_links":{"self":[{"href":"https:\/\/eterle.cz\/eshop\/wp-json\/wp\/v2\/product\/27104","targetHints":{"allow":["GET"]}}],"collection":[{"href":"https:\/\/eterle.cz\/eshop\/wp-json\/wp\/v2\/product"}],"about":[{"href":"https:\/\/eterle.cz\/eshop\/wp-json\/wp\/v2\/types\/product"}],"version-history":[{"count":1,"href":"https:\/\/eterle.cz\/eshop\/wp-json\/wp\/v2\/product\/27104\/revisions"}],"predecessor-version":[{"id":27105,"href":"https:\/\/eterle.cz\/eshop\/wp-json\/wp\/v2\/product\/27104\/revisions\/27105"}],"wp:featuredmedia":[{"embeddable":true,"href":"https:\/\/eterle.cz\/eshop\/wp-json\/wp\/v2\/media\/27106"}],"wp:attachment":[{"href":"https:\/\/eterle.cz\/eshop\/wp-json\/wp\/v2\/media?parent=27104"}],"wp:term":[{"taxonomy":"product_brand","embeddable":true,"href":"https:\/\/eterle.cz\/eshop\/wp-json\/wp\/v2\/product_brand?post=27104"},{"taxonomy":"product_cat","embeddable":true,"href":"https:\/\/eterle.cz\/eshop\/wp-json\/wp\/v2\/product_cat?post=27104"},{"taxonomy":"product_tag","embeddable":true,"href":"https:\/\/eterle.cz\/eshop\/wp-json\/wp\/v2\/product_tag?post=27104"}],"curies":[{"name":"wp","href":"https:\/\/api.w.org\/{rel}","templated":true}]}}