{"id":27120,"date":"2025-07-12T00:15:19","date_gmt":"2025-07-11T22:15:19","guid":{"rendered":"https:\/\/eterle.cz\/eshop\/produkt\/skolni-plakat-romansky-sloh\/"},"modified":"2025-10-20T12:01:36","modified_gmt":"2025-10-20T10:01:36","slug":"skolni-plakat-romansky-sloh","status":"publish","type":"product","link":"https:\/\/eterle.cz\/eshop\/produkt\/skolni-plakat-romansky-sloh\/","title":{"rendered":"\u0160koln\u00ed plak\u00e1t Rom\u00e1nsk\u00fd sloh"},"content":{"rendered":"<p>\u0160koln\u00ed plak\u00e1t &#8211; rom\u00e1nsk\u00fd sloh. Ze zadn\u00ed strany plak\u00e1tu naleznete i podrobn\u00fd popis tohoto slohu.<\/p>\n<p>Stav: dobr\u00fd, lehce zvln\u011bn\u00fd<br \/>\nRozm\u011br<br \/>\nV\u00fd\u0161ka: 98 cm<br \/>\n\u0160\u00ed\u0159ka: 71 cm<\/p>\n<p>&nbsp;<\/p>\n","protected":false},"excerpt":{"rendered":"<p>\u0160koln\u00ed plak\u00e1t &#8211; rom\u00e1nsk\u00fd sloh. Ze zadn\u00ed strany plak\u00e1tu naleznete i podrobn\u00fd popis tohoto slohu. Stav: dobr\u00fd, lehce zvln\u011bn\u00fd Rozm\u011br<\/p>\n","protected":false},"featured_media":27122,"template":"","meta":[],"product_brand":[],"product_cat":[91],"product_tag":[],"class_list":{"0":"post-27120","1":"product","2":"type-product","3":"status-publish","4":"has-post-thumbnail","6":"product_cat-prodane","8":"first","9":"outofstock","10":"purchasable","11":"product-type-simple"},"_links":{"self":[{"href":"https:\/\/eterle.cz\/eshop\/wp-json\/wp\/v2\/product\/27120","targetHints":{"allow":["GET"]}}],"collection":[{"href":"https:\/\/eterle.cz\/eshop\/wp-json\/wp\/v2\/product"}],"about":[{"href":"https:\/\/eterle.cz\/eshop\/wp-json\/wp\/v2\/types\/product"}],"version-history":[{"count":1,"href":"https:\/\/eterle.cz\/eshop\/wp-json\/wp\/v2\/product\/27120\/revisions"}],"predecessor-version":[{"id":27121,"href":"https:\/\/eterle.cz\/eshop\/wp-json\/wp\/v2\/product\/27120\/revisions\/27121"}],"wp:featuredmedia":[{"embeddable":true,"href":"https:\/\/eterle.cz\/eshop\/wp-json\/wp\/v2\/media\/27122"}],"wp:attachment":[{"href":"https:\/\/eterle.cz\/eshop\/wp-json\/wp\/v2\/media?parent=27120"}],"wp:term":[{"taxonomy":"product_brand","embeddable":true,"href":"https:\/\/eterle.cz\/eshop\/wp-json\/wp\/v2\/product_brand?post=27120"},{"taxonomy":"product_cat","embeddable":true,"href":"https:\/\/eterle.cz\/eshop\/wp-json\/wp\/v2\/product_cat?post=27120"},{"taxonomy":"product_tag","embeddable":true,"href":"https:\/\/eterle.cz\/eshop\/wp-json\/wp\/v2\/product_tag?post=27120"}],"curies":[{"name":"wp","href":"https:\/\/api.w.org\/{rel}","templated":true}]}}