{"id":27142,"date":"2025-07-12T00:15:32","date_gmt":"2025-07-11T22:15:32","guid":{"rendered":"https:\/\/eterle.cz\/eshop\/produkt\/koberec-kelim-4\/"},"modified":"2025-10-20T12:01:35","modified_gmt":"2025-10-20T10:01:35","slug":"koberec-kelim-4","status":"publish","type":"product","link":"https:\/\/eterle.cz\/eshop\/produkt\/koberec-kelim-4\/","title":{"rendered":"Koberec \/ Kelim"},"content":{"rendered":"<p>H\u0159ejiv\u00e1 paleta hn\u011bd\u00e9, p\u00edskov\u00e9, \u010dern\u00e9 a cihlov\u011b \u010derven\u00e9 v sob\u011b nese zemitou kr\u00e1su a rytmus tradi\u010dn\u00edch vzor\u016f. Tento ru\u010dn\u011b tkan\u00fd kelim s geometrick\u00fdmi motivy a st\u0159\u00edd\u00e1n\u00edm pruh\u016f v sob\u011b nese atmosf\u00e9ru berbersk\u00fdch i mexick\u00fdch koberc\u016f \u2013 jako by byl utkan\u00fd z cest, p\u0159\u00edb\u011bh\u016f a prachu vyprahl\u00fdch pl\u00e1n\u00ed.<\/p>\n<p>Skv\u011ble o\u017eiv\u00ed sv\u011btl\u00fd interi\u00e9r, nebo naopak podpo\u0159\u00ed barevnost rustik\u00e1ln\u00edho \u010di boh\u00e9msk\u00e9ho prostoru. Ide\u00e1ln\u00ed jako b\u011bhoun do chodby, ke gau\u010di nebo pod\u00e9l postele.<\/p>\n<p>Stav: trochu flek, mapa na kraji<br \/>\nZna\u010dka: Kelim<br \/>\nRozm\u011br<br \/>\nD\u00e9lka: 164 cm (bez t\u0159\u00e1sn\u00ed)<br \/>\n\u0160\u00ed\u0159ka: 82 cm<\/p>\n<p>&nbsp;<\/p>\n","protected":false},"excerpt":{"rendered":"<p>H\u0159ejiv\u00e1 paleta hn\u011bd\u00e9, p\u00edskov\u00e9, \u010dern\u00e9 a cihlov\u011b \u010derven\u00e9 v sob\u011b nese zemitou kr\u00e1su a rytmus tradi\u010dn\u00edch vzor\u016f. Tento ru\u010dn\u011b tkan\u00fd<\/p>\n","protected":false},"featured_media":27144,"template":"","meta":[],"product_brand":[],"product_cat":[80,151],"product_tag":[],"class_list":{"0":"post-27142","1":"product","2":"type-product","3":"status-publish","4":"has-post-thumbnail","6":"product_cat-dekorace","7":"product_cat-textil","9":"first","10":"instock","11":"purchasable","12":"product-type-simple"},"_links":{"self":[{"href":"https:\/\/eterle.cz\/eshop\/wp-json\/wp\/v2\/product\/27142","targetHints":{"allow":["GET"]}}],"collection":[{"href":"https:\/\/eterle.cz\/eshop\/wp-json\/wp\/v2\/product"}],"about":[{"href":"https:\/\/eterle.cz\/eshop\/wp-json\/wp\/v2\/types\/product"}],"version-history":[{"count":1,"href":"https:\/\/eterle.cz\/eshop\/wp-json\/wp\/v2\/product\/27142\/revisions"}],"predecessor-version":[{"id":27143,"href":"https:\/\/eterle.cz\/eshop\/wp-json\/wp\/v2\/product\/27142\/revisions\/27143"}],"wp:featuredmedia":[{"embeddable":true,"href":"https:\/\/eterle.cz\/eshop\/wp-json\/wp\/v2\/media\/27144"}],"wp:attachment":[{"href":"https:\/\/eterle.cz\/eshop\/wp-json\/wp\/v2\/media?parent=27142"}],"wp:term":[{"taxonomy":"product_brand","embeddable":true,"href":"https:\/\/eterle.cz\/eshop\/wp-json\/wp\/v2\/product_brand?post=27142"},{"taxonomy":"product_cat","embeddable":true,"href":"https:\/\/eterle.cz\/eshop\/wp-json\/wp\/v2\/product_cat?post=27142"},{"taxonomy":"product_tag","embeddable":true,"href":"https:\/\/eterle.cz\/eshop\/wp-json\/wp\/v2\/product_tag?post=27142"}],"curies":[{"name":"wp","href":"https:\/\/api.w.org\/{rel}","templated":true}]}}