{"id":27148,"date":"2025-07-12T00:15:36","date_gmt":"2025-07-11T22:15:36","guid":{"rendered":"https:\/\/eterle.cz\/eshop\/produkt\/rezny-koberec\/"},"modified":"2025-10-20T12:01:35","modified_gmt":"2025-10-20T10:01:35","slug":"rezny-koberec","status":"publish","type":"product","link":"https:\/\/eterle.cz\/eshop\/produkt\/rezny-koberec\/","title":{"rendered":"Re\u017en\u00fd koberec"},"content":{"rendered":"<p>Kousek, kter\u00fd m\u00e1 du\u0161i venkova. Hrub\u011b tkan\u00fd koberec z re\u017en\u00e9ho materi\u00e1lu v p\u0159\u00edrodn\u00ed barv\u011b, o\u017eiven\u00fd jednoduch\u00fdmi pruhy v t\u00f3nech zelen\u00e9, \u010derven\u00e9, ho\u0159\u010dicov\u00e9 a tmav\u011b modr\u00e9. P\u0159ipom\u00edn\u00e1 klasick\u00e9 b\u011bhouny ze selsk\u00fdch chalup, kde se zbytky vln\u011bn\u00fdch p\u0159\u00edz\u00ed zpracov\u00e1valy do pevn\u00fdch a odoln\u00fdch l\u00e1tek bez zbyte\u010dn\u00e9 par\u00e1dy, ale s o to v\u011bt\u0161\u00edm charakterem.<\/p>\n<p>D\u00edky sv\u00e9 odolnosti se hod\u00ed do frekventovan\u00fdch prostor, t\u0159eba do p\u0159eds\u00edn\u011b, na chodbu nebo na chalupu.<\/p>\n<p>Stav: dobr\u00fd<br \/>\nRozm\u011br<br \/>\nD\u00e9lka: 180 cm<br \/>\n\u0160\u00ed\u0159ka: 90 cm<\/p>\n<p>&nbsp;<\/p>\n","protected":false},"excerpt":{"rendered":"<p>Kousek, kter\u00fd m\u00e1 du\u0161i venkova. Hrub\u011b tkan\u00fd koberec z re\u017en\u00e9ho materi\u00e1lu v p\u0159\u00edrodn\u00ed barv\u011b, o\u017eiven\u00fd jednoduch\u00fdmi pruhy v t\u00f3nech zelen\u00e9,<\/p>\n","protected":false},"featured_media":27150,"template":"","meta":[],"product_brand":[],"product_cat":[91],"product_tag":[],"class_list":{"0":"post-27148","1":"product","2":"type-product","3":"status-publish","4":"has-post-thumbnail","6":"product_cat-prodane","8":"first","9":"outofstock","10":"purchasable","11":"product-type-simple"},"_links":{"self":[{"href":"https:\/\/eterle.cz\/eshop\/wp-json\/wp\/v2\/product\/27148","targetHints":{"allow":["GET"]}}],"collection":[{"href":"https:\/\/eterle.cz\/eshop\/wp-json\/wp\/v2\/product"}],"about":[{"href":"https:\/\/eterle.cz\/eshop\/wp-json\/wp\/v2\/types\/product"}],"version-history":[{"count":2,"href":"https:\/\/eterle.cz\/eshop\/wp-json\/wp\/v2\/product\/27148\/revisions"}],"predecessor-version":[{"id":29047,"href":"https:\/\/eterle.cz\/eshop\/wp-json\/wp\/v2\/product\/27148\/revisions\/29047"}],"wp:featuredmedia":[{"embeddable":true,"href":"https:\/\/eterle.cz\/eshop\/wp-json\/wp\/v2\/media\/27150"}],"wp:attachment":[{"href":"https:\/\/eterle.cz\/eshop\/wp-json\/wp\/v2\/media?parent=27148"}],"wp:term":[{"taxonomy":"product_brand","embeddable":true,"href":"https:\/\/eterle.cz\/eshop\/wp-json\/wp\/v2\/product_brand?post=27148"},{"taxonomy":"product_cat","embeddable":true,"href":"https:\/\/eterle.cz\/eshop\/wp-json\/wp\/v2\/product_cat?post=27148"},{"taxonomy":"product_tag","embeddable":true,"href":"https:\/\/eterle.cz\/eshop\/wp-json\/wp\/v2\/product_tag?post=27148"}],"curies":[{"name":"wp","href":"https:\/\/api.w.org\/{rel}","templated":true}]}}