{"id":27153,"date":"2025-07-12T00:15:39","date_gmt":"2025-07-11T22:15:39","guid":{"rendered":"https:\/\/eterle.cz\/eshop\/produkt\/koberec-kelim-5\/"},"modified":"2026-01-15T09:09:10","modified_gmt":"2026-01-15T08:09:10","slug":"koberec-kelim-5","status":"publish","type":"product","link":"https:\/\/eterle.cz\/eshop\/produkt\/koberec-kelim-5\/","title":{"rendered":"Koberec \/ Kelim"},"content":{"rendered":"<p>Tradi\u010dn\u00ed ru\u010dn\u011b tkan\u00fd kelim s v\u00fdrazn\u00fdm geometrick\u00fdm vzorem v odst\u00ednech p\u0159ev\u00e1\u017en\u011b rezav\u011b \u010derven\u00e9 a p\u00edskov\u00e9. Kompozice p\u016fsob\u00ed jako stylizovan\u00fd ornament \u2013 snad kv\u011bt, snad amulet \u2013 a po okraj\u00edch jej r\u00e1muje cikcak bordura, typick\u00e1 pro balk\u00e1nsk\u00e9 a anatolsk\u00e9 tkaniny.<\/p>\n<p>Ploch\u00e1 vazba bez vlasu, vln\u011bn\u00e1 p\u0159\u00edze a syt\u00e9 p\u0159\u00edrodn\u00ed barvy d\u011blaj\u00ed z tohoto koberce praktick\u00fd i dekorativn\u00ed kus. Vynikne v interi\u00e9ru s vintage n\u00e1bytkem, ale skv\u011ble se hod\u00ed i jako kontrastn\u00ed akcent do minimalistick\u00e9ho prostoru.<\/p>\n<p>Stav: dobr\u00fd, patrn\u00fd lehk\u00fd vintage od\u00e9r, lehk\u00fd flek v rohu<br \/>\nZna\u010dka: Kelim<br \/>\nRozm\u011br<br \/>\nD\u00e9lka: 176 cm (bez t\u0159\u00e1sn\u00ed)<br \/>\n\u0160\u00ed\u0159ka: 126 cm<\/p>\n<p>&nbsp;<\/p>\n","protected":false},"excerpt":{"rendered":"<p>Tradi\u010dn\u00ed ru\u010dn\u011b tkan\u00fd kelim s v\u00fdrazn\u00fdm geometrick\u00fdm vzorem v odst\u00ednech p\u0159ev\u00e1\u017en\u011b rezav\u011b \u010derven\u00e9 a p\u00edskov\u00e9. Kompozice p\u016fsob\u00ed jako stylizovan\u00fd ornament<\/p>\n","protected":false},"featured_media":27155,"template":"","meta":[],"product_brand":[],"product_cat":[91],"product_tag":[],"class_list":{"0":"post-27153","1":"product","2":"type-product","3":"status-publish","4":"has-post-thumbnail","6":"product_cat-prodane","8":"first","9":"outofstock","10":"purchasable","11":"product-type-simple"},"_links":{"self":[{"href":"https:\/\/eterle.cz\/eshop\/wp-json\/wp\/v2\/product\/27153","targetHints":{"allow":["GET"]}}],"collection":[{"href":"https:\/\/eterle.cz\/eshop\/wp-json\/wp\/v2\/product"}],"about":[{"href":"https:\/\/eterle.cz\/eshop\/wp-json\/wp\/v2\/types\/product"}],"version-history":[{"count":3,"href":"https:\/\/eterle.cz\/eshop\/wp-json\/wp\/v2\/product\/27153\/revisions"}],"predecessor-version":[{"id":33402,"href":"https:\/\/eterle.cz\/eshop\/wp-json\/wp\/v2\/product\/27153\/revisions\/33402"}],"wp:featuredmedia":[{"embeddable":true,"href":"https:\/\/eterle.cz\/eshop\/wp-json\/wp\/v2\/media\/27155"}],"wp:attachment":[{"href":"https:\/\/eterle.cz\/eshop\/wp-json\/wp\/v2\/media?parent=27153"}],"wp:term":[{"taxonomy":"product_brand","embeddable":true,"href":"https:\/\/eterle.cz\/eshop\/wp-json\/wp\/v2\/product_brand?post=27153"},{"taxonomy":"product_cat","embeddable":true,"href":"https:\/\/eterle.cz\/eshop\/wp-json\/wp\/v2\/product_cat?post=27153"},{"taxonomy":"product_tag","embeddable":true,"href":"https:\/\/eterle.cz\/eshop\/wp-json\/wp\/v2\/product_tag?post=27153"}],"curies":[{"name":"wp","href":"https:\/\/api.w.org\/{rel}","templated":true}]}}