{"id":27159,"date":"2025-07-12T00:15:43","date_gmt":"2025-07-11T22:15:43","guid":{"rendered":"https:\/\/eterle.cz\/eshop\/produkt\/koberec-behoun-2\/"},"modified":"2026-02-22T23:29:44","modified_gmt":"2026-02-22T22:29:44","slug":"koberec-behoun-2","status":"publish","type":"product","link":"https:\/\/eterle.cz\/eshop\/produkt\/koberec-behoun-2\/","title":{"rendered":"Koberec b\u011bhoun"},"content":{"rendered":"<p>Dlouh\u00fd tkan\u00fd b\u011bhoun, kter\u00fd si na nic nehraje a p\u0159esto ud\u011bl\u00e1 par\u00e1du. Kombinace barevn\u00fdch pruh\u016f v odst\u00ednech modr\u00e9, hn\u011bd\u00e9, \u017elut\u00e9, b\u00edl\u00e9 a olivov\u00e9 p\u016fsob\u00ed jako rytmick\u00e1 skladba, ve kter\u00e9 ka\u017ed\u00fd t\u00f3n hraje svou roli. Ru\u010dn\u011b tkan\u00fd ze zbytk\u016f l\u00e1tek zn\u00e1m\u00fd tak\u00e9 jako &#8222;hadr\u00e1k&#8220; jde ruku v ruce s dobou recyklace. Ide\u00e1ln\u00ed na chodbu nebo do p\u0159eds\u00edn\u011b.<\/p>\n<p>Stav: dobr\u00fd<br \/>\nRozm\u011br<br \/>\nD\u00e9lka: 7,2 m<br \/>\n\u0160\u00ed\u0159ka: 70 cm<\/p>\n<p>&nbsp;<\/p>\n","protected":false},"excerpt":{"rendered":"<p>Dlouh\u00fd tkan\u00fd b\u011bhoun, kter\u00fd si na nic nehraje a p\u0159esto ud\u011bl\u00e1 par\u00e1du. Kombinace barevn\u00fdch pruh\u016f v odst\u00ednech modr\u00e9, hn\u011bd\u00e9, \u017elut\u00e9,<\/p>\n","protected":false},"featured_media":27161,"template":"","meta":[],"product_brand":[],"product_cat":[91],"product_tag":[],"class_list":{"0":"post-27159","1":"product","2":"type-product","3":"status-publish","4":"has-post-thumbnail","6":"product_cat-prodane","8":"first","9":"outofstock","10":"purchasable","11":"product-type-simple"},"_links":{"self":[{"href":"https:\/\/eterle.cz\/eshop\/wp-json\/wp\/v2\/product\/27159","targetHints":{"allow":["GET"]}}],"collection":[{"href":"https:\/\/eterle.cz\/eshop\/wp-json\/wp\/v2\/product"}],"about":[{"href":"https:\/\/eterle.cz\/eshop\/wp-json\/wp\/v2\/types\/product"}],"version-history":[{"count":1,"href":"https:\/\/eterle.cz\/eshop\/wp-json\/wp\/v2\/product\/27159\/revisions"}],"predecessor-version":[{"id":27160,"href":"https:\/\/eterle.cz\/eshop\/wp-json\/wp\/v2\/product\/27159\/revisions\/27160"}],"wp:featuredmedia":[{"embeddable":true,"href":"https:\/\/eterle.cz\/eshop\/wp-json\/wp\/v2\/media\/27161"}],"wp:attachment":[{"href":"https:\/\/eterle.cz\/eshop\/wp-json\/wp\/v2\/media?parent=27159"}],"wp:term":[{"taxonomy":"product_brand","embeddable":true,"href":"https:\/\/eterle.cz\/eshop\/wp-json\/wp\/v2\/product_brand?post=27159"},{"taxonomy":"product_cat","embeddable":true,"href":"https:\/\/eterle.cz\/eshop\/wp-json\/wp\/v2\/product_cat?post=27159"},{"taxonomy":"product_tag","embeddable":true,"href":"https:\/\/eterle.cz\/eshop\/wp-json\/wp\/v2\/product_tag?post=27159"}],"curies":[{"name":"wp","href":"https:\/\/api.w.org\/{rel}","templated":true}]}}