{"id":29757,"date":"2025-10-19T22:33:54","date_gmt":"2025-10-19T20:33:54","guid":{"rendered":"https:\/\/eterle.cz\/eshop\/produkt\/kreslo-kozelka-a-kropacek-5\/"},"modified":"2026-04-25T20:14:07","modified_gmt":"2026-04-25T18:14:07","slug":"kreslo-kozelka-a-kropacek-5","status":"publish","type":"product","link":"https:\/\/eterle.cz\/eshop\/produkt\/kreslo-kozelka-a-kropacek-5\/","title":{"rendered":"K\u0159eslo \/ Ko\u017eelka a Krop\u00e1\u010dek"},"content":{"rendered":"<p>K\u0159eslo z 50. let minul\u00e9ho stolet\u00ed dle n\u00e1vrhu Karla Ko\u017eelky a Anton\u00edna Krop\u00e1\u010dka pat\u0159\u00ed mezi sadu n\u00e1bytku, kter\u00e1 obdr\u017eela st\u0159\u00edbrnou medaili na mil\u00e1nsk\u00e9m Trienn\u00e1le v roce 1946, nejstar\u0161\u00ed a nejpresti\u017en\u011bj\u0161\u00ed mezin\u00e1rodn\u00ed p\u0159ehl\u00eddce designu a architektury.<\/p>\n<p>Stav: p\u016fvodn\u00ed, velmi dobr\u00fd<br \/>\nZna\u010dka: Ko\u017eelka a Krop\u00e1\u010dek<br \/>\nRozm\u011br<br \/>\nV\u00fd\u0161ka: 70 cm<br \/>\nHloubka: 80 cm<br \/>\n\u0160\u00ed\u0159ka: 66 cm<br \/>\nV\u00fd\u0161ka sed\u00e1ku: 36 cm<br \/>\nHloubka sed\u00e1ku: 54 cm<br \/>\nV\u00e1ha: 12 kg<\/p>\n<p>&nbsp;<\/p>\n","protected":false},"excerpt":{"rendered":"<p>K\u0159eslo z 50. let minul\u00e9ho stolet\u00ed dle n\u00e1vrhu Karla Ko\u017eelky a Anton\u00edna Krop\u00e1\u010dka pat\u0159\u00ed mezi sadu n\u00e1bytku, kter\u00e1 obdr\u017eela st\u0159\u00edbrnou<\/p>\n","protected":false},"featured_media":29759,"template":"","meta":[],"product_brand":[],"product_cat":[130,122],"product_tag":[],"class_list":{"0":"post-29757","1":"product","2":"type-product","3":"status-publish","4":"has-post-thumbnail","6":"product_cat-nabytek","7":"product_cat-kresla-a-taburety","8":"product_shipping_class-nadrozmerne","10":"first","11":"instock","12":"purchasable","13":"product-type-simple"},"_links":{"self":[{"href":"https:\/\/eterle.cz\/eshop\/wp-json\/wp\/v2\/product\/29757","targetHints":{"allow":["GET"]}}],"collection":[{"href":"https:\/\/eterle.cz\/eshop\/wp-json\/wp\/v2\/product"}],"about":[{"href":"https:\/\/eterle.cz\/eshop\/wp-json\/wp\/v2\/types\/product"}],"version-history":[{"count":2,"href":"https:\/\/eterle.cz\/eshop\/wp-json\/wp\/v2\/product\/29757\/revisions"}],"predecessor-version":[{"id":37095,"href":"https:\/\/eterle.cz\/eshop\/wp-json\/wp\/v2\/product\/29757\/revisions\/37095"}],"wp:featuredmedia":[{"embeddable":true,"href":"https:\/\/eterle.cz\/eshop\/wp-json\/wp\/v2\/media\/29759"}],"wp:attachment":[{"href":"https:\/\/eterle.cz\/eshop\/wp-json\/wp\/v2\/media?parent=29757"}],"wp:term":[{"taxonomy":"product_brand","embeddable":true,"href":"https:\/\/eterle.cz\/eshop\/wp-json\/wp\/v2\/product_brand?post=29757"},{"taxonomy":"product_cat","embeddable":true,"href":"https:\/\/eterle.cz\/eshop\/wp-json\/wp\/v2\/product_cat?post=29757"},{"taxonomy":"product_tag","embeddable":true,"href":"https:\/\/eterle.cz\/eshop\/wp-json\/wp\/v2\/product_tag?post=29757"}],"curies":[{"name":"wp","href":"https:\/\/api.w.org\/{rel}","templated":true}]}}