{"id":29768,"date":"2025-10-19T22:34:00","date_gmt":"2025-10-19T20:34:00","guid":{"rendered":"https:\/\/eterle.cz\/eshop\/produkt\/kreslo-po-renovaci-jitona\/"},"modified":"2025-12-05T22:25:32","modified_gmt":"2025-12-05T21:25:32","slug":"kreslo-po-renovaci-jitona","status":"publish","type":"product","link":"https:\/\/eterle.cz\/eshop\/produkt\/kreslo-po-renovaci-jitona\/","title":{"rendered":"K\u0159eslo po renovaci \/ Jitona"},"content":{"rendered":"<p>K\u0159eslo z produkce Jitona po komplent\u00ed renovaci. \u010cist\u00e9 linie a subtiln\u00ed \u0161ikm\u00e9 nohy odkazuj\u00ed na design 60. let, kdy Jitona pat\u0159ila k p\u0159edn\u00edm n\u00e1bytk\u00e1\u0159sk\u00fdm zna\u010dk\u00e1m v \u010ceskoslovensku. D\u00edky \u010distot\u011b tvaru jsme si zde mohly pohr\u00e1t s \u010daloun\u011bn\u00edm ve dvou odst\u00ednech modr\u00e9. K\u0159eslo je hrav\u011bj\u0161\u00ed, ale zachov\u00e1v\u00e1 si minimalismus a \u010distotu tvaru.<\/p>\n<p>Stav: po renovaci, d\u0159evo p\u016fvodn\u00ed, nov\u011b \u010daloun\u011bno<br \/>\nZna\u010dka: Jitona<br \/>\nRozm\u011br<br \/>\nV\u00fd\u0161ka: 76 cm<br \/>\nHloubka: 70 cm<br \/>\n\u0160\u00ed\u0159ka: 65 cm<br \/>\nV\u00fd\u0161ka sed\u00e1ku: 41 cm<br \/>\nHloubka sed\u00e1ku: 46 cm<br \/>\nV\u00e1ha: 12 kg<\/p>\n<p>&nbsp;<\/p>\n","protected":false},"excerpt":{"rendered":"<p>K\u0159eslo z produkce Jitona po komplent\u00ed renovaci. \u010cist\u00e9 linie a subtiln\u00ed \u0161ikm\u00e9 nohy odkazuj\u00ed na design 60. let, kdy Jitona<\/p>\n","protected":false},"featured_media":29770,"template":"","meta":[],"product_brand":[],"product_cat":[130,122],"product_tag":[],"class_list":{"0":"post-29768","1":"product","2":"type-product","3":"status-publish","4":"has-post-thumbnail","6":"product_cat-nabytek","7":"product_cat-kresla-a-taburety","8":"product_shipping_class-nadrozmerne","10":"first","11":"instock","12":"purchasable","13":"product-type-simple"},"_links":{"self":[{"href":"https:\/\/eterle.cz\/eshop\/wp-json\/wp\/v2\/product\/29768","targetHints":{"allow":["GET"]}}],"collection":[{"href":"https:\/\/eterle.cz\/eshop\/wp-json\/wp\/v2\/product"}],"about":[{"href":"https:\/\/eterle.cz\/eshop\/wp-json\/wp\/v2\/types\/product"}],"version-history":[{"count":2,"href":"https:\/\/eterle.cz\/eshop\/wp-json\/wp\/v2\/product\/29768\/revisions"}],"predecessor-version":[{"id":31570,"href":"https:\/\/eterle.cz\/eshop\/wp-json\/wp\/v2\/product\/29768\/revisions\/31570"}],"wp:featuredmedia":[{"embeddable":true,"href":"https:\/\/eterle.cz\/eshop\/wp-json\/wp\/v2\/media\/29770"}],"wp:attachment":[{"href":"https:\/\/eterle.cz\/eshop\/wp-json\/wp\/v2\/media?parent=29768"}],"wp:term":[{"taxonomy":"product_brand","embeddable":true,"href":"https:\/\/eterle.cz\/eshop\/wp-json\/wp\/v2\/product_brand?post=29768"},{"taxonomy":"product_cat","embeddable":true,"href":"https:\/\/eterle.cz\/eshop\/wp-json\/wp\/v2\/product_cat?post=29768"},{"taxonomy":"product_tag","embeddable":true,"href":"https:\/\/eterle.cz\/eshop\/wp-json\/wp\/v2\/product_tag?post=29768"}],"curies":[{"name":"wp","href":"https:\/\/api.w.org\/{rel}","templated":true}]}}