{"id":29779,"date":"2025-10-19T22:34:08","date_gmt":"2025-10-19T20:34:08","guid":{"rendered":"https:\/\/eterle.cz\/eshop\/produkt\/kreslo-h-213-halabala\/"},"modified":"2025-12-05T22:25:32","modified_gmt":"2025-12-05T21:25:32","slug":"kreslo-h-213-halabala","status":"publish","type":"product","link":"https:\/\/eterle.cz\/eshop\/produkt\/kreslo-h-213-halabala\/","title":{"rendered":"K\u0159eslo H-213 \/ Halabala"},"content":{"rendered":"<p>Nad\u010dasov\u00e1 elegance a pohodl\u00ed v jednom. K\u0159eslo H-213, navr\u017een\u00e9 Jind\u0159ichem Halabalou pro firmu UP Z\u00e1vody Brno, je uk\u00e1zkou promy\u0161len\u00e9 funkcionalistick\u00e9 estetiky 30. let. Charakteristick\u00e9 obloukov\u00e9 podru\u010dky z oh\u00fdban\u00e9ho d\u0159eva jsou dopln\u011bny \u010daloun\u011bn\u00edm ve sv\u011btl\u00e9 mokka l\u00e1tce s kontrastn\u00edm lemov\u00e1n\u00edm. <\/p>\n<p>Tento model je ikonou meziv\u00e1le\u010dn\u00e9ho \u010deskoslovensk\u00e9ho designu \u2013 rafinovan\u011b jednoduch\u00fd, ergonomicky vyv\u00e1\u017een\u00fd a st\u00e1le p\u0159ekvapiv\u011b aktu\u00e1ln\u00ed.<\/p>\n<p>Stav: po renovaci, d\u0159evo p\u016fvodn\u00ed, nov\u011b \u010daloun\u011bno<br \/>\nZna\u010dka: Jind\u0159ich Halabala<br \/>\nRozm\u011br<br \/>\nV\u00fd\u0161ka: 86 cm<br \/>\nHloubka: 81 cm<br \/>\n\u0160\u00ed\u0159ka: 65 cm<br \/>\nV\u00fd\u0161ka sed\u00e1ku: 45 cm<br \/>\nHloubka sed\u00e1ku: 81 cm<br \/>\nV\u00e1ha: 16,1 kg<\/p>\n<p>&nbsp;<\/p>\n","protected":false},"excerpt":{"rendered":"<p>Nad\u010dasov\u00e1 elegance a pohodl\u00ed v jednom. K\u0159eslo H-213, navr\u017een\u00e9 Jind\u0159ichem Halabalou pro firmu UP Z\u00e1vody Brno, je uk\u00e1zkou promy\u0161len\u00e9 funkcionalistick\u00e9<\/p>\n","protected":false},"featured_media":29781,"template":"","meta":[],"product_brand":[],"product_cat":[130,122],"product_tag":[],"class_list":{"0":"post-29779","1":"product","2":"type-product","3":"status-publish","4":"has-post-thumbnail","6":"product_cat-nabytek","7":"product_cat-kresla-a-taburety","8":"product_shipping_class-nadrozmerne","10":"first","11":"instock","12":"purchasable","13":"product-type-simple"},"_links":{"self":[{"href":"https:\/\/eterle.cz\/eshop\/wp-json\/wp\/v2\/product\/29779","targetHints":{"allow":["GET"]}}],"collection":[{"href":"https:\/\/eterle.cz\/eshop\/wp-json\/wp\/v2\/product"}],"about":[{"href":"https:\/\/eterle.cz\/eshop\/wp-json\/wp\/v2\/types\/product"}],"version-history":[{"count":1,"href":"https:\/\/eterle.cz\/eshop\/wp-json\/wp\/v2\/product\/29779\/revisions"}],"predecessor-version":[{"id":29780,"href":"https:\/\/eterle.cz\/eshop\/wp-json\/wp\/v2\/product\/29779\/revisions\/29780"}],"wp:featuredmedia":[{"embeddable":true,"href":"https:\/\/eterle.cz\/eshop\/wp-json\/wp\/v2\/media\/29781"}],"wp:attachment":[{"href":"https:\/\/eterle.cz\/eshop\/wp-json\/wp\/v2\/media?parent=29779"}],"wp:term":[{"taxonomy":"product_brand","embeddable":true,"href":"https:\/\/eterle.cz\/eshop\/wp-json\/wp\/v2\/product_brand?post=29779"},{"taxonomy":"product_cat","embeddable":true,"href":"https:\/\/eterle.cz\/eshop\/wp-json\/wp\/v2\/product_cat?post=29779"},{"taxonomy":"product_tag","embeddable":true,"href":"https:\/\/eterle.cz\/eshop\/wp-json\/wp\/v2\/product_tag?post=29779"}],"curies":[{"name":"wp","href":"https:\/\/api.w.org\/{rel}","templated":true}]}}