{"id":29790,"date":"2025-10-19T22:34:15","date_gmt":"2025-10-19T20:34:15","guid":{"rendered":"https:\/\/eterle.cz\/eshop\/produkt\/kozene-kreslo-2\/"},"modified":"2026-02-12T17:33:46","modified_gmt":"2026-02-12T16:33:46","slug":"kozene-kreslo-2","status":"publish","type":"product","link":"https:\/\/eterle.cz\/eshop\/produkt\/kozene-kreslo-2\/","title":{"rendered":"Ko\u017een\u00e9 k\u0159eslo"},"content":{"rendered":"<p>Minimalistick\u00e9, p\u0159esto charismatick\u00e9. Takov\u00e9 je toto vintage k\u0159eslo s oh\u00fdbanou podno\u017e\u00ed a \u010dern\u00fdm \u010daloun\u011bn\u00edm v imitaci k\u016f\u017ee. Kombinuje p\u0159\u00edmo\u010dar\u00fd design s pohodln\u00fdm sezen\u00edm. Sv\u00fdm designem p\u0159ipom\u00edn\u00e1 skandin\u00e1vsk\u00fd p\u0159\u00edstup k n\u00e1bytku 60.\u201370. let minul\u00e9ho stolet\u00ed, a\u010dkoliv p\u0159esn\u00fd p\u016fvod se n\u00e1m nepoda\u0159ilo dohledat.<\/p>\n<p>Stav: p\u016fvodn\u00ed, zachoval\u00fd, d\u0159evo patina<br \/>\nRozm\u011br<br \/>\nV\u00fd\u0161ka: 90 cm<br \/>\nHloubka: 69 cm<br \/>\n\u0160\u00ed\u0159ka: 63 cm<br \/>\nV\u00fd\u0161ka sed\u00e1ku: 43 cm<br \/>\nHloubka sed\u00e1ku: 44 cm<br \/>\nV\u00e1ha: 12,8 kg<\/p>\n<p>&nbsp;<\/p>\n","protected":false},"excerpt":{"rendered":"<p>Minimalistick\u00e9, p\u0159esto charismatick\u00e9. Takov\u00e9 je toto vintage k\u0159eslo s oh\u00fdbanou podno\u017e\u00ed a \u010dern\u00fdm \u010daloun\u011bn\u00edm v imitaci k\u016f\u017ee. Kombinuje p\u0159\u00edmo\u010dar\u00fd design<\/p>\n","protected":false},"featured_media":29792,"template":"","meta":[],"product_brand":[],"product_cat":[91],"product_tag":[],"class_list":{"0":"post-29790","1":"product","2":"type-product","3":"status-publish","4":"has-post-thumbnail","6":"product_cat-prodane","7":"product_shipping_class-nadrozmerne","9":"first","10":"outofstock","11":"purchasable","12":"product-type-simple"},"_links":{"self":[{"href":"https:\/\/eterle.cz\/eshop\/wp-json\/wp\/v2\/product\/29790","targetHints":{"allow":["GET"]}}],"collection":[{"href":"https:\/\/eterle.cz\/eshop\/wp-json\/wp\/v2\/product"}],"about":[{"href":"https:\/\/eterle.cz\/eshop\/wp-json\/wp\/v2\/types\/product"}],"version-history":[{"count":1,"href":"https:\/\/eterle.cz\/eshop\/wp-json\/wp\/v2\/product\/29790\/revisions"}],"predecessor-version":[{"id":29791,"href":"https:\/\/eterle.cz\/eshop\/wp-json\/wp\/v2\/product\/29790\/revisions\/29791"}],"wp:featuredmedia":[{"embeddable":true,"href":"https:\/\/eterle.cz\/eshop\/wp-json\/wp\/v2\/media\/29792"}],"wp:attachment":[{"href":"https:\/\/eterle.cz\/eshop\/wp-json\/wp\/v2\/media?parent=29790"}],"wp:term":[{"taxonomy":"product_brand","embeddable":true,"href":"https:\/\/eterle.cz\/eshop\/wp-json\/wp\/v2\/product_brand?post=29790"},{"taxonomy":"product_cat","embeddable":true,"href":"https:\/\/eterle.cz\/eshop\/wp-json\/wp\/v2\/product_cat?post=29790"},{"taxonomy":"product_tag","embeddable":true,"href":"https:\/\/eterle.cz\/eshop\/wp-json\/wp\/v2\/product_tag?post=29790"}],"curies":[{"name":"wp","href":"https:\/\/api.w.org\/{rel}","templated":true}]}}