{"id":29805,"date":"2025-10-19T22:34:24","date_gmt":"2025-10-19T20:34:24","guid":{"rendered":"https:\/\/eterle.cz\/eshop\/produkt\/calounene-kreslo-jiroutek\/"},"modified":"2025-12-05T22:25:32","modified_gmt":"2025-12-05T21:25:32","slug":"calounene-kreslo-jiroutek","status":"publish","type":"product","link":"https:\/\/eterle.cz\/eshop\/produkt\/calounene-kreslo-jiroutek\/","title":{"rendered":"\u010caloun\u011bn\u00e9 k\u0159eslo \/ Jiroutek"},"content":{"rendered":"<p>Elegantn\u00ed solit\u00e9r z d\u00edlny architekta Ji\u0159\u00edho Jiroutka, kter\u00fd ve sv\u00e9 tvorb\u011b mistrovsky balancoval mezi funk\u010dnost\u00ed, pohodl\u00edm a jemnou poetikou tvar\u016f. K\u0159eslo vzniklo v 70. letech minul\u00e9ho stolet\u00ed pro podnik Interi\u00e9r Praha, tehdej\u0161\u00ed l\u00edhe\u0148 modern\u00edho \u010deskoslovensk\u00e9ho designu.<\/p>\n<p>Organicky tvarovan\u00e9 podru\u010dky, subtiln\u00ed konstrukce z oh\u00fdban\u00e9ho d\u0159eva a nov\u00e9 \u010daloun\u011bn\u00ed v akvamar\u00ednov\u00e9m t\u00f3nu dod\u00e1vaj\u00ed k\u0159eslu lehkost a mladistv\u00fd v\u00fdraz.<\/p>\n<p>Stav: po celkov\u00e9 renovaci, p\u0159esto d\u0159evo nese zn\u00e1mky patiny<br \/>\nZna\u010dka: Ji\u0159\u00ed Jiroutek<br \/>\nRozm\u011br<br \/>\nV\u00fd\u0161ka: 79 cm<br \/>\nHloubka: 74 cm<br \/>\n\u0160\u00ed\u0159ka: 58 cm<br \/>\nV\u00fd\u0161ka sed\u00e1ku: 40 cm<br \/>\nHloubka sed\u00e1ku: 44 cm<br \/>\nV\u00e1ha: 8,5 kg<\/p>\n<p>&nbsp;<\/p>\n","protected":false},"excerpt":{"rendered":"<p>Elegantn\u00ed solit\u00e9r z d\u00edlny architekta Ji\u0159\u00edho Jiroutka, kter\u00fd ve sv\u00e9 tvorb\u011b mistrovsky balancoval mezi funk\u010dnost\u00ed, pohodl\u00edm a jemnou poetikou tvar\u016f.<\/p>\n","protected":false},"featured_media":29807,"template":"","meta":[],"product_brand":[],"product_cat":[130,122],"product_tag":[],"class_list":{"0":"post-29805","1":"product","2":"type-product","3":"status-publish","4":"has-post-thumbnail","6":"product_cat-nabytek","7":"product_cat-kresla-a-taburety","8":"product_shipping_class-nadrozmerne","10":"first","11":"instock","12":"purchasable","13":"product-type-simple"},"_links":{"self":[{"href":"https:\/\/eterle.cz\/eshop\/wp-json\/wp\/v2\/product\/29805","targetHints":{"allow":["GET"]}}],"collection":[{"href":"https:\/\/eterle.cz\/eshop\/wp-json\/wp\/v2\/product"}],"about":[{"href":"https:\/\/eterle.cz\/eshop\/wp-json\/wp\/v2\/types\/product"}],"version-history":[{"count":1,"href":"https:\/\/eterle.cz\/eshop\/wp-json\/wp\/v2\/product\/29805\/revisions"}],"predecessor-version":[{"id":29806,"href":"https:\/\/eterle.cz\/eshop\/wp-json\/wp\/v2\/product\/29805\/revisions\/29806"}],"wp:featuredmedia":[{"embeddable":true,"href":"https:\/\/eterle.cz\/eshop\/wp-json\/wp\/v2\/media\/29807"}],"wp:attachment":[{"href":"https:\/\/eterle.cz\/eshop\/wp-json\/wp\/v2\/media?parent=29805"}],"wp:term":[{"taxonomy":"product_brand","embeddable":true,"href":"https:\/\/eterle.cz\/eshop\/wp-json\/wp\/v2\/product_brand?post=29805"},{"taxonomy":"product_cat","embeddable":true,"href":"https:\/\/eterle.cz\/eshop\/wp-json\/wp\/v2\/product_cat?post=29805"},{"taxonomy":"product_tag","embeddable":true,"href":"https:\/\/eterle.cz\/eshop\/wp-json\/wp\/v2\/product_tag?post=29805"}],"curies":[{"name":"wp","href":"https:\/\/api.w.org\/{rel}","templated":true}]}}