{"id":29821,"date":"2025-10-19T22:34:36","date_gmt":"2025-10-19T20:34:36","guid":{"rendered":"https:\/\/eterle.cz\/eshop\/produkt\/otocne-kreslo-2\/"},"modified":"2026-03-17T21:14:31","modified_gmt":"2026-03-17T20:14:31","slug":"otocne-kreslo-2","status":"publish","type":"product","link":"https:\/\/eterle.cz\/eshop\/produkt\/otocne-kreslo-2\/","title":{"rendered":"Oto\u010dn\u00e9 k\u0159eslo"},"content":{"rendered":"<p>Pohodln\u00e9 k\u0159eslo s vysok\u00fdm op\u011bradlem, kter\u00e9 zaujme jednoduch\u00fdm tvarem a v\u00fdraznou geometri\u00ed. Sed\u00e1k je usazen na \u010dty\u0159ramenn\u00e9 kovov\u00e9 podno\u017ei, kter\u00e1 umo\u017e\u0148uje snadn\u00e9 ot\u00e1\u010den\u00ed. Tento oto\u010dn\u00fd u\u0161\u00e1k bude prima par\u0165\u00e1kem do pracovny, \u010dtec\u00edho koutku nebo jako solit\u00e9r v ob\u00fdvac\u00edm pokoji. \u010cern\u00e9 \u010daloun\u011bn\u00ed z imitace k\u016f\u017ee je snadno kombinovateln\u00e9 a dob\u0159e udr\u017eovateln\u00e9.<\/p>\n<p>Stav: velmi dobr\u00fd, p\u016fvodn\u00ed<br \/>\nRozm\u011br<br \/>\nV\u00fd\u0161ka: 103 cm<br \/>\nHloubka: 86 cm<br \/>\n\u0160\u00ed\u0159ka: 70 cm<br \/>\nV\u00fd\u0161ka sed\u00e1ku: 43 cm<br \/>\nHloubka sed\u00e1ku: 51 cm<br \/>\nV\u00e1ha: 30,1 kg<\/p>\n<p>&nbsp;<\/p>\n","protected":false},"excerpt":{"rendered":"<p>Pohodln\u00e9 k\u0159eslo s vysok\u00fdm op\u011bradlem, kter\u00e9 zaujme jednoduch\u00fdm tvarem a v\u00fdraznou geometri\u00ed. Sed\u00e1k je usazen na \u010dty\u0159ramenn\u00e9 kovov\u00e9 podno\u017ei, kter\u00e1<\/p>\n","protected":false},"featured_media":29823,"template":"","meta":[],"product_brand":[],"product_cat":[91],"product_tag":[],"class_list":{"0":"post-29821","1":"product","2":"type-product","3":"status-publish","4":"has-post-thumbnail","6":"product_cat-prodane","7":"product_shipping_class-nadrozmerne","9":"first","10":"outofstock","11":"purchasable","12":"product-type-simple"},"_links":{"self":[{"href":"https:\/\/eterle.cz\/eshop\/wp-json\/wp\/v2\/product\/29821","targetHints":{"allow":["GET"]}}],"collection":[{"href":"https:\/\/eterle.cz\/eshop\/wp-json\/wp\/v2\/product"}],"about":[{"href":"https:\/\/eterle.cz\/eshop\/wp-json\/wp\/v2\/types\/product"}],"version-history":[{"count":3,"href":"https:\/\/eterle.cz\/eshop\/wp-json\/wp\/v2\/product\/29821\/revisions"}],"predecessor-version":[{"id":35158,"href":"https:\/\/eterle.cz\/eshop\/wp-json\/wp\/v2\/product\/29821\/revisions\/35158"}],"wp:featuredmedia":[{"embeddable":true,"href":"https:\/\/eterle.cz\/eshop\/wp-json\/wp\/v2\/media\/29823"}],"wp:attachment":[{"href":"https:\/\/eterle.cz\/eshop\/wp-json\/wp\/v2\/media?parent=29821"}],"wp:term":[{"taxonomy":"product_brand","embeddable":true,"href":"https:\/\/eterle.cz\/eshop\/wp-json\/wp\/v2\/product_brand?post=29821"},{"taxonomy":"product_cat","embeddable":true,"href":"https:\/\/eterle.cz\/eshop\/wp-json\/wp\/v2\/product_cat?post=29821"},{"taxonomy":"product_tag","embeddable":true,"href":"https:\/\/eterle.cz\/eshop\/wp-json\/wp\/v2\/product_tag?post=29821"}],"curies":[{"name":"wp","href":"https:\/\/api.w.org\/{rel}","templated":true}]}}