{"id":29830,"date":"2025-10-19T22:34:44","date_gmt":"2025-10-19T20:34:44","guid":{"rendered":"https:\/\/eterle.cz\/eshop\/produkt\/plastova-zidle-casala\/"},"modified":"2025-11-09T00:28:46","modified_gmt":"2025-11-08T23:28:46","slug":"plastova-zidle-casala","status":"publish","type":"product","link":"https:\/\/eterle.cz\/eshop\/produkt\/plastova-zidle-casala\/","title":{"rendered":"Plastov\u00e1 \u017eidle \/ Casala"},"content":{"rendered":"<p>Ikonick\u00e1 \u017eidle Casalino (model 2001\/2002) z b\u00edl\u00e9ho plastu s p\u016fvodn\u00edm sed\u00e1kem v hn\u011bd\u00e9 barv\u011b. Tento model navrhl v roce 1970 n\u011bmeck\u00fd design\u00e9r Alexander Begge pro spole\u010dnost Casala a jeho futuristick\u00e9 linie i dnes p\u016fsob\u00ed nad\u010dasov\u011b. V\u00fdrazn\u00fd tvar nohy do p\u00edsmene Z je nejen vizu\u00e1ln\u011b p\u0159ita\u017eliv\u00fd, ale zaji\u0161\u0165uje i stabilitu a lehkost cel\u00e9ho kusu. D\u00edky sv\u00e9 sb\u011bratelsk\u00e9 hodnot\u011b oslov\u00ed jist\u011b nejen milovn\u00edky designu 70. let minul\u00e9ho stolet\u00ed.<\/p>\n<p>Stav: p\u016fvodn\u00ed, na jedn\u00e9 stran\u011b drobn\u00e1 prasklina<br \/>\nZna\u010dka: Casala<br \/>\nRozm\u011br<br \/>\nV\u00fd\u0161ka: 80 cm<br \/>\nHloubka: 53 cm<br \/>\n\u0160\u00ed\u0159ka: 51 cm<br \/>\nV\u00fd\u0161ka sed\u00e1ku: 43 cm<br \/>\nHloubka sed\u00e1ku: 41 cm<br \/>\nV\u00e1ha: 16,1 kg<\/p>\n<p>&nbsp;<\/p>\n","protected":false},"excerpt":{"rendered":"<p>Ikonick\u00e1 \u017eidle Casalino (model 2001\/2002) z b\u00edl\u00e9ho plastu s p\u016fvodn\u00edm sed\u00e1kem v hn\u011bd\u00e9 barv\u011b. Tento model navrhl v roce 1970<\/p>\n","protected":false},"featured_media":29832,"template":"","meta":[],"product_brand":[],"product_cat":[91],"product_tag":[],"class_list":{"0":"post-29830","1":"product","2":"type-product","3":"status-publish","4":"has-post-thumbnail","6":"product_cat-prodane","7":"product_shipping_class-nadrozmerne","9":"first","10":"outofstock","11":"purchasable","12":"product-type-simple"},"_links":{"self":[{"href":"https:\/\/eterle.cz\/eshop\/wp-json\/wp\/v2\/product\/29830","targetHints":{"allow":["GET"]}}],"collection":[{"href":"https:\/\/eterle.cz\/eshop\/wp-json\/wp\/v2\/product"}],"about":[{"href":"https:\/\/eterle.cz\/eshop\/wp-json\/wp\/v2\/types\/product"}],"version-history":[{"count":2,"href":"https:\/\/eterle.cz\/eshop\/wp-json\/wp\/v2\/product\/29830\/revisions"}],"predecessor-version":[{"id":31351,"href":"https:\/\/eterle.cz\/eshop\/wp-json\/wp\/v2\/product\/29830\/revisions\/31351"}],"wp:featuredmedia":[{"embeddable":true,"href":"https:\/\/eterle.cz\/eshop\/wp-json\/wp\/v2\/media\/29832"}],"wp:attachment":[{"href":"https:\/\/eterle.cz\/eshop\/wp-json\/wp\/v2\/media?parent=29830"}],"wp:term":[{"taxonomy":"product_brand","embeddable":true,"href":"https:\/\/eterle.cz\/eshop\/wp-json\/wp\/v2\/product_brand?post=29830"},{"taxonomy":"product_cat","embeddable":true,"href":"https:\/\/eterle.cz\/eshop\/wp-json\/wp\/v2\/product_cat?post=29830"},{"taxonomy":"product_tag","embeddable":true,"href":"https:\/\/eterle.cz\/eshop\/wp-json\/wp\/v2\/product_tag?post=29830"}],"curies":[{"name":"wp","href":"https:\/\/api.w.org\/{rel}","templated":true}]}}