{"id":29839,"date":"2025-10-19T22:34:50","date_gmt":"2025-10-19T20:34:50","guid":{"rendered":"https:\/\/eterle.cz\/eshop\/produkt\/set-skladacich-zidli-4ks\/"},"modified":"2025-11-20T22:02:55","modified_gmt":"2025-11-20T21:02:55","slug":"set-skladacich-zidli-4ks","status":"publish","type":"product","link":"https:\/\/eterle.cz\/eshop\/produkt\/set-skladacich-zidli-4ks\/","title":{"rendered":"Set skl\u00e1dac\u00edch \u017eidl\u00ed (4ks)"},"content":{"rendered":"<p>Praktick\u00e1 skl\u00e1dac\u00ed \u017eidle z oh\u00fdban\u00e9ho d\u0159eva s lakovan\u00fdm sed\u00e1kem z lat\u011bk a op\u011brkou s ru\u010dn\u011b vypl\u00e9tan\u00fdm r\u00e1kosov\u00fdm v\u00fdpletem. Spojuje jednoduchost, funk\u010dnost a jemn\u00e9 retro kouzlo. D\u00edky skl\u00e1dac\u00edmu mechanismu se snadno skladuje a hod\u00ed se jako dopl\u0148kov\u00e9 sezen\u00ed do interi\u00e9ru i na krytou terasu.<\/p>\n<p>Stav: Velmi dobr\u00fd, p\u016fvodn\u00ed<br \/>\nRozm\u011br<br \/>\nV\u00fd\u0161ka: 81 cm<br \/>\nHloubka: 50 cm<br \/>\n\u0160\u00ed\u0159ka: 44 cm<br \/>\nV\u00fd\u0161ka sed\u00e1ku: 44 cm<br \/>\nHloubka sed\u00e1ku: 38 cm<br \/>\nV\u00e1ha: 18 kg (4ks)<\/p>\n<p>&nbsp;<\/p>\n","protected":false},"excerpt":{"rendered":"<p>Praktick\u00e1 skl\u00e1dac\u00ed \u017eidle z oh\u00fdban\u00e9ho d\u0159eva s lakovan\u00fdm sed\u00e1kem z lat\u011bk a op\u011brkou s ru\u010dn\u011b vypl\u00e9tan\u00fdm r\u00e1kosov\u00fdm v\u00fdpletem. Spojuje jednoduchost,<\/p>\n","protected":false},"featured_media":29841,"template":"","meta":[],"product_brand":[],"product_cat":[91],"product_tag":[],"class_list":{"0":"post-29839","1":"product","2":"type-product","3":"status-publish","4":"has-post-thumbnail","6":"product_cat-prodane","7":"product_shipping_class-nadrozmerne","9":"first","10":"outofstock","11":"purchasable","12":"product-type-simple"},"_links":{"self":[{"href":"https:\/\/eterle.cz\/eshop\/wp-json\/wp\/v2\/product\/29839","targetHints":{"allow":["GET"]}}],"collection":[{"href":"https:\/\/eterle.cz\/eshop\/wp-json\/wp\/v2\/product"}],"about":[{"href":"https:\/\/eterle.cz\/eshop\/wp-json\/wp\/v2\/types\/product"}],"version-history":[{"count":1,"href":"https:\/\/eterle.cz\/eshop\/wp-json\/wp\/v2\/product\/29839\/revisions"}],"predecessor-version":[{"id":29840,"href":"https:\/\/eterle.cz\/eshop\/wp-json\/wp\/v2\/product\/29839\/revisions\/29840"}],"wp:featuredmedia":[{"embeddable":true,"href":"https:\/\/eterle.cz\/eshop\/wp-json\/wp\/v2\/media\/29841"}],"wp:attachment":[{"href":"https:\/\/eterle.cz\/eshop\/wp-json\/wp\/v2\/media?parent=29839"}],"wp:term":[{"taxonomy":"product_brand","embeddable":true,"href":"https:\/\/eterle.cz\/eshop\/wp-json\/wp\/v2\/product_brand?post=29839"},{"taxonomy":"product_cat","embeddable":true,"href":"https:\/\/eterle.cz\/eshop\/wp-json\/wp\/v2\/product_cat?post=29839"},{"taxonomy":"product_tag","embeddable":true,"href":"https:\/\/eterle.cz\/eshop\/wp-json\/wp\/v2\/product_tag?post=29839"}],"curies":[{"name":"wp","href":"https:\/\/api.w.org\/{rel}","templated":true}]}}