{"id":29849,"date":"2025-10-19T22:34:56","date_gmt":"2025-10-19T20:34:56","guid":{"rendered":"https:\/\/eterle.cz\/eshop\/produkt\/art-deco-skrinka\/"},"modified":"2025-12-29T19:43:45","modified_gmt":"2025-12-29T18:43:45","slug":"art-deco-skrinka","status":"publish","type":"product","link":"https:\/\/eterle.cz\/eshop\/produkt\/art-deco-skrinka\/","title":{"rendered":"Art deco sk\u0159\u00ed\u0148ka"},"content":{"rendered":"<p>Elegantn\u00ed p\u0159\u00edborn\u00edk s v\u00fdraznou kresbou exotick\u00e9 d\u00fdhy a typick\u00fdmi obl\u00fdmi hranami, kter\u00e9 odkazuj\u00ed na n\u00e1bytkov\u00fd design 30. let minul\u00e9ho stolet\u00ed. Horn\u00ed \u010d\u00e1st s posuvn\u00fdmi sklen\u011bn\u00fdmi dv\u00ed\u0159ky slou\u017e\u00ed jako vitr\u00edna, spodn\u00ed sk\u0159\u00ed\u0148ka s \u00falo\u017en\u00fdm prostorem pak nab\u00edz\u00ed praktick\u00e9 vyu\u017eit\u00ed v j\u00eddeln\u011b \u010di ob\u00fdvac\u00edm pokoji. Kus, kter\u00fd spojuje funk\u010dnost s estetickou noblesou obdob\u00ed art deco.<\/p>\n<p>Stav: velmi dobr\u00fd p\u016fvodn\u00ed<br \/>\nRozm\u011br<br \/>\nV\u00fd\u0161ka: 81.5 cm<br \/>\n\u0160\u00ed\u0159ka: 74.5 cm<br \/>\nHloubka: 40 cm<br \/>\nV\u00e1ha: 25,1 kg<\/p>\n<p>&nbsp;<\/p>\n","protected":false},"excerpt":{"rendered":"<p>Elegantn\u00ed p\u0159\u00edborn\u00edk s v\u00fdraznou kresbou exotick\u00e9 d\u00fdhy a typick\u00fdmi obl\u00fdmi hranami, kter\u00e9 odkazuj\u00ed na n\u00e1bytkov\u00fd design 30. let minul\u00e9ho stolet\u00ed.<\/p>\n","protected":false},"featured_media":29851,"template":"","meta":[],"product_brand":[],"product_cat":[91],"product_tag":[],"class_list":{"0":"post-29849","1":"product","2":"type-product","3":"status-publish","4":"has-post-thumbnail","6":"product_cat-prodane","7":"product_shipping_class-nadrozmerne","9":"first","10":"instock","11":"purchasable","12":"product-type-simple"},"_links":{"self":[{"href":"https:\/\/eterle.cz\/eshop\/wp-json\/wp\/v2\/product\/29849","targetHints":{"allow":["GET"]}}],"collection":[{"href":"https:\/\/eterle.cz\/eshop\/wp-json\/wp\/v2\/product"}],"about":[{"href":"https:\/\/eterle.cz\/eshop\/wp-json\/wp\/v2\/types\/product"}],"version-history":[{"count":3,"href":"https:\/\/eterle.cz\/eshop\/wp-json\/wp\/v2\/product\/29849\/revisions"}],"predecessor-version":[{"id":32953,"href":"https:\/\/eterle.cz\/eshop\/wp-json\/wp\/v2\/product\/29849\/revisions\/32953"}],"wp:featuredmedia":[{"embeddable":true,"href":"https:\/\/eterle.cz\/eshop\/wp-json\/wp\/v2\/media\/29851"}],"wp:attachment":[{"href":"https:\/\/eterle.cz\/eshop\/wp-json\/wp\/v2\/media?parent=29849"}],"wp:term":[{"taxonomy":"product_brand","embeddable":true,"href":"https:\/\/eterle.cz\/eshop\/wp-json\/wp\/v2\/product_brand?post=29849"},{"taxonomy":"product_cat","embeddable":true,"href":"https:\/\/eterle.cz\/eshop\/wp-json\/wp\/v2\/product_cat?post=29849"},{"taxonomy":"product_tag","embeddable":true,"href":"https:\/\/eterle.cz\/eshop\/wp-json\/wp\/v2\/product_tag?post=29849"}],"curies":[{"name":"wp","href":"https:\/\/api.w.org\/{rel}","templated":true}]}}