{"id":29861,"date":"2025-10-19T22:35:04","date_gmt":"2025-10-19T20:35:04","guid":{"rendered":"https:\/\/eterle.cz\/eshop\/produkt\/konferencni-stolek-12\/"},"modified":"2025-11-20T22:01:24","modified_gmt":"2025-11-20T21:01:24","slug":"konferencni-stolek-12","status":"publish","type":"product","link":"https:\/\/eterle.cz\/eshop\/produkt\/konferencni-stolek-12\/","title":{"rendered":"Konferen\u010dn\u00ed stolek"},"content":{"rendered":"<p>Lehkost modern\u00edho designu spojen\u00e1 s \u0159emeslnou preciznost\u00ed. Tento elegantn\u00ed stolek s horn\u00ed sklen\u011bnou deskou a ni\u017e\u0161\u00ed odkl\u00e1dac\u00ed polic\u00ed s typick\u00fdm \u017eebrov\u00edm nese znaky tvorby d\u00edlen \u00daLUV \u2014 jednoduch\u00e9 linie, kvalitn\u00ed materi\u00e1l a poctiv\u00e9 zpracov\u00e1n\u00ed. Konstrukce z masivn\u00edho d\u0159eva p\u016fsob\u00ed vzdu\u0161n\u011b, p\u0159esto pevn\u011b, a \u0161ikm\u00e9 nohy dod\u00e1vaj\u00ed cel\u00e9 siluet\u011b jemnou dynamiku. Vhodn\u00fd jako konferen\u010dn\u00ed nebo dopl\u0148kov\u00fd stolek do ob\u00fdvac\u00edho pokoje \u010di \u010dtec\u00edho koutku. Nad\u010dasov\u00fd kus, kter\u00fd v sob\u011b spojuje teplo d\u0159eva a eleganci \u010deskoslovensk\u00e9ho pov\u00e1le\u010dn\u00e9ho designu.<\/p>\n<p>Stav: velmi dobr\u00fd p\u016fvodn\u00ed<br \/>\nRozm\u011br<br \/>\nV\u00fd\u0161ka: 56. cm<br \/>\n\u0160\u00ed\u0159ka: 75 cm<br \/>\nHloubka: 50 cm<br \/>\nV\u00e1ha: 10,7 kg<\/p>\n<p>&nbsp;<\/p>\n","protected":false},"excerpt":{"rendered":"<p>Lehkost modern\u00edho designu spojen\u00e1 s \u0159emeslnou preciznost\u00ed. Tento elegantn\u00ed stolek s horn\u00ed sklen\u011bnou deskou a ni\u017e\u0161\u00ed odkl\u00e1dac\u00ed polic\u00ed s typick\u00fdm<\/p>\n","protected":false},"featured_media":29863,"template":"","meta":[],"product_brand":[],"product_cat":[91],"product_tag":[],"class_list":{"0":"post-29861","1":"product","2":"type-product","3":"status-publish","4":"has-post-thumbnail","6":"product_cat-prodane","7":"product_shipping_class-nadrozmerne","9":"first","10":"outofstock","11":"purchasable","12":"product-type-simple"},"_links":{"self":[{"href":"https:\/\/eterle.cz\/eshop\/wp-json\/wp\/v2\/product\/29861","targetHints":{"allow":["GET"]}}],"collection":[{"href":"https:\/\/eterle.cz\/eshop\/wp-json\/wp\/v2\/product"}],"about":[{"href":"https:\/\/eterle.cz\/eshop\/wp-json\/wp\/v2\/types\/product"}],"version-history":[{"count":1,"href":"https:\/\/eterle.cz\/eshop\/wp-json\/wp\/v2\/product\/29861\/revisions"}],"predecessor-version":[{"id":29862,"href":"https:\/\/eterle.cz\/eshop\/wp-json\/wp\/v2\/product\/29861\/revisions\/29862"}],"wp:featuredmedia":[{"embeddable":true,"href":"https:\/\/eterle.cz\/eshop\/wp-json\/wp\/v2\/media\/29863"}],"wp:attachment":[{"href":"https:\/\/eterle.cz\/eshop\/wp-json\/wp\/v2\/media?parent=29861"}],"wp:term":[{"taxonomy":"product_brand","embeddable":true,"href":"https:\/\/eterle.cz\/eshop\/wp-json\/wp\/v2\/product_brand?post=29861"},{"taxonomy":"product_cat","embeddable":true,"href":"https:\/\/eterle.cz\/eshop\/wp-json\/wp\/v2\/product_cat?post=29861"},{"taxonomy":"product_tag","embeddable":true,"href":"https:\/\/eterle.cz\/eshop\/wp-json\/wp\/v2\/product_tag?post=29861"}],"curies":[{"name":"wp","href":"https:\/\/api.w.org\/{rel}","templated":true}]}}