{"id":29890,"date":"2025-10-19T22:35:22","date_gmt":"2025-10-19T20:35:22","guid":{"rendered":"https:\/\/eterle.cz\/eshop\/produkt\/pojizdny-stolecek\/"},"modified":"2025-12-05T22:25:31","modified_gmt":"2025-12-05T21:25:31","slug":"pojizdny-stolecek","status":"publish","type":"product","link":"https:\/\/eterle.cz\/eshop\/produkt\/pojizdny-stolecek\/","title":{"rendered":"Poj\u00edzdn\u00fd stole\u010dek"},"content":{"rendered":"<p>Elegantn\u00ed serv\u00edrovac\u00ed stolek s organicky tvarovanou horn\u00ed deskou a jemn\u011b zaoblen\u00fdmi liniemi, kter\u00e9 odkazuj\u00ed na vliv skandin\u00e1vsk\u00e9ho designu. Ide\u00e1ln\u00ed jako poj\u00edzdn\u00fd bar, \u010dajov\u00fd stolek nebo stylov\u00fd dopln\u011bk do ob\u00fdvac\u00edho pokoje.<\/p>\n<p>Stav: velmi dobr\u00fd p\u016fvodn\u00ed<br \/>\nRozm\u011br<br \/>\nV\u00fd\u0161ka: 57 cm<br \/>\n\u0160\u00ed\u0159ka: 72 cm<br \/>\nHloubka: 44 cm<br \/>\nV\u00e1ha: 5,8 kg<\/p>\n<p>&nbsp;<\/p>\n","protected":false},"excerpt":{"rendered":"<p>Elegantn\u00ed serv\u00edrovac\u00ed stolek s organicky tvarovanou horn\u00ed deskou a jemn\u011b zaoblen\u00fdmi liniemi, kter\u00e9 odkazuj\u00ed na vliv skandin\u00e1vsk\u00e9ho designu. Ide\u00e1ln\u00ed jako<\/p>\n","protected":false},"featured_media":29892,"template":"","meta":[],"product_brand":[],"product_cat":[130,124],"product_tag":[],"class_list":{"0":"post-29890","1":"product","2":"type-product","3":"status-publish","4":"has-post-thumbnail","6":"product_cat-nabytek","7":"product_cat-stoly","8":"product_shipping_class-nadrozmerne","10":"first","11":"instock","12":"purchasable","13":"product-type-simple"},"_links":{"self":[{"href":"https:\/\/eterle.cz\/eshop\/wp-json\/wp\/v2\/product\/29890","targetHints":{"allow":["GET"]}}],"collection":[{"href":"https:\/\/eterle.cz\/eshop\/wp-json\/wp\/v2\/product"}],"about":[{"href":"https:\/\/eterle.cz\/eshop\/wp-json\/wp\/v2\/types\/product"}],"version-history":[{"count":1,"href":"https:\/\/eterle.cz\/eshop\/wp-json\/wp\/v2\/product\/29890\/revisions"}],"predecessor-version":[{"id":29891,"href":"https:\/\/eterle.cz\/eshop\/wp-json\/wp\/v2\/product\/29890\/revisions\/29891"}],"wp:featuredmedia":[{"embeddable":true,"href":"https:\/\/eterle.cz\/eshop\/wp-json\/wp\/v2\/media\/29892"}],"wp:attachment":[{"href":"https:\/\/eterle.cz\/eshop\/wp-json\/wp\/v2\/media?parent=29890"}],"wp:term":[{"taxonomy":"product_brand","embeddable":true,"href":"https:\/\/eterle.cz\/eshop\/wp-json\/wp\/v2\/product_brand?post=29890"},{"taxonomy":"product_cat","embeddable":true,"href":"https:\/\/eterle.cz\/eshop\/wp-json\/wp\/v2\/product_cat?post=29890"},{"taxonomy":"product_tag","embeddable":true,"href":"https:\/\/eterle.cz\/eshop\/wp-json\/wp\/v2\/product_tag?post=29890"}],"curies":[{"name":"wp","href":"https:\/\/api.w.org\/{rel}","templated":true}]}}