{"id":29953,"date":"2025-10-19T22:36:02","date_gmt":"2025-10-19T20:36:02","guid":{"rendered":"https:\/\/eterle.cz\/eshop\/produkt\/jidelni-stul-jitona\/"},"modified":"2025-11-20T17:09:21","modified_gmt":"2025-11-20T16:09:21","slug":"jidelni-stul-jitona","status":"publish","type":"product","link":"https:\/\/eterle.cz\/eshop\/produkt\/jidelni-stul-jitona\/","title":{"rendered":"J\u00eddeln\u00ed st\u016fl \/ Jitona"},"content":{"rendered":"<p>Klasick\u00fd j\u00eddeln\u00ed st\u016fl z produkce Jitona Sob\u011bslav, p\u0159edstavuj\u00edc\u00ed typick\u00fd p\u0159\u00edklad st\u0159\u00eddm\u00e9ho a z\u00e1rove\u0148 funk\u010dn\u00edho designu \u010deskoslovensk\u00e9ho pov\u00e1le\u010dn\u00e9ho n\u00e1bytku. Jednoduch\u00e9 linie, jemn\u011b zaoblen\u00e9 hrany a elegantn\u00ed ku\u017eelov\u00e9 nohy podtrhuj\u00ed jeho lehkost a nad\u010dasovost. Povrch je d\u00fdhovan\u00fd p\u0159\u00edrodn\u00edm d\u0159evem s tepl\u00fdm medov\u00fdm odst\u00ednem. St\u016fl lze snadno rozlo\u017eit a zv\u011bt\u0161it tak plochu pro pohodln\u00e9 stolov\u00e1n\u00ed.<\/p>\n<p>Stav: dobr\u00fd p\u016fvodn\u00ed, na rohu trochu vy\u0161t\u00edpnut\u00fd<br \/>\nRozm\u011br<br \/>\nV\u00fd\u0161ka: 76 cm<br \/>\n\u0160\u00ed\u0159ka: 85 cm<br \/>\nD\u00e9lka: 120 cm<br \/>\nD\u00e9lka rozlo\u017een\u00fd: 163 cm<br \/>\nV\u00e1ha: 30,4 kg<\/p>\n<p>&nbsp;<\/p>\n","protected":false},"excerpt":{"rendered":"<p>Klasick\u00fd j\u00eddeln\u00ed st\u016fl z produkce Jitona Sob\u011bslav, p\u0159edstavuj\u00edc\u00ed typick\u00fd p\u0159\u00edklad st\u0159\u00eddm\u00e9ho a z\u00e1rove\u0148 funk\u010dn\u00edho designu \u010deskoslovensk\u00e9ho pov\u00e1le\u010dn\u00e9ho n\u00e1bytku. Jednoduch\u00e9 linie,<\/p>\n","protected":false},"featured_media":29955,"template":"","meta":[],"product_brand":[],"product_cat":[91],"product_tag":[],"class_list":{"0":"post-29953","1":"product","2":"type-product","3":"status-publish","4":"has-post-thumbnail","6":"product_cat-prodane","7":"product_shipping_class-nadrozmerne","9":"first","10":"instock","11":"purchasable","12":"product-type-simple"},"_links":{"self":[{"href":"https:\/\/eterle.cz\/eshop\/wp-json\/wp\/v2\/product\/29953","targetHints":{"allow":["GET"]}}],"collection":[{"href":"https:\/\/eterle.cz\/eshop\/wp-json\/wp\/v2\/product"}],"about":[{"href":"https:\/\/eterle.cz\/eshop\/wp-json\/wp\/v2\/types\/product"}],"version-history":[{"count":4,"href":"https:\/\/eterle.cz\/eshop\/wp-json\/wp\/v2\/product\/29953\/revisions"}],"predecessor-version":[{"id":31682,"href":"https:\/\/eterle.cz\/eshop\/wp-json\/wp\/v2\/product\/29953\/revisions\/31682"}],"wp:featuredmedia":[{"embeddable":true,"href":"https:\/\/eterle.cz\/eshop\/wp-json\/wp\/v2\/media\/29955"}],"wp:attachment":[{"href":"https:\/\/eterle.cz\/eshop\/wp-json\/wp\/v2\/media?parent=29953"}],"wp:term":[{"taxonomy":"product_brand","embeddable":true,"href":"https:\/\/eterle.cz\/eshop\/wp-json\/wp\/v2\/product_brand?post=29953"},{"taxonomy":"product_cat","embeddable":true,"href":"https:\/\/eterle.cz\/eshop\/wp-json\/wp\/v2\/product_cat?post=29953"},{"taxonomy":"product_tag","embeddable":true,"href":"https:\/\/eterle.cz\/eshop\/wp-json\/wp\/v2\/product_tag?post=29953"}],"curies":[{"name":"wp","href":"https:\/\/api.w.org\/{rel}","templated":true}]}}