{"id":29965,"date":"2025-10-19T22:36:11","date_gmt":"2025-10-19T20:36:11","guid":{"rendered":"https:\/\/eterle.cz\/eshop\/produkt\/stolek-se-zrcadlem-halabala\/"},"modified":"2025-12-05T22:26:22","modified_gmt":"2025-12-05T21:26:22","slug":"stolek-se-zrcadlem-halabala","status":"publish","type":"product","link":"https:\/\/eterle.cz\/eshop\/produkt\/stolek-se-zrcadlem-halabala\/","title":{"rendered":"Stolek se zrcadlem \/ Halabala"},"content":{"rendered":"<p>Elegantn\u00ed sestava z n\u00e1vrh\u00e1\u0159sk\u00e9 d\u00edlny Jind\u0159icha Halabaly. Obvykle se prod\u00e1v\u00e1 jako dva samostatn\u00e9 kusy &#8211; minibar a zrcadlo s poli\u010dkou. P\u016fvodn\u00ed majitelka v\u0161ak m\u011bla v lo\u017enici jako sestavu tvo\u0159\u00edc\u00ed toaletn\u00ed stolek. Nech\u00e1te se inspirovat touto neobvyklou kombinac\u00ed nebo pou\u017eijete jako zrcadlo do chodby a minibar do pracovny \u010di ob\u00fdvac\u00edho pokoje?<\/p>\n<p>Stav: dobr\u00fd zachoval\u00fd, zrcadlo uvnit\u0159 stolku s patinou &#8211; \u010dern\u00e9 fl\u00ed\u010dky<br \/>\nZna\u010dka: Hlabala<br \/>\nRozm\u011bry<br \/>\nStolek<br \/>\nV\u00fd\u0161ka: 62 cm<br \/>\n\u0160\u00ed\u0159ka: 64 cm<br \/>\nHloubka: 42 cm<br \/>\nZrcadlo<br \/>\nV\u00fd\u0161ka: 155 cm<br \/>\n\u0160\u00ed\u0159ka: 45 cm<br \/>\n\u0160\u00ed\u0159ka s poli\u010dkou: 53 cm<br \/>\nV\u00e1ha: 17,5 + 9,1 kg<\/p>\n<p>&nbsp;<\/p>\n","protected":false},"excerpt":{"rendered":"<p>Elegantn\u00ed sestava z n\u00e1vrh\u00e1\u0159sk\u00e9 d\u00edlny Jind\u0159icha Halabaly. Obvykle se prod\u00e1v\u00e1 jako dva samostatn\u00e9 kusy &#8211; minibar a zrcadlo s poli\u010dkou.<\/p>\n","protected":false},"featured_media":29967,"template":"","meta":[],"product_brand":[],"product_cat":[130,139,124],"product_tag":[],"class_list":{"0":"post-29965","1":"product","2":"type-product","3":"status-publish","4":"has-post-thumbnail","6":"product_cat-nabytek","7":"product_cat-postele-a-loznice","8":"product_cat-stoly","9":"product_shipping_class-nadrozmerne","11":"first","12":"instock","13":"purchasable","14":"product-type-simple"},"_links":{"self":[{"href":"https:\/\/eterle.cz\/eshop\/wp-json\/wp\/v2\/product\/29965","targetHints":{"allow":["GET"]}}],"collection":[{"href":"https:\/\/eterle.cz\/eshop\/wp-json\/wp\/v2\/product"}],"about":[{"href":"https:\/\/eterle.cz\/eshop\/wp-json\/wp\/v2\/types\/product"}],"version-history":[{"count":1,"href":"https:\/\/eterle.cz\/eshop\/wp-json\/wp\/v2\/product\/29965\/revisions"}],"predecessor-version":[{"id":29966,"href":"https:\/\/eterle.cz\/eshop\/wp-json\/wp\/v2\/product\/29965\/revisions\/29966"}],"wp:featuredmedia":[{"embeddable":true,"href":"https:\/\/eterle.cz\/eshop\/wp-json\/wp\/v2\/media\/29967"}],"wp:attachment":[{"href":"https:\/\/eterle.cz\/eshop\/wp-json\/wp\/v2\/media?parent=29965"}],"wp:term":[{"taxonomy":"product_brand","embeddable":true,"href":"https:\/\/eterle.cz\/eshop\/wp-json\/wp\/v2\/product_brand?post=29965"},{"taxonomy":"product_cat","embeddable":true,"href":"https:\/\/eterle.cz\/eshop\/wp-json\/wp\/v2\/product_cat?post=29965"},{"taxonomy":"product_tag","embeddable":true,"href":"https:\/\/eterle.cz\/eshop\/wp-json\/wp\/v2\/product_tag?post=29965"}],"curies":[{"name":"wp","href":"https:\/\/api.w.org\/{rel}","templated":true}]}}