{"id":29988,"date":"2025-10-19T22:36:28","date_gmt":"2025-10-19T20:36:28","guid":{"rendered":"https:\/\/eterle.cz\/eshop\/produkt\/chromovy-gauc\/"},"modified":"2025-11-12T20:51:48","modified_gmt":"2025-11-12T19:51:48","slug":"chromovy-gauc","status":"publish","type":"product","link":"https:\/\/eterle.cz\/eshop\/produkt\/chromovy-gauc\/","title":{"rendered":"Chromov\u00fd gau\u010d"},"content":{"rendered":"<p>Minimalistick\u00e1 pohovka z oh\u00fdban\u00fdch ocelov\u00fdch trubek navr\u017een\u00e1 ve funkcionalistick\u00e9m duchu 30. let minul\u00e9ho stolet\u00ed. Tvarov\u00e9 \u0159e\u0161en\u00ed a materi\u00e1lov\u00e1 skladba odkazuj\u00ed na n\u00e1vrhy Antona Lorenze, nicm\u00e9n\u011b konstruk\u010dn\u00ed detaily \u2013 zejm\u00e9na ploch\u00fd ohyb nohou a vertik\u00e1ln\u00ed \u010dlen\u011bn\u00ed zadn\u00ed op\u011brky \u2013 nazna\u010duj\u00ed, \u017ee se s nejv\u011bt\u0161\u00ed pravd\u011bpodobnost\u00ed jedn\u00e1 o \u010deskoslovenskou v\u00fdrobu z meziv\u00e1le\u010dn\u00e9ho obdob\u00ed.<\/p>\n<p>Stav: dobr\u00fd s patinou, nohy nesou zn\u00e1mky ob\u010dasn\u00e9 koroze<br \/>\nRozm\u011br<br \/>\nV\u00fd\u0161ka: 66 cm<br \/>\nHloubka: 85 cm<br \/>\nD\u00e9lka: 193 cm<br \/>\nD\u00e9lka pro matraci: 183 cm<br \/>\n\u0160\u00ed\u0159ka pro matraci: 85 cm<br \/>\nV\u00e1ha: 28,5 kg<\/p>\n<p>&nbsp;<\/p>\n","protected":false},"excerpt":{"rendered":"<p>Minimalistick\u00e1 pohovka z oh\u00fdban\u00fdch ocelov\u00fdch trubek navr\u017een\u00e1 ve funkcionalistick\u00e9m duchu 30. let minul\u00e9ho stolet\u00ed. Tvarov\u00e9 \u0159e\u0161en\u00ed a materi\u00e1lov\u00e1 skladba odkazuj\u00ed<\/p>\n","protected":false},"featured_media":29990,"template":"","meta":[],"product_brand":[],"product_cat":[91],"product_tag":[],"class_list":{"0":"post-29988","1":"product","2":"type-product","3":"status-publish","4":"has-post-thumbnail","6":"product_cat-prodane","7":"product_shipping_class-nadrozmerne","9":"first","10":"outofstock","11":"purchasable","12":"product-type-simple"},"_links":{"self":[{"href":"https:\/\/eterle.cz\/eshop\/wp-json\/wp\/v2\/product\/29988","targetHints":{"allow":["GET"]}}],"collection":[{"href":"https:\/\/eterle.cz\/eshop\/wp-json\/wp\/v2\/product"}],"about":[{"href":"https:\/\/eterle.cz\/eshop\/wp-json\/wp\/v2\/types\/product"}],"version-history":[{"count":3,"href":"https:\/\/eterle.cz\/eshop\/wp-json\/wp\/v2\/product\/29988\/revisions"}],"predecessor-version":[{"id":31459,"href":"https:\/\/eterle.cz\/eshop\/wp-json\/wp\/v2\/product\/29988\/revisions\/31459"}],"wp:featuredmedia":[{"embeddable":true,"href":"https:\/\/eterle.cz\/eshop\/wp-json\/wp\/v2\/media\/29990"}],"wp:attachment":[{"href":"https:\/\/eterle.cz\/eshop\/wp-json\/wp\/v2\/media?parent=29988"}],"wp:term":[{"taxonomy":"product_brand","embeddable":true,"href":"https:\/\/eterle.cz\/eshop\/wp-json\/wp\/v2\/product_brand?post=29988"},{"taxonomy":"product_cat","embeddable":true,"href":"https:\/\/eterle.cz\/eshop\/wp-json\/wp\/v2\/product_cat?post=29988"},{"taxonomy":"product_tag","embeddable":true,"href":"https:\/\/eterle.cz\/eshop\/wp-json\/wp\/v2\/product_tag?post=29988"}],"curies":[{"name":"wp","href":"https:\/\/api.w.org\/{rel}","templated":true}]}}