{"id":30026,"date":"2025-10-20T11:23:03","date_gmt":"2025-10-20T09:23:03","guid":{"rendered":"https:\/\/eterle.cz\/eshop\/produkt\/sada-6-sklenic-na-whisky\/"},"modified":"2025-12-05T22:26:22","modified_gmt":"2025-12-05T21:26:22","slug":"sada-6-sklenic-na-whisky","status":"publish","type":"product","link":"https:\/\/eterle.cz\/eshop\/produkt\/sada-6-sklenic-na-whisky\/","title":{"rendered":"Sada 6 sklenic na whisky"},"content":{"rendered":"<p>Sada \u0161esti elegantn\u00edch sklenic s dekorem platinov\u00fdch prou\u017ek\u016f. Minimalistick\u00fd tvar a decentn\u00ed lesk dod\u00e1vaj\u00ed prost\u0159en\u00e9mu stolu sofistikovan\u00fd n\u00e1dech.Sklenice jsou ide\u00e1ln\u00ed pro serv\u00edrov\u00e1n\u00ed whisky \u010di vody, kr\u00e1sn\u011b vyniknou v modern\u00edm i retro interi\u00e9ru.<\/p>\n<p>Stav: nov\u00e9<br \/>\nRozm\u011br<br \/>\nV\u00fd\u0161ka: 9 cm<br \/>\nObjem: 300 ml<\/p>\n<p>&nbsp;<\/p>\n","protected":false},"excerpt":{"rendered":"<p>Sada \u0161esti elegantn\u00edch sklenic s dekorem platinov\u00fdch prou\u017ek\u016f. Minimalistick\u00fd tvar a decentn\u00ed lesk dod\u00e1vaj\u00ed prost\u0159en\u00e9mu stolu sofistikovan\u00fd n\u00e1dech.Sklenice jsou ide\u00e1ln\u00ed<\/p>\n","protected":false},"featured_media":30028,"template":"","meta":[],"product_brand":[],"product_cat":[75,134],"product_tag":[],"class_list":{"0":"post-30026","1":"product","2":"type-product","3":"status-publish","4":"has-post-thumbnail","6":"product_cat-sklo","7":"product_cat-sklenice","9":"first","10":"instock","11":"purchasable","12":"product-type-simple"},"_links":{"self":[{"href":"https:\/\/eterle.cz\/eshop\/wp-json\/wp\/v2\/product\/30026","targetHints":{"allow":["GET"]}}],"collection":[{"href":"https:\/\/eterle.cz\/eshop\/wp-json\/wp\/v2\/product"}],"about":[{"href":"https:\/\/eterle.cz\/eshop\/wp-json\/wp\/v2\/types\/product"}],"version-history":[{"count":1,"href":"https:\/\/eterle.cz\/eshop\/wp-json\/wp\/v2\/product\/30026\/revisions"}],"predecessor-version":[{"id":30027,"href":"https:\/\/eterle.cz\/eshop\/wp-json\/wp\/v2\/product\/30026\/revisions\/30027"}],"wp:featuredmedia":[{"embeddable":true,"href":"https:\/\/eterle.cz\/eshop\/wp-json\/wp\/v2\/media\/30028"}],"wp:attachment":[{"href":"https:\/\/eterle.cz\/eshop\/wp-json\/wp\/v2\/media?parent=30026"}],"wp:term":[{"taxonomy":"product_brand","embeddable":true,"href":"https:\/\/eterle.cz\/eshop\/wp-json\/wp\/v2\/product_brand?post=30026"},{"taxonomy":"product_cat","embeddable":true,"href":"https:\/\/eterle.cz\/eshop\/wp-json\/wp\/v2\/product_cat?post=30026"},{"taxonomy":"product_tag","embeddable":true,"href":"https:\/\/eterle.cz\/eshop\/wp-json\/wp\/v2\/product_tag?post=30026"}],"curies":[{"name":"wp","href":"https:\/\/api.w.org\/{rel}","templated":true}]}}