{"id":30031,"date":"2025-10-20T11:23:10","date_gmt":"2025-10-20T09:23:10","guid":{"rendered":"https:\/\/eterle.cz\/eshop\/produkt\/dve-sklenice-na-koktejl\/"},"modified":"2025-12-05T22:26:22","modified_gmt":"2025-12-05T21:26:22","slug":"dve-sklenice-na-koktejl","status":"publish","type":"product","link":"https:\/\/eterle.cz\/eshop\/produkt\/dve-sklenice-na-koktejl\/","title":{"rendered":"Dv\u011b sklenice na koktejl"},"content":{"rendered":"<p>Dvojice elegantn\u00edch koktejlov\u00fdch sklenic s platinov\u00fdmi prou\u017eky, kter\u00e9 dod\u00e1vaj\u00ed klasick\u00e9mu tvaru sofistikovan\u00fd lesk. Ide\u00e1ln\u00ed pro martini, vermut \u010di dezertn\u00ed koktejly.<\/p>\n<p>Stav: nov\u00e9<br \/>\nRozm\u011br<br \/>\nObjem: 160  ml<\/p>\n<p>&nbsp;<\/p>\n","protected":false},"excerpt":{"rendered":"<p>Dvojice elegantn\u00edch koktejlov\u00fdch sklenic s platinov\u00fdmi prou\u017eky, kter\u00e9 dod\u00e1vaj\u00ed klasick\u00e9mu tvaru sofistikovan\u00fd lesk. Ide\u00e1ln\u00ed pro martini, vermut \u010di dezertn\u00ed koktejly.<\/p>\n","protected":false},"featured_media":30033,"template":"","meta":[],"product_brand":[],"product_cat":[75,134],"product_tag":[],"class_list":{"0":"post-30031","1":"product","2":"type-product","3":"status-publish","4":"has-post-thumbnail","6":"product_cat-sklo","7":"product_cat-sklenice","9":"first","10":"instock","11":"purchasable","12":"product-type-simple"},"_links":{"self":[{"href":"https:\/\/eterle.cz\/eshop\/wp-json\/wp\/v2\/product\/30031","targetHints":{"allow":["GET"]}}],"collection":[{"href":"https:\/\/eterle.cz\/eshop\/wp-json\/wp\/v2\/product"}],"about":[{"href":"https:\/\/eterle.cz\/eshop\/wp-json\/wp\/v2\/types\/product"}],"version-history":[{"count":1,"href":"https:\/\/eterle.cz\/eshop\/wp-json\/wp\/v2\/product\/30031\/revisions"}],"predecessor-version":[{"id":30032,"href":"https:\/\/eterle.cz\/eshop\/wp-json\/wp\/v2\/product\/30031\/revisions\/30032"}],"wp:featuredmedia":[{"embeddable":true,"href":"https:\/\/eterle.cz\/eshop\/wp-json\/wp\/v2\/media\/30033"}],"wp:attachment":[{"href":"https:\/\/eterle.cz\/eshop\/wp-json\/wp\/v2\/media?parent=30031"}],"wp:term":[{"taxonomy":"product_brand","embeddable":true,"href":"https:\/\/eterle.cz\/eshop\/wp-json\/wp\/v2\/product_brand?post=30031"},{"taxonomy":"product_cat","embeddable":true,"href":"https:\/\/eterle.cz\/eshop\/wp-json\/wp\/v2\/product_cat?post=30031"},{"taxonomy":"product_tag","embeddable":true,"href":"https:\/\/eterle.cz\/eshop\/wp-json\/wp\/v2\/product_tag?post=30031"}],"curies":[{"name":"wp","href":"https:\/\/api.w.org\/{rel}","templated":true}]}}